{"id":10939,"date":"2025-02-06T16:00:13","date_gmt":"2025-02-06T13:00:13","guid":{"rendered":"https:\/\/www.ipkb.gov.tr\/?page_id=10939"},"modified":"2025-02-06T16:00:13","modified_gmt":"2025-02-06T13:00:13","slug":"complaint-form","status":"publish","type":"page","link":"https:\/\/www.ipkb.gov.tr\/en\/complaint-form\/","title":{"rendered":"Complaint Form"},"content":{"rendered":"\n<div class=\"wpcf7 no-js\" id=\"wpcf7-f10938-o1\" lang=\"en-US\" dir=\"ltr\" data-wpcf7-id=\"10938\">\n<div class=\"screen-reader-response\"><p role=\"status\" aria-live=\"polite\" aria-atomic=\"true\"><\/p> <ul><\/ul><\/div>\n<form action=\"\/en\/wp-json\/wp\/v2\/pages\/10939#wpcf7-f10938-o1\" method=\"post\" class=\"wpcf7-form init\" aria-label=\"Contact form\" novalidate=\"novalidate\" data-status=\"init\">\n<fieldset class=\"hidden-fields-container\"><input type=\"hidden\" name=\"_wpcf7\" value=\"10938\" \/><input type=\"hidden\" name=\"_wpcf7_version\" value=\"6.1.5\" \/><input type=\"hidden\" name=\"_wpcf7_locale\" value=\"en_US\" \/><input type=\"hidden\" name=\"_wpcf7_unit_tag\" value=\"wpcf7-f10938-o1\" \/><input type=\"hidden\" name=\"_wpcf7_container_post\" value=\"0\" \/><input type=\"hidden\" name=\"_wpcf7_posted_data_hash\" value=\"\" \/><input type=\"hidden\" name=\"_wpcf7_recaptcha_response\" value=\"\" \/>\n<\/fieldset>\n<div class=\"row\">\n\t<div class=\"col-xs-12 col-md-6\">\n\t\t<p><span class=\"wpcf7-form-control-wrap\" data-name=\"fullname\"><input size=\"40\" maxlength=\"400\" class=\"wpcf7-form-control wpcf7-text form-control\" aria-invalid=\"false\" placeholder=\"Name, Surname *\" value=\"\" type=\"text\" name=\"fullname\" \/><\/span>\n\t\t<\/p>\n\t<\/div>\n\t<div class=\"col-xs-12 col-md-6\">\n\t\t<p><span class=\"wpcf7-form-control-wrap\" data-name=\"email\"><input size=\"40\" maxlength=\"400\" class=\"wpcf7-form-control wpcf7-email wpcf7-text wpcf7-validates-as-email form-control\" aria-invalid=\"false\" placeholder=\"Email *\" value=\"\" type=\"email\" name=\"email\" \/><\/span>\n\t\t<\/p>\n\t<\/div>\n<\/div>\n<div class=\"row\">\n\t<div class=\"col-xs-12 col-md-6\">\n\t\t<p><span class=\"wpcf7-form-control-wrap\" data-name=\"tckn\"><input size=\"40\" maxlength=\"400\" class=\"wpcf7-form-control wpcf7-text form-control\" aria-invalid=\"false\" placeholder=\"Identification Number *\" value=\"\" type=\"text\" name=\"tckn\" \/><\/span>\n\t\t<\/p>\n\t<\/div>\n\t<div class=\"col-xs-12 col-md-6\">\n\t\t<p><span class=\"wpcf7-form-control-wrap\" data-name=\"phone\"><input size=\"40\" maxlength=\"400\" class=\"wpcf7-form-control wpcf7-tel wpcf7-text wpcf7-validates-as-tel form-control\" aria-invalid=\"false\" placeholder=\"Phone *\" value=\"\" type=\"tel\" name=\"phone\" \/><\/span>\n\t\t<\/p>\n\t<\/div>\n<\/div>\n<div class=\"row\">\n\t<div class=\"col-xs-12 col-md-6\">\n\t\t<p><span class=\"wpcf7-form-control-wrap\" data-name=\"county\"><select class=\"wpcf7-form-control wpcf7-select\" aria-invalid=\"false\" name=\"county\"><option value=\"\">Province<\/option><option value=\"Adalar\">Adalar<\/option><option value=\"Arnavutk\u00f6y\">Arnavutk\u00f6y<\/option><option value=\"Ata\u015fehir\">Ata\u015fehir<\/option><option value=\"Avc\u0131lar\">Avc\u0131lar<\/option><option value=\"Ba\u011fc\u0131lar\">Ba\u011fc\u0131lar<\/option><option value=\"Bah\u00e7elievler\">Bah\u00e7elievler<\/option><option value=\"Bak\u0131rk\u00f6y\">Bak\u0131rk\u00f6y<\/option><option value=\"Ba\u015fak\u015fehir\">Ba\u015fak\u015fehir<\/option><option value=\"Bayrampa\u015fa\">Bayrampa\u015fa<\/option><option value=\"Be\u015fikta\u015f\">Be\u015fikta\u015f<\/option><option value=\"Beykoz\">Beykoz<\/option><option value=\"Beylikd\u00fcz\u00fc\">Beylikd\u00fcz\u00fc<\/option><option value=\"Beyo\u011flu\">Beyo\u011flu<\/option><option value=\"B\u00fcy\u00fck\u00e7ekmece\">B\u00fcy\u00fck\u00e7ekmece<\/option><option value=\"\u00c7atalca\">\u00c7atalca<\/option><option value=\"\u00c7ekmek\u00f6y\">\u00c7ekmek\u00f6y<\/option><option value=\"Esenler\">Esenler<\/option><option value=\"Esenyurt\">Esenyurt<\/option><option value=\"Ey\u00fcpsultan\">Ey\u00fcpsultan<\/option><option value=\"Fatih\">Fatih<\/option><option value=\"Gaziosmanpa\u015fa\">Gaziosmanpa\u015fa<\/option><option value=\"G\u00fcng\u00f6ren\">G\u00fcng\u00f6ren<\/option><option value=\"Kad\u0131k\u00f6y\">Kad\u0131k\u00f6y<\/option><option value=\"Ka\u011f\u0131thane\">Ka\u011f\u0131thane<\/option><option value=\"Kartal\">Kartal<\/option><option value=\"K\u00fc\u00e7\u00fck\u00e7ekmece\">K\u00fc\u00e7\u00fck\u00e7ekmece<\/option><option value=\"Maltepe\">Maltepe<\/option><option value=\"Pendik\">Pendik<\/option><option value=\"Sancaktepe\">Sancaktepe<\/option><option value=\"Sar\u0131yer\">Sar\u0131yer<\/option><option value=\"Silivri\">Silivri<\/option><option value=\"Sultanbeyli\">Sultanbeyli<\/option><option value=\"Sultangazi\">Sultangazi<\/option><option value=\"\u015eile\">\u015eile<\/option><option value=\"\u015ei\u015fli\">\u015ei\u015fli<\/option><option value=\"Tuzla\">Tuzla<\/option><option value=\"\u00dcmraniye\">\u00dcmraniye<\/option><option value=\"\u00dcsk\u00fcdar\">\u00dcsk\u00fcdar<\/option><option value=\"Zeytinburnu\">Zeytinburnu<\/option><option value=\"\u0130stanbul\">\u0130stanbul<\/option><\/select><\/span>\n\t\t<\/p>\n\t<\/div>\n\t<div class=\"col-xs-12 col-md-6\">\n\t\t<p><span class=\"wpcf7-form-control-wrap\" data-name=\"gender\"><select class=\"wpcf7-form-control wpcf7-select\" aria-invalid=\"false\" name=\"gender\"><option value=\"\">Gender<\/option><option value=\"Female\">Female<\/option><option value=\"Male\">Male<\/option><option value=\"I prefer not to specify.\">I prefer not to specify.<\/option><\/select><\/span>\n\t\t<\/p>\n\t<\/div>\n<\/div>\n<div class=\"row\">\n\t<div class=\"col-12\">\n\t\t<h3>Details of Complaint\n\t\t<\/h3>\n\t<\/div>\n<\/div>\n<div class=\"row\">\n\t<div class=\"col-12\">\n\t\t<p><span class=\"wpcf7-form-control-wrap\" data-name=\"complaint\"><textarea cols=\"40\" rows=\"3\" maxlength=\"2000\" class=\"wpcf7-form-control wpcf7-textarea wpcf7-validates-as-required form-control\" aria-required=\"true\" aria-invalid=\"false\" placeholder=\"Complaint **\" name=\"complaint\"><\/textarea><\/span><br \/>\n<span class=\"wpcf7-form-control-wrap\" data-name=\"proposed_solution\"><textarea cols=\"40\" rows=\"3\" maxlength=\"2000\" class=\"wpcf7-form-control wpcf7-textarea form-control\" aria-invalid=\"false\" placeholder=\"Solution requested by the Complainant\" name=\"proposed_solution\"><\/textarea><\/span>\n\t\t<\/p>\n\t\t<div class=\"wpcf7-notice\">\n\t\t\t<p>* You can fill it out anonymously without providing your credentials; however, we kindly ask you to specify how we can get back to you in this form.\n\t\t\t<\/p>\n\t\t<\/div>\n\t\t<div class=\"wpcf7-notice\">\n\t\t\t<p>** Marked fields are mandatory\n\t\t\t<\/p>\n\t\t<\/div>\n\t\t<div class=\"wpcf7-notice\">\n\t\t\t<p><small>This form is protected by reCAPTCHA, and the Google <a href=\"https:\/\/policies.google.com\/privacy\" target=\"_blank\" rel=\"noopener noreferrer\">Privacy Policy<\/a> and <a href=\"https:\/\/policies.google.com\/terms\" target=\"_blank\" rel=\"noopener noreferrer\">Terms of Service<\/a> apply.<\/small>\n\t\t\t<\/p>\n\t\t<\/div>\n\t\t<p><input class=\"wpcf7-form-control wpcf7-submit has-spinner btn btn-primary\" type=\"submit\" value=\"SEND\" \/>\n\t\t<\/p>\n\t<\/div>\n<\/div><div class=\"wpcf7-response-output\" aria-hidden=\"true\"><\/div>\n<\/form>\n<\/div>\n\n","protected":false},"excerpt":{"rendered":"","protected":false},"author":13,"featured_media":0,"parent":0,"menu_order":0,"comment_status":"closed","ping_status":"closed","template":"","meta":{"_acf_changed":false,"footnotes":""},"class_list":["post-10939","page","type-page","status-publish","hentry"],"acf":[],"yoast_head":"<!-- This site is optimized with the Yoast SEO plugin v27.4 - https:\/\/yoast.com\/product\/yoast-seo-wordpress\/ -->\n<title>Complaint Form - Istanbul Project Coordination Unit<\/title>\n<meta name=\"robots\" content=\"index, follow, max-snippet:-1, max-image-preview:large, max-video-preview:-1\" \/>\n<link rel=\"canonical\" href=\"https:\/\/www.ipkb.gov.tr\/en\/complaint-form\/\" \/>\n<meta property=\"og:locale\" content=\"en_US\" \/>\n<meta property=\"og:type\" content=\"article\" \/>\n<meta property=\"og:title\" content=\"Complaint Form - Istanbul Project Coordination Unit\" \/>\n<meta property=\"og:url\" content=\"https:\/\/www.ipkb.gov.tr\/en\/complaint-form\/\" \/>\n<meta property=\"og:site_name\" content=\"Istanbul Project Coordination Unit\" \/>\n<meta property=\"article:publisher\" content=\"https:\/\/www.facebook.com\/ipkbgovtr\/\" \/>\n<meta name=\"twitter:card\" content=\"summary_large_image\" \/>\n<meta name=\"twitter:site\" content=\"@ipkbgovtr\" \/>\n<meta name=\"twitter:label1\" content=\"Est. reading time\" \/>\n\t<meta name=\"twitter:data1\" content=\"1 minute\" \/>\n<script type=\"application\/ld+json\" class=\"yoast-schema-graph\">{\"@context\":\"https:\\\/\\\/schema.org\",\"@graph\":[{\"@type\":\"WebPage\",\"@id\":\"https:\\\/\\\/www.ipkb.gov.tr\\\/en\\\/complaint-form\\\/\",\"url\":\"https:\\\/\\\/www.ipkb.gov.tr\\\/en\\\/complaint-form\\\/\",\"name\":\"Complaint Form - Istanbul Project Coordination Unit\",\"isPartOf\":{\"@id\":\"https:\\\/\\\/www.ipkb.gov.tr\\\/en\\\/#website\"},\"datePublished\":\"2025-02-06T13:00:13+00:00\",\"breadcrumb\":{\"@id\":\"https:\\\/\\\/www.ipkb.gov.tr\\\/en\\\/complaint-form\\\/#breadcrumb\"},\"inLanguage\":\"en-US\",\"potentialAction\":[{\"@type\":\"ReadAction\",\"target\":[\"https:\\\/\\\/www.ipkb.gov.tr\\\/en\\\/complaint-form\\\/\"]}]},{\"@type\":\"BreadcrumbList\",\"@id\":\"https:\\\/\\\/www.ipkb.gov.tr\\\/en\\\/complaint-form\\\/#breadcrumb\",\"itemListElement\":[{\"@type\":\"ListItem\",\"position\":1,\"name\":\"Ana sayfa\",\"item\":\"https:\\\/\\\/www.ipkb.gov.tr\\\/en\\\/\"},{\"@type\":\"ListItem\",\"position\":2,\"name\":\"Complaint Form\"}]},{\"@type\":\"WebSite\",\"@id\":\"https:\\\/\\\/www.ipkb.gov.tr\\\/en\\\/#website\",\"url\":\"https:\\\/\\\/www.ipkb.gov.tr\\\/en\\\/\",\"name\":\"Istanbul Project Coordination Unit\",\"description\":\"We are Strengthening Our Future!\",\"publisher\":{\"@id\":\"https:\\\/\\\/www.ipkb.gov.tr\\\/en\\\/#organization\"},\"potentialAction\":[{\"@type\":\"SearchAction\",\"target\":{\"@type\":\"EntryPoint\",\"urlTemplate\":\"https:\\\/\\\/www.ipkb.gov.tr\\\/en\\\/?s={search_term_string}\"},\"query-input\":{\"@type\":\"PropertyValueSpecification\",\"valueRequired\":true,\"valueName\":\"search_term_string\"}}],\"inLanguage\":\"en-US\"},{\"@type\":\"Organization\",\"@id\":\"https:\\\/\\\/www.ipkb.gov.tr\\\/en\\\/#organization\",\"name\":\"\u0130stanbul Valili\u011fi \u0130stanbul Proje Koordinasyon Birimi\",\"url\":\"https:\\\/\\\/www.ipkb.gov.tr\\\/en\\\/\",\"logo\":{\"@type\":\"ImageObject\",\"inLanguage\":\"en-US\",\"@id\":\"https:\\\/\\\/www.ipkb.gov.tr\\\/en\\\/#\\\/schema\\\/logo\\\/image\\\/\",\"url\":\"https:\\\/\\\/www.ipkb.gov.tr\\\/wp-content\\\/uploads\\\/2019\\\/07\\\/ipkb_logo@2x.png\",\"contentUrl\":\"https:\\\/\\\/www.ipkb.gov.tr\\\/wp-content\\\/uploads\\\/2019\\\/07\\\/ipkb_logo@2x.png\",\"width\":540,\"height\":224,\"caption\":\"\u0130stanbul Valili\u011fi \u0130stanbul Proje Koordinasyon Birimi\"},\"image\":{\"@id\":\"https:\\\/\\\/www.ipkb.gov.tr\\\/en\\\/#\\\/schema\\\/logo\\\/image\\\/\"},\"sameAs\":[\"https:\\\/\\\/www.facebook.com\\\/ipkbgovtr\\\/\",\"https:\\\/\\\/x.com\\\/ipkbgovtr\",\"https:\\\/\\\/www.linkedin.com\\\/company\\\/ipkb\",\"https:\\\/\\\/www.youtube.com\\\/channel\\\/UC3tdflZ3LiqX46e1j8Ar7AQ\"]}]}<\/script>\n<!-- \/ Yoast SEO plugin. -->","yoast_head_json":{"title":"Complaint Form - Istanbul Project Coordination Unit","robots":{"index":"index","follow":"follow","max-snippet":"max-snippet:-1","max-image-preview":"max-image-preview:large","max-video-preview":"max-video-preview:-1"},"canonical":"https:\/\/www.ipkb.gov.tr\/en\/complaint-form\/","og_locale":"en_US","og_type":"article","og_title":"Complaint Form - Istanbul Project Coordination Unit","og_url":"https:\/\/www.ipkb.gov.tr\/en\/complaint-form\/","og_site_name":"Istanbul Project Coordination Unit","article_publisher":"https:\/\/www.facebook.com\/ipkbgovtr\/","twitter_card":"summary_large_image","twitter_site":"@ipkbgovtr","twitter_misc":{"Est. reading time":"1 minute"},"schema":{"@context":"https:\/\/schema.org","@graph":[{"@type":"WebPage","@id":"https:\/\/www.ipkb.gov.tr\/en\/complaint-form\/","url":"https:\/\/www.ipkb.gov.tr\/en\/complaint-form\/","name":"Complaint Form - Istanbul Project Coordination Unit","isPartOf":{"@id":"https:\/\/www.ipkb.gov.tr\/en\/#website"},"datePublished":"2025-02-06T13:00:13+00:00","breadcrumb":{"@id":"https:\/\/www.ipkb.gov.tr\/en\/complaint-form\/#breadcrumb"},"inLanguage":"en-US","potentialAction":[{"@type":"ReadAction","target":["https:\/\/www.ipkb.gov.tr\/en\/complaint-form\/"]}]},{"@type":"BreadcrumbList","@id":"https:\/\/www.ipkb.gov.tr\/en\/complaint-form\/#breadcrumb","itemListElement":[{"@type":"ListItem","position":1,"name":"Ana sayfa","item":"https:\/\/www.ipkb.gov.tr\/en\/"},{"@type":"ListItem","position":2,"name":"Complaint Form"}]},{"@type":"WebSite","@id":"https:\/\/www.ipkb.gov.tr\/en\/#website","url":"https:\/\/www.ipkb.gov.tr\/en\/","name":"Istanbul Project Coordination Unit","description":"We are Strengthening Our Future!","publisher":{"@id":"https:\/\/www.ipkb.gov.tr\/en\/#organization"},"potentialAction":[{"@type":"SearchAction","target":{"@type":"EntryPoint","urlTemplate":"https:\/\/www.ipkb.gov.tr\/en\/?s={search_term_string}"},"query-input":{"@type":"PropertyValueSpecification","valueRequired":true,"valueName":"search_term_string"}}],"inLanguage":"en-US"},{"@type":"Organization","@id":"https:\/\/www.ipkb.gov.tr\/en\/#organization","name":"\u0130stanbul Valili\u011fi \u0130stanbul Proje Koordinasyon Birimi","url":"https:\/\/www.ipkb.gov.tr\/en\/","logo":{"@type":"ImageObject","inLanguage":"en-US","@id":"https:\/\/www.ipkb.gov.tr\/en\/#\/schema\/logo\/image\/","url":"https:\/\/www.ipkb.gov.tr\/wp-content\/uploads\/2019\/07\/ipkb_logo@2x.png","contentUrl":"https:\/\/www.ipkb.gov.tr\/wp-content\/uploads\/2019\/07\/ipkb_logo@2x.png","width":540,"height":224,"caption":"\u0130stanbul Valili\u011fi \u0130stanbul Proje Koordinasyon Birimi"},"image":{"@id":"https:\/\/www.ipkb.gov.tr\/en\/#\/schema\/logo\/image\/"},"sameAs":["https:\/\/www.facebook.com\/ipkbgovtr\/","https:\/\/x.com\/ipkbgovtr","https:\/\/www.linkedin.com\/company\/ipkb","https:\/\/www.youtube.com\/channel\/UC3tdflZ3LiqX46e1j8Ar7AQ"]}]}},"_links":{"self":[{"href":"https:\/\/www.ipkb.gov.tr\/en\/wp-json\/wp\/v2\/pages\/10939","targetHints":{"allow":["GET"]}}],"collection":[{"href":"https:\/\/www.ipkb.gov.tr\/en\/wp-json\/wp\/v2\/pages"}],"about":[{"href":"https:\/\/www.ipkb.gov.tr\/en\/wp-json\/wp\/v2\/types\/page"}],"author":[{"embeddable":true,"href":"https:\/\/www.ipkb.gov.tr\/en\/wp-json\/wp\/v2\/users\/13"}],"replies":[{"embeddable":true,"href":"https:\/\/www.ipkb.gov.tr\/en\/wp-json\/wp\/v2\/comments?post=10939"}],"version-history":[{"count":1,"href":"https:\/\/www.ipkb.gov.tr\/en\/wp-json\/wp\/v2\/pages\/10939\/revisions"}],"predecessor-version":[{"id":10940,"href":"https:\/\/www.ipkb.gov.tr\/en\/wp-json\/wp\/v2\/pages\/10939\/revisions\/10940"}],"wp:attachment":[{"href":"https:\/\/www.ipkb.gov.tr\/en\/wp-json\/wp\/v2\/media?parent=10939"}],"curies":[{"name":"wp","href":"https:\/\/api.w.org\/{rel}","templated":true}]}}