{"id":5759,"date":"2015-11-13T12:55:22","date_gmt":"2015-11-13T10:55:22","guid":{"rendered":"https:\/\/www.ipkb.gov.tr\/purpose\/"},"modified":"2019-06-12T14:09:35","modified_gmt":"2019-06-12T11:09:35","slug":"purpose","status":"publish","type":"page","link":"https:\/\/www.ipkb.gov.tr\/en\/purpose\/","title":{"rendered":"Purpose"},"content":{"rendered":"<div id=\"pl-5759\"  class=\"panel-layout\" ><div id=\"pg-5759-0\"  class=\"panel-grid panel-no-style\" ><div id=\"pgc-5759-0-0\"  class=\"panel-grid-cell\" ><div id=\"panel-5759-0-0-0\" class=\"so-panel widget widget_sow-editor panel-first-child\" data-index=\"0\" ><div\n\t\t\t\n\t\t\tclass=\"so-widget-sow-editor so-widget-sow-editor-base\"\n\t\t\t\n\t\t>\n<div class=\"siteorigin-widget-tinymce textwidget\">\n\t<h3 style=\"font-family: 'Poppins';\">EARTHQUAKE RISK in ISTANBUL<\/h3>\n<p>According to the \u0130stanbul Earthquake Master Plan dated 2003, the probability of a massive earthquake occurrence in \u0130stanbul in the next 30 years is estimated at 62% \u00b1 12. As also shown by GeoHazards International, \u0130stanbul is one of the top three cities of the world that has the highest earthquake risk with potential of destructive consequences.<\/p>\n<\/div>\n<\/div><\/div><div id=\"panel-5759-0-0-1\" class=\"so-panel widget widget_media_video panel-last-child\" data-index=\"1\" ><div style=\"width:100%;\" class=\"wp-video\"><video class=\"wp-video-shortcode\" id=\"video-5759-1\" preload=\"metadata\" controls=\"controls\"><source type=\"video\/youtube\" src=\"https:\/\/youtu.be\/cU9bfPFppuY?_=1\" \/><a href=\"https:\/\/youtu.be\/cU9bfPFppuY\">https:\/\/youtu.be\/cU9bfPFppuY<\/a><\/video><\/div><\/div><\/div><div id=\"pgc-5759-0-1\"  class=\"panel-grid-cell\" ><div id=\"panel-5759-0-1-0\" class=\"so-panel widget widget_sow-editor panel-first-child\" data-index=\"2\" ><div\n\t\t\t\n\t\t\tclass=\"so-widget-sow-editor so-widget-sow-editor-base\"\n\t\t\t\n\t\t>\n<div class=\"siteorigin-widget-tinymce textwidget\">\n\t<h3 style=\"font-family: 'Poppins';\">OUR GOAL<\/h3>\n<p>As Istanbul Project Coordination Unit (IPCU) established under Istanbul Governorship, we have started to work for Istanbul Seismic Risk Mitigation and Emergency Preparedness Project (ISMEP) since 2006 with \"We are strengthening our future\" slogan, to reduce the loss of life and property in a possible earthquake in \u0130stanbul.<\/p>\n<\/div>\n<\/div><\/div><div id=\"panel-5759-0-1-1\" class=\"so-panel widget widget_media_video panel-last-child\" data-index=\"3\" ><div style=\"width:100%;\" class=\"wp-video\"><video class=\"wp-video-shortcode\" id=\"video-5759-2\" preload=\"metadata\" controls=\"controls\"><source type=\"video\/youtube\" src=\"https:\/\/youtu.be\/NQgu9j3z2I8?_=2\" \/><a href=\"https:\/\/youtu.be\/NQgu9j3z2I8\">https:\/\/youtu.be\/NQgu9j3z2I8<\/a><\/video><\/div><\/div><\/div><\/div><\/div>","protected":false},"excerpt":{"rendered":"<p>EARTHQUAKE RISK in ISTANBUL According to the \u0130stanbul Earthquake Master Plan dated 2003, the probability of a massive earthquake occurrence in \u0130stanbul in the next 30 years is estimated at 62% \u00b1 12. As also shown by GeoHazards International, \u0130stanbul is one of the top three cities of the world that has the highest earthquake &hellip;<\/p>\n","protected":false},"author":1,"featured_media":0,"parent":0,"menu_order":0,"comment_status":"closed","ping_status":"closed","template":"","meta":{"_acf_changed":false,"footnotes":""},"class_list":["post-5759","page","type-page","status-publish","hentry"],"acf":[],"yoast_head":"<!-- This site is optimized with the Yoast SEO plugin v27.4 - https:\/\/yoast.com\/product\/yoast-seo-wordpress\/ -->\n<title>Purpose - Istanbul Project Coordination Unit<\/title>\n<meta name=\"robots\" content=\"index, follow, max-snippet:-1, max-image-preview:large, max-video-preview:-1\" \/>\n<link rel=\"canonical\" href=\"https:\/\/www.ipkb.gov.tr\/en\/purpose\/\" \/>\n<meta property=\"og:locale\" content=\"en_US\" \/>\n<meta property=\"og:type\" content=\"article\" \/>\n<meta property=\"og:title\" content=\"Purpose - Istanbul Project Coordination Unit\" \/>\n<meta property=\"og:description\" content=\"EARTHQUAKE RISK in ISTANBUL According to the \u0130stanbul Earthquake Master Plan dated 2003, the probability of a massive earthquake occurrence in \u0130stanbul in the next 30 years is estimated at 62% \u00b1 12. As also shown by GeoHazards International, \u0130stanbul is one of the top three cities of the world that has the highest earthquake &hellip;\" \/>\n<meta property=\"og:url\" content=\"https:\/\/www.ipkb.gov.tr\/en\/purpose\/\" \/>\n<meta property=\"og:site_name\" content=\"Istanbul Project Coordination Unit\" \/>\n<meta property=\"article:publisher\" content=\"https:\/\/www.facebook.com\/ipkbgovtr\/\" \/>\n<meta property=\"article:modified_time\" content=\"2019-06-12T11:09:35+00:00\" \/>\n<meta name=\"twitter:card\" content=\"summary_large_image\" \/>\n<meta name=\"twitter:site\" content=\"@ipkbgovtr\" \/>\n<meta name=\"twitter:label1\" content=\"Est. reading time\" \/>\n\t<meta name=\"twitter:data1\" content=\"1 minute\" \/>\n<script type=\"application\/ld+json\" class=\"yoast-schema-graph\">{\"@context\":\"https:\\\/\\\/schema.org\",\"@graph\":[{\"@type\":\"WebPage\",\"@id\":\"https:\\\/\\\/www.ipkb.gov.tr\\\/en\\\/purpose\\\/\",\"url\":\"https:\\\/\\\/www.ipkb.gov.tr\\\/en\\\/purpose\\\/\",\"name\":\"Purpose - Istanbul Project Coordination Unit\",\"isPartOf\":{\"@id\":\"https:\\\/\\\/www.ipkb.gov.tr\\\/en\\\/#website\"},\"datePublished\":\"2015-11-13T10:55:22+00:00\",\"dateModified\":\"2019-06-12T11:09:35+00:00\",\"breadcrumb\":{\"@id\":\"https:\\\/\\\/www.ipkb.gov.tr\\\/en\\\/purpose\\\/#breadcrumb\"},\"inLanguage\":\"en-US\",\"potentialAction\":[{\"@type\":\"ReadAction\",\"target\":[\"https:\\\/\\\/www.ipkb.gov.tr\\\/en\\\/purpose\\\/\"]}]},{\"@type\":\"BreadcrumbList\",\"@id\":\"https:\\\/\\\/www.ipkb.gov.tr\\\/en\\\/purpose\\\/#breadcrumb\",\"itemListElement\":[{\"@type\":\"ListItem\",\"position\":1,\"name\":\"Ana sayfa\",\"item\":\"https:\\\/\\\/www.ipkb.gov.tr\\\/en\\\/\"},{\"@type\":\"ListItem\",\"position\":2,\"name\":\"Purpose\"}]},{\"@type\":\"WebSite\",\"@id\":\"https:\\\/\\\/www.ipkb.gov.tr\\\/en\\\/#website\",\"url\":\"https:\\\/\\\/www.ipkb.gov.tr\\\/en\\\/\",\"name\":\"Istanbul Project Coordination Unit\",\"description\":\"We are Strengthening Our Future!\",\"publisher\":{\"@id\":\"https:\\\/\\\/www.ipkb.gov.tr\\\/en\\\/#organization\"},\"potentialAction\":[{\"@type\":\"SearchAction\",\"target\":{\"@type\":\"EntryPoint\",\"urlTemplate\":\"https:\\\/\\\/www.ipkb.gov.tr\\\/en\\\/?s={search_term_string}\"},\"query-input\":{\"@type\":\"PropertyValueSpecification\",\"valueRequired\":true,\"valueName\":\"search_term_string\"}}],\"inLanguage\":\"en-US\"},{\"@type\":\"Organization\",\"@id\":\"https:\\\/\\\/www.ipkb.gov.tr\\\/en\\\/#organization\",\"name\":\"\u0130stanbul Valili\u011fi \u0130stanbul Proje Koordinasyon Birimi\",\"url\":\"https:\\\/\\\/www.ipkb.gov.tr\\\/en\\\/\",\"logo\":{\"@type\":\"ImageObject\",\"inLanguage\":\"en-US\",\"@id\":\"https:\\\/\\\/www.ipkb.gov.tr\\\/en\\\/#\\\/schema\\\/logo\\\/image\\\/\",\"url\":\"https:\\\/\\\/www.ipkb.gov.tr\\\/wp-content\\\/uploads\\\/2019\\\/07\\\/ipkb_logo@2x.png\",\"contentUrl\":\"https:\\\/\\\/www.ipkb.gov.tr\\\/wp-content\\\/uploads\\\/2019\\\/07\\\/ipkb_logo@2x.png\",\"width\":540,\"height\":224,\"caption\":\"\u0130stanbul Valili\u011fi \u0130stanbul Proje Koordinasyon Birimi\"},\"image\":{\"@id\":\"https:\\\/\\\/www.ipkb.gov.tr\\\/en\\\/#\\\/schema\\\/logo\\\/image\\\/\"},\"sameAs\":[\"https:\\\/\\\/www.facebook.com\\\/ipkbgovtr\\\/\",\"https:\\\/\\\/x.com\\\/ipkbgovtr\",\"https:\\\/\\\/www.linkedin.com\\\/company\\\/ipkb\",\"https:\\\/\\\/www.youtube.com\\\/channel\\\/UC3tdflZ3LiqX46e1j8Ar7AQ\"]}]}<\/script>\n<!-- \/ Yoast SEO plugin. -->","yoast_head_json":{"title":"Purpose - Istanbul Project Coordination Unit","robots":{"index":"index","follow":"follow","max-snippet":"max-snippet:-1","max-image-preview":"max-image-preview:large","max-video-preview":"max-video-preview:-1"},"canonical":"https:\/\/www.ipkb.gov.tr\/en\/purpose\/","og_locale":"en_US","og_type":"article","og_title":"Purpose - Istanbul Project Coordination Unit","og_description":"EARTHQUAKE RISK in ISTANBUL According to the \u0130stanbul Earthquake Master Plan dated 2003, the probability of a massive earthquake occurrence in \u0130stanbul in the next 30 years is estimated at 62% \u00b1 12. As also shown by GeoHazards International, \u0130stanbul is one of the top three cities of the world that has the highest earthquake &hellip;","og_url":"https:\/\/www.ipkb.gov.tr\/en\/purpose\/","og_site_name":"Istanbul Project Coordination Unit","article_publisher":"https:\/\/www.facebook.com\/ipkbgovtr\/","article_modified_time":"2019-06-12T11:09:35+00:00","twitter_card":"summary_large_image","twitter_site":"@ipkbgovtr","twitter_misc":{"Est. reading time":"1 minute"},"schema":{"@context":"https:\/\/schema.org","@graph":[{"@type":"WebPage","@id":"https:\/\/www.ipkb.gov.tr\/en\/purpose\/","url":"https:\/\/www.ipkb.gov.tr\/en\/purpose\/","name":"Purpose - Istanbul Project Coordination Unit","isPartOf":{"@id":"https:\/\/www.ipkb.gov.tr\/en\/#website"},"datePublished":"2015-11-13T10:55:22+00:00","dateModified":"2019-06-12T11:09:35+00:00","breadcrumb":{"@id":"https:\/\/www.ipkb.gov.tr\/en\/purpose\/#breadcrumb"},"inLanguage":"en-US","potentialAction":[{"@type":"ReadAction","target":["https:\/\/www.ipkb.gov.tr\/en\/purpose\/"]}]},{"@type":"BreadcrumbList","@id":"https:\/\/www.ipkb.gov.tr\/en\/purpose\/#breadcrumb","itemListElement":[{"@type":"ListItem","position":1,"name":"Ana sayfa","item":"https:\/\/www.ipkb.gov.tr\/en\/"},{"@type":"ListItem","position":2,"name":"Purpose"}]},{"@type":"WebSite","@id":"https:\/\/www.ipkb.gov.tr\/en\/#website","url":"https:\/\/www.ipkb.gov.tr\/en\/","name":"Istanbul Project Coordination Unit","description":"We are Strengthening Our Future!","publisher":{"@id":"https:\/\/www.ipkb.gov.tr\/en\/#organization"},"potentialAction":[{"@type":"SearchAction","target":{"@type":"EntryPoint","urlTemplate":"https:\/\/www.ipkb.gov.tr\/en\/?s={search_term_string}"},"query-input":{"@type":"PropertyValueSpecification","valueRequired":true,"valueName":"search_term_string"}}],"inLanguage":"en-US"},{"@type":"Organization","@id":"https:\/\/www.ipkb.gov.tr\/en\/#organization","name":"\u0130stanbul Valili\u011fi \u0130stanbul Proje Koordinasyon Birimi","url":"https:\/\/www.ipkb.gov.tr\/en\/","logo":{"@type":"ImageObject","inLanguage":"en-US","@id":"https:\/\/www.ipkb.gov.tr\/en\/#\/schema\/logo\/image\/","url":"https:\/\/www.ipkb.gov.tr\/wp-content\/uploads\/2019\/07\/ipkb_logo@2x.png","contentUrl":"https:\/\/www.ipkb.gov.tr\/wp-content\/uploads\/2019\/07\/ipkb_logo@2x.png","width":540,"height":224,"caption":"\u0130stanbul Valili\u011fi \u0130stanbul Proje Koordinasyon Birimi"},"image":{"@id":"https:\/\/www.ipkb.gov.tr\/en\/#\/schema\/logo\/image\/"},"sameAs":["https:\/\/www.facebook.com\/ipkbgovtr\/","https:\/\/x.com\/ipkbgovtr","https:\/\/www.linkedin.com\/company\/ipkb","https:\/\/www.youtube.com\/channel\/UC3tdflZ3LiqX46e1j8Ar7AQ"]}]}},"_links":{"self":[{"href":"https:\/\/www.ipkb.gov.tr\/en\/wp-json\/wp\/v2\/pages\/5759","targetHints":{"allow":["GET"]}}],"collection":[{"href":"https:\/\/www.ipkb.gov.tr\/en\/wp-json\/wp\/v2\/pages"}],"about":[{"href":"https:\/\/www.ipkb.gov.tr\/en\/wp-json\/wp\/v2\/types\/page"}],"author":[{"embeddable":true,"href":"https:\/\/www.ipkb.gov.tr\/en\/wp-json\/wp\/v2\/users\/1"}],"replies":[{"embeddable":true,"href":"https:\/\/www.ipkb.gov.tr\/en\/wp-json\/wp\/v2\/comments?post=5759"}],"version-history":[{"count":22,"href":"https:\/\/www.ipkb.gov.tr\/en\/wp-json\/wp\/v2\/pages\/5759\/revisions"}],"predecessor-version":[{"id":6468,"href":"https:\/\/www.ipkb.gov.tr\/en\/wp-json\/wp\/v2\/pages\/5759\/revisions\/6468"}],"wp:attachment":[{"href":"https:\/\/www.ipkb.gov.tr\/en\/wp-json\/wp\/v2\/media?parent=5759"}],"curies":[{"name":"wp","href":"https:\/\/api.w.org\/{rel}","templated":true}]}}