{"id":5769,"date":"2019-04-18T04:39:38","date_gmt":"2019-04-18T01:39:38","guid":{"rendered":"https:\/\/www.ipkb.gov.tr\/?page_id=5769"},"modified":"2024-02-29T20:53:26","modified_gmt":"2024-02-29T17:53:26","slug":"message-from-the-director","status":"publish","type":"page","link":"https:\/\/www.ipkb.gov.tr\/en\/message-from-the-director\/","title":{"rendered":"Message From The Director"},"content":{"rendered":"<div id=\"pl-5769\"  class=\"panel-layout\" ><div id=\"pg-5769-0\"  class=\"panel-grid panel-no-style\" ><div id=\"pgc-5769-0-0\"  class=\"panel-grid-cell\" ><div id=\"panel-5769-0-0-0\" class=\"so-panel widget widget_sow-editor panel-first-child panel-last-child\" data-index=\"0\" ><div\n\t\t\t\n\t\t\tclass=\"so-widget-sow-editor so-widget-sow-editor-base\"\n\t\t\t\n\t\t>\n<div class=\"siteorigin-widget-tinymce textwidget\">\n\t<h2>We Are Strengthening Our Future<\/h2>\n<p><img loading=\"lazy\" decoding=\"async\" class=\" wp-image-7766 alignleft\" src=\"https:\/\/www.ipkb.gov.tr\/wp-content\/uploads\/2024\/02\/yk-home.jpg\" alt=\"\" width=\"350\" height=\"463\" \/><\/p>\n<p>As the director of Istanbul Seismic Risk Mitigation and Emergency Preparedness Project (ISMEP), it is an honour for me to share this publication with you. ISMEP, which is the first risk mitigation project conducted in our country, is one of the most successful examples of its kind not only in Turkey but also worldwide. I hope that this study will convey to you the targets and outputs of the project which is conducted in order to mitigate the risks of the future Istanbul earthquake.<\/p>\n<p>Our project, of which details you will read within the following pages, involves the essential components of increasing the preparedness capacity in case of an emergency, risk mitigation in priority public buildings and implementation of the building codes. Within the scope of this project which we announced to the citizens of Istanbul with the motto \u201cSafe City, Safe Life\u201d, we trained 1.6 Million people and 265,134 citizens have volunteered in the \u201cSafe Life Trainings.\u201d Approximately 6 Million pieces of training material has been shared with the public.<\/p>\n<p>The number of reinforced or reconstructed schools are planned to be 1484 by the end of the year 2020 and thus, over 1,6 million students now receive education in safer schools.<\/p>\n<p>This is not all that has been achieved with our project which aims to make Istanbul a more resilient city on both individual and institutional levels. We have made significant progress since February 2006, when we began our endeavours.<\/p>\n<p>We execute our works in line with the principles of the modern disaster management, by following the international developments closely, using an integrated structure in which all the partners and sources are actively involved and improve these endeavours so that they follow a community based approach.<\/p>\n<p>This project is supported and contributed by institutions and organizations by a great number of people in the background. I would like to thank everyone who has shared our enthusiasm for Istanbul, the city whose future we are strengthening.<\/p>\n<p style=\"text-align: right;\">Yal\u00e7\u0131n KAYA<br \/>\nIPKB Director<\/p>\n<\/div>\n<\/div><\/div><\/div><\/div><\/div>","protected":false},"excerpt":{"rendered":"<p>We Are Strengthening Our Future As the director of Istanbul Seismic Risk Mitigation and Emergency Preparedness Project (ISMEP), it is an honour for me to share this publication with you. ISMEP, which is the first risk mitigation project conducted in our country, is one of the most successful examples of its kind not only in &hellip;<\/p>\n","protected":false},"author":1,"featured_media":0,"parent":0,"menu_order":0,"comment_status":"closed","ping_status":"closed","template":"","meta":{"_acf_changed":false,"footnotes":""},"class_list":["post-5769","page","type-page","status-publish","hentry"],"acf":[],"yoast_head":"<!-- This site is optimized with the Yoast SEO plugin v27.4 - https:\/\/yoast.com\/product\/yoast-seo-wordpress\/ -->\n<title>Message From The Director - Istanbul Project Coordination Unit<\/title>\n<meta name=\"robots\" content=\"index, follow, max-snippet:-1, max-image-preview:large, max-video-preview:-1\" \/>\n<link rel=\"canonical\" href=\"https:\/\/www.ipkb.gov.tr\/en\/message-from-the-director\/\" \/>\n<meta property=\"og:locale\" content=\"en_US\" \/>\n<meta property=\"og:type\" content=\"article\" \/>\n<meta property=\"og:title\" content=\"Message From The Director - Istanbul Project Coordination Unit\" \/>\n<meta property=\"og:description\" content=\"We Are Strengthening Our Future As the director of Istanbul Seismic Risk Mitigation and Emergency Preparedness Project (ISMEP), it is an honour for me to share this publication with you. ISMEP, which is the first risk mitigation project conducted in our country, is one of the most successful examples of its kind not only in &hellip;\" \/>\n<meta property=\"og:url\" content=\"https:\/\/www.ipkb.gov.tr\/en\/message-from-the-director\/\" \/>\n<meta property=\"og:site_name\" content=\"Istanbul Project Coordination Unit\" \/>\n<meta property=\"article:publisher\" content=\"https:\/\/www.facebook.com\/ipkbgovtr\/\" \/>\n<meta property=\"article:modified_time\" content=\"2024-02-29T17:53:26+00:00\" \/>\n<meta property=\"og:image\" content=\"https:\/\/www.ipkb.gov.tr\/wp-content\/uploads\/2024\/02\/yk-home.jpg\" \/>\n<meta name=\"twitter:card\" content=\"summary_large_image\" \/>\n<meta name=\"twitter:site\" content=\"@ipkbgovtr\" \/>\n<meta name=\"twitter:label1\" content=\"Est. reading time\" \/>\n\t<meta name=\"twitter:data1\" content=\"3 minutes\" \/>\n<script type=\"application\/ld+json\" class=\"yoast-schema-graph\">{\"@context\":\"https:\\\/\\\/schema.org\",\"@graph\":[{\"@type\":\"WebPage\",\"@id\":\"https:\\\/\\\/www.ipkb.gov.tr\\\/en\\\/message-from-the-director\\\/\",\"url\":\"https:\\\/\\\/www.ipkb.gov.tr\\\/en\\\/message-from-the-director\\\/\",\"name\":\"Message From The Director - Istanbul Project Coordination Unit\",\"isPartOf\":{\"@id\":\"https:\\\/\\\/www.ipkb.gov.tr\\\/en\\\/#website\"},\"primaryImageOfPage\":{\"@id\":\"https:\\\/\\\/www.ipkb.gov.tr\\\/en\\\/message-from-the-director\\\/#primaryimage\"},\"image\":{\"@id\":\"https:\\\/\\\/www.ipkb.gov.tr\\\/en\\\/message-from-the-director\\\/#primaryimage\"},\"thumbnailUrl\":\"https:\\\/\\\/www.ipkb.gov.tr\\\/wp-content\\\/uploads\\\/2024\\\/02\\\/yk-home.jpg\",\"datePublished\":\"2019-04-18T01:39:38+00:00\",\"dateModified\":\"2024-02-29T17:53:26+00:00\",\"breadcrumb\":{\"@id\":\"https:\\\/\\\/www.ipkb.gov.tr\\\/en\\\/message-from-the-director\\\/#breadcrumb\"},\"inLanguage\":\"en-US\",\"potentialAction\":[{\"@type\":\"ReadAction\",\"target\":[\"https:\\\/\\\/www.ipkb.gov.tr\\\/en\\\/message-from-the-director\\\/\"]}]},{\"@type\":\"ImageObject\",\"inLanguage\":\"en-US\",\"@id\":\"https:\\\/\\\/www.ipkb.gov.tr\\\/en\\\/message-from-the-director\\\/#primaryimage\",\"url\":\"https:\\\/\\\/www.ipkb.gov.tr\\\/wp-content\\\/uploads\\\/2024\\\/02\\\/yk-home.jpg\",\"contentUrl\":\"https:\\\/\\\/www.ipkb.gov.tr\\\/wp-content\\\/uploads\\\/2024\\\/02\\\/yk-home.jpg\"},{\"@type\":\"BreadcrumbList\",\"@id\":\"https:\\\/\\\/www.ipkb.gov.tr\\\/en\\\/message-from-the-director\\\/#breadcrumb\",\"itemListElement\":[{\"@type\":\"ListItem\",\"position\":1,\"name\":\"Ana sayfa\",\"item\":\"https:\\\/\\\/www.ipkb.gov.tr\\\/en\\\/\"},{\"@type\":\"ListItem\",\"position\":2,\"name\":\"Message From The Director\"}]},{\"@type\":\"WebSite\",\"@id\":\"https:\\\/\\\/www.ipkb.gov.tr\\\/en\\\/#website\",\"url\":\"https:\\\/\\\/www.ipkb.gov.tr\\\/en\\\/\",\"name\":\"Istanbul Project Coordination Unit\",\"description\":\"We are Strengthening Our Future!\",\"publisher\":{\"@id\":\"https:\\\/\\\/www.ipkb.gov.tr\\\/en\\\/#organization\"},\"potentialAction\":[{\"@type\":\"SearchAction\",\"target\":{\"@type\":\"EntryPoint\",\"urlTemplate\":\"https:\\\/\\\/www.ipkb.gov.tr\\\/en\\\/?s={search_term_string}\"},\"query-input\":{\"@type\":\"PropertyValueSpecification\",\"valueRequired\":true,\"valueName\":\"search_term_string\"}}],\"inLanguage\":\"en-US\"},{\"@type\":\"Organization\",\"@id\":\"https:\\\/\\\/www.ipkb.gov.tr\\\/en\\\/#organization\",\"name\":\"\u0130stanbul Valili\u011fi \u0130stanbul Proje Koordinasyon Birimi\",\"url\":\"https:\\\/\\\/www.ipkb.gov.tr\\\/en\\\/\",\"logo\":{\"@type\":\"ImageObject\",\"inLanguage\":\"en-US\",\"@id\":\"https:\\\/\\\/www.ipkb.gov.tr\\\/en\\\/#\\\/schema\\\/logo\\\/image\\\/\",\"url\":\"https:\\\/\\\/www.ipkb.gov.tr\\\/wp-content\\\/uploads\\\/2019\\\/07\\\/ipkb_logo@2x.png\",\"contentUrl\":\"https:\\\/\\\/www.ipkb.gov.tr\\\/wp-content\\\/uploads\\\/2019\\\/07\\\/ipkb_logo@2x.png\",\"width\":540,\"height\":224,\"caption\":\"\u0130stanbul Valili\u011fi \u0130stanbul Proje Koordinasyon Birimi\"},\"image\":{\"@id\":\"https:\\\/\\\/www.ipkb.gov.tr\\\/en\\\/#\\\/schema\\\/logo\\\/image\\\/\"},\"sameAs\":[\"https:\\\/\\\/www.facebook.com\\\/ipkbgovtr\\\/\",\"https:\\\/\\\/x.com\\\/ipkbgovtr\",\"https:\\\/\\\/www.linkedin.com\\\/company\\\/ipkb\",\"https:\\\/\\\/www.youtube.com\\\/channel\\\/UC3tdflZ3LiqX46e1j8Ar7AQ\"]}]}<\/script>\n<!-- \/ Yoast SEO plugin. -->","yoast_head_json":{"title":"Message From The Director - Istanbul Project Coordination Unit","robots":{"index":"index","follow":"follow","max-snippet":"max-snippet:-1","max-image-preview":"max-image-preview:large","max-video-preview":"max-video-preview:-1"},"canonical":"https:\/\/www.ipkb.gov.tr\/en\/message-from-the-director\/","og_locale":"en_US","og_type":"article","og_title":"Message From The Director - Istanbul Project Coordination Unit","og_description":"We Are Strengthening Our Future As the director of Istanbul Seismic Risk Mitigation and Emergency Preparedness Project (ISMEP), it is an honour for me to share this publication with you. ISMEP, which is the first risk mitigation project conducted in our country, is one of the most successful examples of its kind not only in &hellip;","og_url":"https:\/\/www.ipkb.gov.tr\/en\/message-from-the-director\/","og_site_name":"Istanbul Project Coordination Unit","article_publisher":"https:\/\/www.facebook.com\/ipkbgovtr\/","article_modified_time":"2024-02-29T17:53:26+00:00","og_image":[{"url":"https:\/\/www.ipkb.gov.tr\/wp-content\/uploads\/2024\/02\/yk-home.jpg","type":"","width":"","height":""}],"twitter_card":"summary_large_image","twitter_site":"@ipkbgovtr","twitter_misc":{"Est. reading time":"3 minutes"},"schema":{"@context":"https:\/\/schema.org","@graph":[{"@type":"WebPage","@id":"https:\/\/www.ipkb.gov.tr\/en\/message-from-the-director\/","url":"https:\/\/www.ipkb.gov.tr\/en\/message-from-the-director\/","name":"Message From The Director - Istanbul Project Coordination Unit","isPartOf":{"@id":"https:\/\/www.ipkb.gov.tr\/en\/#website"},"primaryImageOfPage":{"@id":"https:\/\/www.ipkb.gov.tr\/en\/message-from-the-director\/#primaryimage"},"image":{"@id":"https:\/\/www.ipkb.gov.tr\/en\/message-from-the-director\/#primaryimage"},"thumbnailUrl":"https:\/\/www.ipkb.gov.tr\/wp-content\/uploads\/2024\/02\/yk-home.jpg","datePublished":"2019-04-18T01:39:38+00:00","dateModified":"2024-02-29T17:53:26+00:00","breadcrumb":{"@id":"https:\/\/www.ipkb.gov.tr\/en\/message-from-the-director\/#breadcrumb"},"inLanguage":"en-US","potentialAction":[{"@type":"ReadAction","target":["https:\/\/www.ipkb.gov.tr\/en\/message-from-the-director\/"]}]},{"@type":"ImageObject","inLanguage":"en-US","@id":"https:\/\/www.ipkb.gov.tr\/en\/message-from-the-director\/#primaryimage","url":"https:\/\/www.ipkb.gov.tr\/wp-content\/uploads\/2024\/02\/yk-home.jpg","contentUrl":"https:\/\/www.ipkb.gov.tr\/wp-content\/uploads\/2024\/02\/yk-home.jpg"},{"@type":"BreadcrumbList","@id":"https:\/\/www.ipkb.gov.tr\/en\/message-from-the-director\/#breadcrumb","itemListElement":[{"@type":"ListItem","position":1,"name":"Ana sayfa","item":"https:\/\/www.ipkb.gov.tr\/en\/"},{"@type":"ListItem","position":2,"name":"Message From The Director"}]},{"@type":"WebSite","@id":"https:\/\/www.ipkb.gov.tr\/en\/#website","url":"https:\/\/www.ipkb.gov.tr\/en\/","name":"Istanbul Project Coordination Unit","description":"We are Strengthening Our Future!","publisher":{"@id":"https:\/\/www.ipkb.gov.tr\/en\/#organization"},"potentialAction":[{"@type":"SearchAction","target":{"@type":"EntryPoint","urlTemplate":"https:\/\/www.ipkb.gov.tr\/en\/?s={search_term_string}"},"query-input":{"@type":"PropertyValueSpecification","valueRequired":true,"valueName":"search_term_string"}}],"inLanguage":"en-US"},{"@type":"Organization","@id":"https:\/\/www.ipkb.gov.tr\/en\/#organization","name":"\u0130stanbul Valili\u011fi \u0130stanbul Proje Koordinasyon Birimi","url":"https:\/\/www.ipkb.gov.tr\/en\/","logo":{"@type":"ImageObject","inLanguage":"en-US","@id":"https:\/\/www.ipkb.gov.tr\/en\/#\/schema\/logo\/image\/","url":"https:\/\/www.ipkb.gov.tr\/wp-content\/uploads\/2019\/07\/ipkb_logo@2x.png","contentUrl":"https:\/\/www.ipkb.gov.tr\/wp-content\/uploads\/2019\/07\/ipkb_logo@2x.png","width":540,"height":224,"caption":"\u0130stanbul Valili\u011fi \u0130stanbul Proje Koordinasyon Birimi"},"image":{"@id":"https:\/\/www.ipkb.gov.tr\/en\/#\/schema\/logo\/image\/"},"sameAs":["https:\/\/www.facebook.com\/ipkbgovtr\/","https:\/\/x.com\/ipkbgovtr","https:\/\/www.linkedin.com\/company\/ipkb","https:\/\/www.youtube.com\/channel\/UC3tdflZ3LiqX46e1j8Ar7AQ"]}]}},"_links":{"self":[{"href":"https:\/\/www.ipkb.gov.tr\/en\/wp-json\/wp\/v2\/pages\/5769","targetHints":{"allow":["GET"]}}],"collection":[{"href":"https:\/\/www.ipkb.gov.tr\/en\/wp-json\/wp\/v2\/pages"}],"about":[{"href":"https:\/\/www.ipkb.gov.tr\/en\/wp-json\/wp\/v2\/types\/page"}],"author":[{"embeddable":true,"href":"https:\/\/www.ipkb.gov.tr\/en\/wp-json\/wp\/v2\/users\/1"}],"replies":[{"embeddable":true,"href":"https:\/\/www.ipkb.gov.tr\/en\/wp-json\/wp\/v2\/comments?post=5769"}],"version-history":[{"count":10,"href":"https:\/\/www.ipkb.gov.tr\/en\/wp-json\/wp\/v2\/pages\/5769\/revisions"}],"predecessor-version":[{"id":10227,"href":"https:\/\/www.ipkb.gov.tr\/en\/wp-json\/wp\/v2\/pages\/5769\/revisions\/10227"}],"wp:attachment":[{"href":"https:\/\/www.ipkb.gov.tr\/en\/wp-json\/wp\/v2\/media?parent=5769"}],"curies":[{"name":"wp","href":"https:\/\/api.w.org\/{rel}","templated":true}]}}