{"id":5786,"date":"2019-04-18T22:56:33","date_gmt":"2019-04-18T19:56:33","guid":{"rendered":"https:\/\/www.ipkb.gov.tr\/?page_id=5786"},"modified":"2026-01-22T09:55:15","modified_gmt":"2026-01-22T06:55:15","slug":"what-is-ismep","status":"publish","type":"page","link":"https:\/\/www.ipkb.gov.tr\/en\/what-is-ismep\/","title":{"rendered":"What is ISMEP?"},"content":{"rendered":"<div id=\"pl-5786\"  class=\"panel-layout\" ><div id=\"pg-5786-0\"  class=\"panel-grid panel-no-style\" ><div id=\"pgc-5786-0-0\"  class=\"panel-grid-cell\" ><div id=\"panel-5786-0-0-0\" class=\"so-panel widget widget_sow-editor panel-first-child panel-last-child\" data-index=\"0\" ><div\n\t\t\t\n\t\t\tclass=\"so-widget-sow-editor so-widget-sow-editor-base\"\n\t\t\t\n\t\t>\n<div class=\"siteorigin-widget-tinymce textwidget\">\n\t<h1>ABOUT ISMEP<\/h1>\n<p><strong>Country-Region:<\/strong><br \/>\nTurkey - Istanbul<\/p>\n<p><strong>Project Owner:<\/strong><br \/>\nRepublic of T\u00fcrkiye Ministry of Treasury and Finance<\/p>\n<p><strong>Implementing Agency:<\/strong><br \/>\nRepublic of T\u00fcrkiye Istanbul Governorship Istanbul Project Coordination Unit (IPCU)<\/p>\n<p><strong>Project Duration: <\/strong><br \/>\n2006 \u2013 2031<\/p>\n<p><strong>Fund Sources:<\/strong><\/p>\n<ul>\n<li>World Bank<\/li>\n<li>European Investment Bank<\/li>\n<li>Council of Europe Development Bank<\/li>\n<li>Islamic Development Bank<\/li>\n<li>KfW Development Bank<\/li>\n<li>Asian Infrastructure Investment Bank<\/li>\n<li>Ecobank<\/li>\n<li>The Saudi Fund For Development<\/li>\n<\/ul>\n<p><strong>Project Budget:<\/strong><br \/>\n4.5 Billion Euro<\/p>\n<\/div>\n<\/div><\/div><\/div><div id=\"pgc-5786-0-1\"  class=\"panel-grid-cell\" ><div id=\"panel-5786-0-1-0\" class=\"so-panel widget widget_sow-editor panel-first-child panel-last-child\" data-index=\"1\" ><div\n\t\t\t\n\t\t\tclass=\"so-widget-sow-editor so-widget-sow-editor-base\"\n\t\t\t\n\t\t>\n<div class=\"siteorigin-widget-tinymce textwidget\">\n\t<p><img loading=\"lazy\" decoding=\"async\" class=\"aligncenter wp-image-1411\" src=\"https:\/\/www.ipkb.gov.tr\/wp-content\/uploads\/2018\/09\/a-bileseni.png\" alt=\"\" width=\"82\" height=\"87\" srcset=\"https:\/\/www.ipkb.gov.tr\/wp-content\/uploads\/2018\/09\/a-bileseni.png 199w, https:\/\/www.ipkb.gov.tr\/wp-content\/uploads\/2018\/09\/a-bileseni-188x200.png 188w\" sizes=\"auto, (max-width: 82px) 100vw, 82px\" \/><\/p>\n<h3 style=\"text-align: center;\">COMPONENT<\/h3>\n<ul>\n<li><a href=\"\/en\/what-is-ismep\/a-component\/establishment-of-emergency-communication-systems\/\">Establishment of emergency communication systems<\/a><\/li>\n<li><a href=\"\/en\/what-is-ismep\/a-component\/establishment-of-emergency-management-information-system\/\">Establishment of emergency management information system<\/a><\/li>\n<li><a href=\"\/en\/what-is-ismep\/a-component\/enhancement-of-institutional-capacity-of-istanbul-afad\/\">Enhancement of institutional capacity of Istanbul AFAD<\/a><\/li>\n<li><a href=\"\/en\/what-is-ismep\/a-component\/upgrading-the-emergency-response-capacity-of-the-first-responding-agencies-on-the-occurrence-of-a-disaster\/\">Upgrading the emergency response capacity of the first responding agencies on the occurrence of a disaster<\/a><\/li>\n<li><a href=\"\/en\/what-is-ismep\/a-component\/public-awareness-raising-and-training\/\">Public awareness raising and training<\/a><\/li>\n<\/ul>\n<\/div>\n<\/div><\/div><\/div><div id=\"pgc-5786-0-2\"  class=\"panel-grid-cell\" ><div id=\"panel-5786-0-2-0\" class=\"so-panel widget widget_sow-editor panel-first-child panel-last-child\" data-index=\"2\" ><div\n\t\t\t\n\t\t\tclass=\"so-widget-sow-editor so-widget-sow-editor-base\"\n\t\t\t\n\t\t>\n<div class=\"siteorigin-widget-tinymce textwidget\">\n\t<p><img loading=\"lazy\" decoding=\"async\" class=\"aligncenter wp-image-1411\" src=\"https:\/\/www.ipkb.gov.tr\/wp-content\/uploads\/2018\/09\/b-bileseni.png\" alt=\"\" width=\"68\" height=\"87\" \/><\/p>\n<h3 style=\"text-align: center;\">COMPONENT<\/h3>\n<ul>\n<li><a href=\"\/en\/what-is-ismep\/b-component\/retrofitting-works\/\">Retrofitting Works<\/a><\/li>\n<li><a href=\"\/en\/what-is-ismep\/b-component\/reconstruction\/\">Reconstruction Works<\/a><\/li>\n<li><a href=\"\/en\/what-is-ismep\/b-component\/protection-of-the-cultural-heritage\/\">Protection of the Cultural Heritage<\/a><\/li>\n<li><a href=\"\/en\/what-is-ismep\/b-component\/social-counselling\/\">Social Guidance<\/a><\/li>\n<\/ul>\n<\/div>\n<\/div><\/div><\/div><div id=\"pgc-5786-0-3\"  class=\"panel-grid-cell\" ><div id=\"panel-5786-0-3-0\" class=\"so-panel widget widget_sow-editor panel-first-child panel-last-child\" data-index=\"3\" ><div\n\t\t\t\n\t\t\tclass=\"so-widget-sow-editor so-widget-sow-editor-base\"\n\t\t\t\n\t\t>\n<div class=\"siteorigin-widget-tinymce textwidget\">\n\t<p><img loading=\"lazy\" decoding=\"async\" class=\"aligncenter wp-image-1411\" src=\"https:\/\/www.ipkb.gov.tr\/wp-content\/uploads\/2018\/09\/c-bileseni.png\" alt=\"\" width=\"82\" height=\"87\" \/><\/p>\n<h3 style=\"text-align: center;\">COMPONENT<\/h3>\n<ul>\n<li><a href=\"\/en\/what-is-ismep\/c-component\/streamlining-of-the-procedures-for-issuing-building-permits-at-pilot-municipalities\/\">Streamlining of the Procedures for Issuing Building Permits at Pilot Municipalities<\/a><\/li>\n<li><a href=\"\/en\/what-is-ismep\/c-component\/training-of-civil-engineers\/\">Training of Civil Engineers<\/a><\/li>\n<li><a href=\"\/en\/what-is-ismep\/c-component\/public-awareness-and-training\/\">Public Awareness and Training<\/a><\/li>\n<\/ul>\n<\/div>\n<\/div><\/div><\/div><\/div><\/div>","protected":false},"excerpt":{"rendered":"<p>ABOUT ISMEP Country-Region: Turkey &#8211; Istanbul Project Owner: Republic of T\u00fcrkiye Ministry of Treasury and Finance Implementing Agency: Republic of T\u00fcrkiye Istanbul Governorship Istanbul Project Coordination Unit (IPCU) Project Duration: 2006 \u2013 2031 Fund Sources: World Bank European Investment Bank Council of Europe Development Bank Islamic Development Bank KfW Development Bank Asian Infrastructure Investment Bank &hellip;<\/p>\n","protected":false},"author":1,"featured_media":0,"parent":0,"menu_order":0,"comment_status":"closed","ping_status":"closed","template":"","meta":{"_acf_changed":false,"footnotes":""},"class_list":["post-5786","page","type-page","status-publish","hentry"],"acf":[],"yoast_head":"<!-- This site is optimized with the Yoast SEO plugin v27.4 - https:\/\/yoast.com\/product\/yoast-seo-wordpress\/ -->\n<title>What is ISMEP? - Istanbul Project Coordination Unit<\/title>\n<meta name=\"robots\" content=\"index, follow, max-snippet:-1, max-image-preview:large, max-video-preview:-1\" \/>\n<link rel=\"canonical\" href=\"https:\/\/www.ipkb.gov.tr\/en\/what-is-ismep\/\" \/>\n<meta property=\"og:locale\" content=\"en_US\" \/>\n<meta property=\"og:type\" content=\"article\" \/>\n<meta property=\"og:title\" content=\"What is ISMEP? - Istanbul Project Coordination Unit\" \/>\n<meta property=\"og:description\" content=\"ABOUT ISMEP Country-Region: Turkey - Istanbul Project Owner: Republic of T\u00fcrkiye Ministry of Treasury and Finance Implementing Agency: Republic of T\u00fcrkiye Istanbul Governorship Istanbul Project Coordination Unit (IPCU) Project Duration: 2006 \u2013 2031 Fund Sources: World Bank European Investment Bank Council of Europe Development Bank Islamic Development Bank KfW Development Bank Asian Infrastructure Investment Bank &hellip;\" \/>\n<meta property=\"og:url\" content=\"https:\/\/www.ipkb.gov.tr\/en\/what-is-ismep\/\" \/>\n<meta property=\"og:site_name\" content=\"Istanbul Project Coordination Unit\" \/>\n<meta property=\"article:publisher\" content=\"https:\/\/www.facebook.com\/ipkbgovtr\/\" \/>\n<meta property=\"article:modified_time\" content=\"2026-01-22T06:55:15+00:00\" \/>\n<meta property=\"og:image\" content=\"https:\/\/www.ipkb.gov.tr\/wp-content\/uploads\/2018\/09\/a-bileseni.png\" \/>\n\t<meta property=\"og:image:width\" content=\"199\" \/>\n\t<meta property=\"og:image:height\" content=\"212\" \/>\n\t<meta property=\"og:image:type\" content=\"image\/png\" \/>\n<meta name=\"twitter:card\" content=\"summary_large_image\" \/>\n<meta name=\"twitter:site\" content=\"@ipkbgovtr\" \/>\n<meta name=\"twitter:label1\" content=\"Est. reading time\" \/>\n\t<meta name=\"twitter:data1\" content=\"2 minutes\" \/>\n<script type=\"application\/ld+json\" class=\"yoast-schema-graph\">{\"@context\":\"https:\\\/\\\/schema.org\",\"@graph\":[{\"@type\":\"WebPage\",\"@id\":\"https:\\\/\\\/www.ipkb.gov.tr\\\/en\\\/what-is-ismep\\\/\",\"url\":\"https:\\\/\\\/www.ipkb.gov.tr\\\/en\\\/what-is-ismep\\\/\",\"name\":\"What is ISMEP? - Istanbul Project Coordination Unit\",\"isPartOf\":{\"@id\":\"https:\\\/\\\/www.ipkb.gov.tr\\\/en\\\/#website\"},\"primaryImageOfPage\":{\"@id\":\"https:\\\/\\\/www.ipkb.gov.tr\\\/en\\\/what-is-ismep\\\/#primaryimage\"},\"image\":{\"@id\":\"https:\\\/\\\/www.ipkb.gov.tr\\\/en\\\/what-is-ismep\\\/#primaryimage\"},\"thumbnailUrl\":\"https:\\\/\\\/www.ipkb.gov.tr\\\/wp-content\\\/uploads\\\/2018\\\/09\\\/a-bileseni.png\",\"datePublished\":\"2019-04-18T19:56:33+00:00\",\"dateModified\":\"2026-01-22T06:55:15+00:00\",\"breadcrumb\":{\"@id\":\"https:\\\/\\\/www.ipkb.gov.tr\\\/en\\\/what-is-ismep\\\/#breadcrumb\"},\"inLanguage\":\"en-US\",\"potentialAction\":[{\"@type\":\"ReadAction\",\"target\":[\"https:\\\/\\\/www.ipkb.gov.tr\\\/en\\\/what-is-ismep\\\/\"]}]},{\"@type\":\"ImageObject\",\"inLanguage\":\"en-US\",\"@id\":\"https:\\\/\\\/www.ipkb.gov.tr\\\/en\\\/what-is-ismep\\\/#primaryimage\",\"url\":\"https:\\\/\\\/www.ipkb.gov.tr\\\/wp-content\\\/uploads\\\/2018\\\/09\\\/a-bileseni.png\",\"contentUrl\":\"https:\\\/\\\/www.ipkb.gov.tr\\\/wp-content\\\/uploads\\\/2018\\\/09\\\/a-bileseni.png\"},{\"@type\":\"BreadcrumbList\",\"@id\":\"https:\\\/\\\/www.ipkb.gov.tr\\\/en\\\/what-is-ismep\\\/#breadcrumb\",\"itemListElement\":[{\"@type\":\"ListItem\",\"position\":1,\"name\":\"Ana sayfa\",\"item\":\"https:\\\/\\\/www.ipkb.gov.tr\\\/en\\\/\"},{\"@type\":\"ListItem\",\"position\":2,\"name\":\"What is ISMEP?\"}]},{\"@type\":\"WebSite\",\"@id\":\"https:\\\/\\\/www.ipkb.gov.tr\\\/en\\\/#website\",\"url\":\"https:\\\/\\\/www.ipkb.gov.tr\\\/en\\\/\",\"name\":\"Istanbul Project Coordination Unit\",\"description\":\"We are Strengthening Our Future!\",\"publisher\":{\"@id\":\"https:\\\/\\\/www.ipkb.gov.tr\\\/en\\\/#organization\"},\"potentialAction\":[{\"@type\":\"SearchAction\",\"target\":{\"@type\":\"EntryPoint\",\"urlTemplate\":\"https:\\\/\\\/www.ipkb.gov.tr\\\/en\\\/?s={search_term_string}\"},\"query-input\":{\"@type\":\"PropertyValueSpecification\",\"valueRequired\":true,\"valueName\":\"search_term_string\"}}],\"inLanguage\":\"en-US\"},{\"@type\":\"Organization\",\"@id\":\"https:\\\/\\\/www.ipkb.gov.tr\\\/en\\\/#organization\",\"name\":\"\u0130stanbul Valili\u011fi \u0130stanbul Proje Koordinasyon Birimi\",\"url\":\"https:\\\/\\\/www.ipkb.gov.tr\\\/en\\\/\",\"logo\":{\"@type\":\"ImageObject\",\"inLanguage\":\"en-US\",\"@id\":\"https:\\\/\\\/www.ipkb.gov.tr\\\/en\\\/#\\\/schema\\\/logo\\\/image\\\/\",\"url\":\"https:\\\/\\\/www.ipkb.gov.tr\\\/wp-content\\\/uploads\\\/2019\\\/07\\\/ipkb_logo@2x.png\",\"contentUrl\":\"https:\\\/\\\/www.ipkb.gov.tr\\\/wp-content\\\/uploads\\\/2019\\\/07\\\/ipkb_logo@2x.png\",\"width\":540,\"height\":224,\"caption\":\"\u0130stanbul Valili\u011fi \u0130stanbul Proje Koordinasyon Birimi\"},\"image\":{\"@id\":\"https:\\\/\\\/www.ipkb.gov.tr\\\/en\\\/#\\\/schema\\\/logo\\\/image\\\/\"},\"sameAs\":[\"https:\\\/\\\/www.facebook.com\\\/ipkbgovtr\\\/\",\"https:\\\/\\\/x.com\\\/ipkbgovtr\",\"https:\\\/\\\/www.linkedin.com\\\/company\\\/ipkb\",\"https:\\\/\\\/www.youtube.com\\\/channel\\\/UC3tdflZ3LiqX46e1j8Ar7AQ\"]}]}<\/script>\n<!-- \/ Yoast SEO plugin. -->","yoast_head_json":{"title":"What is ISMEP? - Istanbul Project Coordination Unit","robots":{"index":"index","follow":"follow","max-snippet":"max-snippet:-1","max-image-preview":"max-image-preview:large","max-video-preview":"max-video-preview:-1"},"canonical":"https:\/\/www.ipkb.gov.tr\/en\/what-is-ismep\/","og_locale":"en_US","og_type":"article","og_title":"What is ISMEP? - Istanbul Project Coordination Unit","og_description":"ABOUT ISMEP Country-Region: Turkey - Istanbul Project Owner: Republic of T\u00fcrkiye Ministry of Treasury and Finance Implementing Agency: Republic of T\u00fcrkiye Istanbul Governorship Istanbul Project Coordination Unit (IPCU) Project Duration: 2006 \u2013 2031 Fund Sources: World Bank European Investment Bank Council of Europe Development Bank Islamic Development Bank KfW Development Bank Asian Infrastructure Investment Bank &hellip;","og_url":"https:\/\/www.ipkb.gov.tr\/en\/what-is-ismep\/","og_site_name":"Istanbul Project Coordination Unit","article_publisher":"https:\/\/www.facebook.com\/ipkbgovtr\/","article_modified_time":"2026-01-22T06:55:15+00:00","og_image":[{"width":199,"height":212,"url":"https:\/\/www.ipkb.gov.tr\/wp-content\/uploads\/2018\/09\/a-bileseni.png","type":"image\/png"}],"twitter_card":"summary_large_image","twitter_site":"@ipkbgovtr","twitter_misc":{"Est. reading time":"2 minutes"},"schema":{"@context":"https:\/\/schema.org","@graph":[{"@type":"WebPage","@id":"https:\/\/www.ipkb.gov.tr\/en\/what-is-ismep\/","url":"https:\/\/www.ipkb.gov.tr\/en\/what-is-ismep\/","name":"What is ISMEP? - Istanbul Project Coordination Unit","isPartOf":{"@id":"https:\/\/www.ipkb.gov.tr\/en\/#website"},"primaryImageOfPage":{"@id":"https:\/\/www.ipkb.gov.tr\/en\/what-is-ismep\/#primaryimage"},"image":{"@id":"https:\/\/www.ipkb.gov.tr\/en\/what-is-ismep\/#primaryimage"},"thumbnailUrl":"https:\/\/www.ipkb.gov.tr\/wp-content\/uploads\/2018\/09\/a-bileseni.png","datePublished":"2019-04-18T19:56:33+00:00","dateModified":"2026-01-22T06:55:15+00:00","breadcrumb":{"@id":"https:\/\/www.ipkb.gov.tr\/en\/what-is-ismep\/#breadcrumb"},"inLanguage":"en-US","potentialAction":[{"@type":"ReadAction","target":["https:\/\/www.ipkb.gov.tr\/en\/what-is-ismep\/"]}]},{"@type":"ImageObject","inLanguage":"en-US","@id":"https:\/\/www.ipkb.gov.tr\/en\/what-is-ismep\/#primaryimage","url":"https:\/\/www.ipkb.gov.tr\/wp-content\/uploads\/2018\/09\/a-bileseni.png","contentUrl":"https:\/\/www.ipkb.gov.tr\/wp-content\/uploads\/2018\/09\/a-bileseni.png"},{"@type":"BreadcrumbList","@id":"https:\/\/www.ipkb.gov.tr\/en\/what-is-ismep\/#breadcrumb","itemListElement":[{"@type":"ListItem","position":1,"name":"Ana sayfa","item":"https:\/\/www.ipkb.gov.tr\/en\/"},{"@type":"ListItem","position":2,"name":"What is ISMEP?"}]},{"@type":"WebSite","@id":"https:\/\/www.ipkb.gov.tr\/en\/#website","url":"https:\/\/www.ipkb.gov.tr\/en\/","name":"Istanbul Project Coordination Unit","description":"We are Strengthening Our Future!","publisher":{"@id":"https:\/\/www.ipkb.gov.tr\/en\/#organization"},"potentialAction":[{"@type":"SearchAction","target":{"@type":"EntryPoint","urlTemplate":"https:\/\/www.ipkb.gov.tr\/en\/?s={search_term_string}"},"query-input":{"@type":"PropertyValueSpecification","valueRequired":true,"valueName":"search_term_string"}}],"inLanguage":"en-US"},{"@type":"Organization","@id":"https:\/\/www.ipkb.gov.tr\/en\/#organization","name":"\u0130stanbul Valili\u011fi \u0130stanbul Proje Koordinasyon Birimi","url":"https:\/\/www.ipkb.gov.tr\/en\/","logo":{"@type":"ImageObject","inLanguage":"en-US","@id":"https:\/\/www.ipkb.gov.tr\/en\/#\/schema\/logo\/image\/","url":"https:\/\/www.ipkb.gov.tr\/wp-content\/uploads\/2019\/07\/ipkb_logo@2x.png","contentUrl":"https:\/\/www.ipkb.gov.tr\/wp-content\/uploads\/2019\/07\/ipkb_logo@2x.png","width":540,"height":224,"caption":"\u0130stanbul Valili\u011fi \u0130stanbul Proje Koordinasyon Birimi"},"image":{"@id":"https:\/\/www.ipkb.gov.tr\/en\/#\/schema\/logo\/image\/"},"sameAs":["https:\/\/www.facebook.com\/ipkbgovtr\/","https:\/\/x.com\/ipkbgovtr","https:\/\/www.linkedin.com\/company\/ipkb","https:\/\/www.youtube.com\/channel\/UC3tdflZ3LiqX46e1j8Ar7AQ"]}]}},"_links":{"self":[{"href":"https:\/\/www.ipkb.gov.tr\/en\/wp-json\/wp\/v2\/pages\/5786","targetHints":{"allow":["GET"]}}],"collection":[{"href":"https:\/\/www.ipkb.gov.tr\/en\/wp-json\/wp\/v2\/pages"}],"about":[{"href":"https:\/\/www.ipkb.gov.tr\/en\/wp-json\/wp\/v2\/types\/page"}],"author":[{"embeddable":true,"href":"https:\/\/www.ipkb.gov.tr\/en\/wp-json\/wp\/v2\/users\/1"}],"replies":[{"embeddable":true,"href":"https:\/\/www.ipkb.gov.tr\/en\/wp-json\/wp\/v2\/comments?post=5786"}],"version-history":[{"count":17,"href":"https:\/\/www.ipkb.gov.tr\/en\/wp-json\/wp\/v2\/pages\/5786\/revisions"}],"predecessor-version":[{"id":11655,"href":"https:\/\/www.ipkb.gov.tr\/en\/wp-json\/wp\/v2\/pages\/5786\/revisions\/11655"}],"wp:attachment":[{"href":"https:\/\/www.ipkb.gov.tr\/en\/wp-json\/wp\/v2\/media?parent=5786"}],"curies":[{"name":"wp","href":"https:\/\/api.w.org\/{rel}","templated":true}]}}