{"id":5788,"date":"2019-04-18T23:00:15","date_gmt":"2019-04-18T20:00:15","guid":{"rendered":"https:\/\/www.ipkb.gov.tr\/?page_id=5788"},"modified":"2023-02-15T10:54:18","modified_gmt":"2023-02-15T07:54:18","slug":"a-component","status":"publish","type":"page","link":"https:\/\/www.ipkb.gov.tr\/en\/what-is-ismep\/a-component\/","title":{"rendered":"A Component"},"content":{"rendered":"<div id=\"pl-5788\"  class=\"panel-layout\" ><div id=\"pg-5788-0\"  class=\"panel-grid panel-no-style\" ><div id=\"pgc-5788-0-0\"  class=\"panel-grid-cell\" ><div id=\"panel-5788-0-0-0\" class=\"so-panel widget widget_sow-editor panel-first-child panel-last-child\" data-index=\"0\" ><div\n\t\t\t\n\t\t\tclass=\"so-widget-sow-editor so-widget-sow-editor-base\"\n\t\t\t\n\t\t>\n<div class=\"siteorigin-widget-tinymce textwidget\">\n\t<p>As the Istanbul Project Coordination Unit of the \u0130stanbul Governorship, IPCU, we work for people of Istanbul to be prepared for a possible disaster by enhancing emergency response capacity of public institutions city-wide and increasing community disaster awareness.<\/p>\n<p>Under the ISMEP Project, we are managing the work to increase institutional capacity of the Istanbul Governorship Provincial Disaster and Emergency Management (Istanbul AFAD). Along with this, we also provide required equipments for institutions that are first responders in disaster or emergency, such as Istanbul AFAD Search and Rescue Department, National Medical Rescue Teams (UMKE), Istanbul Security Directorate, Istanbul Gendarmerie Command, and Turkish Red Crescent. We build or renew the infrastructure required for fast communication, cooperation and coordination between these public institutions.<\/p>\n<p>Defined as the A Component, these studies also include public training activities to increase awareness and preparedness against a disaster. Since 2006, <strong>1.7 Million<\/strong>\u00a0people has participated into our \"Safe Life Training\" and we contributed <strong>265,134<\/strong> Istanbul citizens to become a \"Safe Life Volunteer\". Our main aim is to increase these numbers even further to minimize the loss of life and property in a possible earthquake.<\/p>\n<\/div>\n<\/div><\/div><\/div><\/div><div id=\"pg-5788-1\"  class=\"panel-grid panel-no-style\" ><div id=\"pgc-5788-1-0\"  class=\"panel-grid-cell\" ><div id=\"panel-5788-1-0-0\" class=\"so-panel widget widget_pw_icon_box widget-icon-box panel-first-child\" data-index=\"1\" ><div class=\"panel-widget-style panel-widget-style-for-5788-1-0-0\" >\n\t\t\t<a class=\"icon-box\" href=\"\/en\/what-is-ismep\/a-component\/establishment-of-emergency-communication-systems\/\" target=\"_self\">\n\t\n\t\t<i class=\"fa  ipkb-simge-a1\"><\/i>\n\t\t<div class=\"icon-box__text\">\n\t\t\t<h4 class=\"icon-box__title\">Establishment of emergency communication systems <\/h4>\n\t\t\t<span class=\"icon-box__subtitle\"><\/span>\n\t\t<\/div>\n\n\t\t\t<\/a>\n\t\n<\/div><\/div><div id=\"panel-5788-1-0-1\" class=\"so-panel widget widget_pw_icon_box widget-icon-box\" data-index=\"2\" >\n\t\t\t<a class=\"icon-box\" href=\"https:\/\/www.ipkb.gov.tr\/en\/what-is-ismep\/a-component\/enhancement-of-institutional-capacity-of-istanbul-afad\/\" target=\"_self\">\n\t\n\t\t<i class=\"fa  ipkb-simge-a3\"><\/i>\n\t\t<div class=\"icon-box__text\">\n\t\t\t<h4 class=\"icon-box__title\">Enhancement of institutional capacity of Istanbul AFAD<\/h4>\n\t\t\t<span class=\"icon-box__subtitle\"><\/span>\n\t\t<\/div>\n\n\t\t\t<\/a>\n\t\n<\/div><div id=\"panel-5788-1-0-2\" class=\"so-panel widget widget_pw_icon_box widget-icon-box panel-last-child\" data-index=\"3\" >\n\t\t\t<a class=\"icon-box\" href=\"https:\/\/www.ipkb.gov.tr\/en\/what-is-ismep\/a-component\/public-awareness-raising-and-training\/\" target=\"_self\">\n\t\n\t\t<i class=\"fa  ipkb-simge-a5\"><\/i>\n\t\t<div class=\"icon-box__text\">\n\t\t\t<h4 class=\"icon-box__title\">Public awareness raising and training<\/h4>\n\t\t\t<span class=\"icon-box__subtitle\"><\/span>\n\t\t<\/div>\n\n\t\t\t<\/a>\n\t\n<\/div><\/div><div id=\"pgc-5788-1-1\"  class=\"panel-grid-cell\" ><div id=\"panel-5788-1-1-0\" class=\"so-panel widget widget_pw_icon_box widget-icon-box panel-first-child\" data-index=\"4\" >\n\t\t\t<a class=\"icon-box\" href=\"https:\/\/www.ipkb.gov.tr\/en\/what-is-ismep\/a-component\/establishment-of-emergency-management-information-system\/\" target=\"_self\">\n\t\n\t\t<i class=\"fa  ipkb-simge-a2\"><\/i>\n\t\t<div class=\"icon-box__text\">\n\t\t\t<h4 class=\"icon-box__title\">Establishment of emergency management information system <\/h4>\n\t\t\t<span class=\"icon-box__subtitle\"><\/span>\n\t\t<\/div>\n\n\t\t\t<\/a>\n\t\n<\/div><div id=\"panel-5788-1-1-1\" class=\"so-panel widget widget_pw_icon_box widget-icon-box panel-last-child\" data-index=\"5\" >\n\t\t\t<a class=\"icon-box\" href=\"https:\/\/www.ipkb.gov.tr\/en\/what-is-ismep\/a-component\/upgrading-the-emergency-response-capacity-of-the-first-responding-agencies-on-the-occurrence-of-a-disaster\/\" target=\"_self\">\n\t\n\t\t<i class=\"fa  ipkb-simge-a4\"><\/i>\n\t\t<div class=\"icon-box__text\">\n\t\t\t<h4 class=\"icon-box__title\">Upgrading the emergency response capacity of the first responding agencies on the occurrence of a disaster<\/h4>\n\t\t\t<span class=\"icon-box__subtitle\"><\/span>\n\t\t<\/div>\n\n\t\t\t<\/a>\n\t\n<\/div><\/div><\/div><\/div>","protected":false},"excerpt":{"rendered":"<p>As the Istanbul Project Coordination Unit of the \u0130stanbul Governorship, IPCU, we work for people of Istanbul to be prepared for a possible disaster by enhancing emergency response capacity of public institutions city-wide and increasing community disaster awareness. Under the ISMEP Project, we are managing the work to increase institutional capacity of the Istanbul Governorship &hellip;<\/p>\n","protected":false},"author":1,"featured_media":0,"parent":5786,"menu_order":0,"comment_status":"closed","ping_status":"closed","template":"","meta":{"_acf_changed":false,"footnotes":""},"class_list":["post-5788","page","type-page","status-publish","hentry"],"acf":[],"yoast_head":"<!-- This site is optimized with the Yoast SEO plugin v27.4 - https:\/\/yoast.com\/product\/yoast-seo-wordpress\/ -->\n<title>A Component - Istanbul Project Coordination Unit<\/title>\n<meta name=\"robots\" content=\"index, follow, max-snippet:-1, max-image-preview:large, max-video-preview:-1\" \/>\n<link rel=\"canonical\" href=\"https:\/\/www.ipkb.gov.tr\/en\/what-is-ismep\/a-component\/\" \/>\n<meta property=\"og:locale\" content=\"en_US\" \/>\n<meta property=\"og:type\" content=\"article\" \/>\n<meta property=\"og:title\" content=\"A Component - Istanbul Project Coordination Unit\" \/>\n<meta property=\"og:description\" content=\"As the Istanbul Project Coordination Unit of the \u0130stanbul Governorship, IPCU, we work for people of Istanbul to be prepared for a possible disaster by enhancing emergency response capacity of public institutions city-wide and increasing community disaster awareness. Under the ISMEP Project, we are managing the work to increase institutional capacity of the Istanbul Governorship &hellip;\" \/>\n<meta property=\"og:url\" content=\"https:\/\/www.ipkb.gov.tr\/en\/what-is-ismep\/a-component\/\" \/>\n<meta property=\"og:site_name\" content=\"Istanbul Project Coordination Unit\" \/>\n<meta property=\"article:publisher\" content=\"https:\/\/www.facebook.com\/ipkbgovtr\/\" \/>\n<meta property=\"article:modified_time\" content=\"2023-02-15T07:54:18+00:00\" \/>\n<meta name=\"twitter:card\" content=\"summary_large_image\" \/>\n<meta name=\"twitter:site\" content=\"@ipkbgovtr\" \/>\n<meta name=\"twitter:label1\" content=\"Est. reading time\" \/>\n\t<meta name=\"twitter:data1\" content=\"2 minutes\" \/>\n<script type=\"application\/ld+json\" class=\"yoast-schema-graph\">{\"@context\":\"https:\\\/\\\/schema.org\",\"@graph\":[{\"@type\":\"WebPage\",\"@id\":\"https:\\\/\\\/www.ipkb.gov.tr\\\/en\\\/what-is-ismep\\\/a-component\\\/\",\"url\":\"https:\\\/\\\/www.ipkb.gov.tr\\\/en\\\/what-is-ismep\\\/a-component\\\/\",\"name\":\"A Component - Istanbul Project Coordination Unit\",\"isPartOf\":{\"@id\":\"https:\\\/\\\/www.ipkb.gov.tr\\\/en\\\/#website\"},\"datePublished\":\"2019-04-18T20:00:15+00:00\",\"dateModified\":\"2023-02-15T07:54:18+00:00\",\"breadcrumb\":{\"@id\":\"https:\\\/\\\/www.ipkb.gov.tr\\\/en\\\/what-is-ismep\\\/a-component\\\/#breadcrumb\"},\"inLanguage\":\"en-US\",\"potentialAction\":[{\"@type\":\"ReadAction\",\"target\":[\"https:\\\/\\\/www.ipkb.gov.tr\\\/en\\\/what-is-ismep\\\/a-component\\\/\"]}]},{\"@type\":\"BreadcrumbList\",\"@id\":\"https:\\\/\\\/www.ipkb.gov.tr\\\/en\\\/what-is-ismep\\\/a-component\\\/#breadcrumb\",\"itemListElement\":[{\"@type\":\"ListItem\",\"position\":1,\"name\":\"Ana sayfa\",\"item\":\"https:\\\/\\\/www.ipkb.gov.tr\\\/en\\\/\"},{\"@type\":\"ListItem\",\"position\":2,\"name\":\"What is ISMEP?\",\"item\":\"https:\\\/\\\/www.ipkb.gov.tr\\\/en\\\/what-is-ismep\\\/\"},{\"@type\":\"ListItem\",\"position\":3,\"name\":\"A Component\"}]},{\"@type\":\"WebSite\",\"@id\":\"https:\\\/\\\/www.ipkb.gov.tr\\\/en\\\/#website\",\"url\":\"https:\\\/\\\/www.ipkb.gov.tr\\\/en\\\/\",\"name\":\"Istanbul Project Coordination Unit\",\"description\":\"We are Strengthening Our Future!\",\"publisher\":{\"@id\":\"https:\\\/\\\/www.ipkb.gov.tr\\\/en\\\/#organization\"},\"potentialAction\":[{\"@type\":\"SearchAction\",\"target\":{\"@type\":\"EntryPoint\",\"urlTemplate\":\"https:\\\/\\\/www.ipkb.gov.tr\\\/en\\\/?s={search_term_string}\"},\"query-input\":{\"@type\":\"PropertyValueSpecification\",\"valueRequired\":true,\"valueName\":\"search_term_string\"}}],\"inLanguage\":\"en-US\"},{\"@type\":\"Organization\",\"@id\":\"https:\\\/\\\/www.ipkb.gov.tr\\\/en\\\/#organization\",\"name\":\"\u0130stanbul Valili\u011fi \u0130stanbul Proje Koordinasyon Birimi\",\"url\":\"https:\\\/\\\/www.ipkb.gov.tr\\\/en\\\/\",\"logo\":{\"@type\":\"ImageObject\",\"inLanguage\":\"en-US\",\"@id\":\"https:\\\/\\\/www.ipkb.gov.tr\\\/en\\\/#\\\/schema\\\/logo\\\/image\\\/\",\"url\":\"https:\\\/\\\/www.ipkb.gov.tr\\\/wp-content\\\/uploads\\\/2019\\\/07\\\/ipkb_logo@2x.png\",\"contentUrl\":\"https:\\\/\\\/www.ipkb.gov.tr\\\/wp-content\\\/uploads\\\/2019\\\/07\\\/ipkb_logo@2x.png\",\"width\":540,\"height\":224,\"caption\":\"\u0130stanbul Valili\u011fi \u0130stanbul Proje Koordinasyon Birimi\"},\"image\":{\"@id\":\"https:\\\/\\\/www.ipkb.gov.tr\\\/en\\\/#\\\/schema\\\/logo\\\/image\\\/\"},\"sameAs\":[\"https:\\\/\\\/www.facebook.com\\\/ipkbgovtr\\\/\",\"https:\\\/\\\/x.com\\\/ipkbgovtr\",\"https:\\\/\\\/www.linkedin.com\\\/company\\\/ipkb\",\"https:\\\/\\\/www.youtube.com\\\/channel\\\/UC3tdflZ3LiqX46e1j8Ar7AQ\"]}]}<\/script>\n<!-- \/ Yoast SEO plugin. -->","yoast_head_json":{"title":"A Component - Istanbul Project Coordination Unit","robots":{"index":"index","follow":"follow","max-snippet":"max-snippet:-1","max-image-preview":"max-image-preview:large","max-video-preview":"max-video-preview:-1"},"canonical":"https:\/\/www.ipkb.gov.tr\/en\/what-is-ismep\/a-component\/","og_locale":"en_US","og_type":"article","og_title":"A Component - Istanbul Project Coordination Unit","og_description":"As the Istanbul Project Coordination Unit of the \u0130stanbul Governorship, IPCU, we work for people of Istanbul to be prepared for a possible disaster by enhancing emergency response capacity of public institutions city-wide and increasing community disaster awareness. Under the ISMEP Project, we are managing the work to increase institutional capacity of the Istanbul Governorship &hellip;","og_url":"https:\/\/www.ipkb.gov.tr\/en\/what-is-ismep\/a-component\/","og_site_name":"Istanbul Project Coordination Unit","article_publisher":"https:\/\/www.facebook.com\/ipkbgovtr\/","article_modified_time":"2023-02-15T07:54:18+00:00","twitter_card":"summary_large_image","twitter_site":"@ipkbgovtr","twitter_misc":{"Est. reading time":"2 minutes"},"schema":{"@context":"https:\/\/schema.org","@graph":[{"@type":"WebPage","@id":"https:\/\/www.ipkb.gov.tr\/en\/what-is-ismep\/a-component\/","url":"https:\/\/www.ipkb.gov.tr\/en\/what-is-ismep\/a-component\/","name":"A Component - Istanbul Project Coordination Unit","isPartOf":{"@id":"https:\/\/www.ipkb.gov.tr\/en\/#website"},"datePublished":"2019-04-18T20:00:15+00:00","dateModified":"2023-02-15T07:54:18+00:00","breadcrumb":{"@id":"https:\/\/www.ipkb.gov.tr\/en\/what-is-ismep\/a-component\/#breadcrumb"},"inLanguage":"en-US","potentialAction":[{"@type":"ReadAction","target":["https:\/\/www.ipkb.gov.tr\/en\/what-is-ismep\/a-component\/"]}]},{"@type":"BreadcrumbList","@id":"https:\/\/www.ipkb.gov.tr\/en\/what-is-ismep\/a-component\/#breadcrumb","itemListElement":[{"@type":"ListItem","position":1,"name":"Ana sayfa","item":"https:\/\/www.ipkb.gov.tr\/en\/"},{"@type":"ListItem","position":2,"name":"What is ISMEP?","item":"https:\/\/www.ipkb.gov.tr\/en\/what-is-ismep\/"},{"@type":"ListItem","position":3,"name":"A Component"}]},{"@type":"WebSite","@id":"https:\/\/www.ipkb.gov.tr\/en\/#website","url":"https:\/\/www.ipkb.gov.tr\/en\/","name":"Istanbul Project Coordination Unit","description":"We are Strengthening Our Future!","publisher":{"@id":"https:\/\/www.ipkb.gov.tr\/en\/#organization"},"potentialAction":[{"@type":"SearchAction","target":{"@type":"EntryPoint","urlTemplate":"https:\/\/www.ipkb.gov.tr\/en\/?s={search_term_string}"},"query-input":{"@type":"PropertyValueSpecification","valueRequired":true,"valueName":"search_term_string"}}],"inLanguage":"en-US"},{"@type":"Organization","@id":"https:\/\/www.ipkb.gov.tr\/en\/#organization","name":"\u0130stanbul Valili\u011fi \u0130stanbul Proje Koordinasyon Birimi","url":"https:\/\/www.ipkb.gov.tr\/en\/","logo":{"@type":"ImageObject","inLanguage":"en-US","@id":"https:\/\/www.ipkb.gov.tr\/en\/#\/schema\/logo\/image\/","url":"https:\/\/www.ipkb.gov.tr\/wp-content\/uploads\/2019\/07\/ipkb_logo@2x.png","contentUrl":"https:\/\/www.ipkb.gov.tr\/wp-content\/uploads\/2019\/07\/ipkb_logo@2x.png","width":540,"height":224,"caption":"\u0130stanbul Valili\u011fi \u0130stanbul Proje Koordinasyon Birimi"},"image":{"@id":"https:\/\/www.ipkb.gov.tr\/en\/#\/schema\/logo\/image\/"},"sameAs":["https:\/\/www.facebook.com\/ipkbgovtr\/","https:\/\/x.com\/ipkbgovtr","https:\/\/www.linkedin.com\/company\/ipkb","https:\/\/www.youtube.com\/channel\/UC3tdflZ3LiqX46e1j8Ar7AQ"]}]}},"_links":{"self":[{"href":"https:\/\/www.ipkb.gov.tr\/en\/wp-json\/wp\/v2\/pages\/5788","targetHints":{"allow":["GET"]}}],"collection":[{"href":"https:\/\/www.ipkb.gov.tr\/en\/wp-json\/wp\/v2\/pages"}],"about":[{"href":"https:\/\/www.ipkb.gov.tr\/en\/wp-json\/wp\/v2\/types\/page"}],"author":[{"embeddable":true,"href":"https:\/\/www.ipkb.gov.tr\/en\/wp-json\/wp\/v2\/users\/1"}],"replies":[{"embeddable":true,"href":"https:\/\/www.ipkb.gov.tr\/en\/wp-json\/wp\/v2\/comments?post=5788"}],"version-history":[{"count":18,"href":"https:\/\/www.ipkb.gov.tr\/en\/wp-json\/wp\/v2\/pages\/5788\/revisions"}],"predecessor-version":[{"id":9419,"href":"https:\/\/www.ipkb.gov.tr\/en\/wp-json\/wp\/v2\/pages\/5788\/revisions\/9419"}],"up":[{"embeddable":true,"href":"https:\/\/www.ipkb.gov.tr\/en\/wp-json\/wp\/v2\/pages\/5786"}],"wp:attachment":[{"href":"https:\/\/www.ipkb.gov.tr\/en\/wp-json\/wp\/v2\/media?parent=5788"}],"curies":[{"name":"wp","href":"https:\/\/api.w.org\/{rel}","templated":true}]}}