{"id":5793,"date":"2019-04-18T23:04:11","date_gmt":"2019-04-18T20:04:11","guid":{"rendered":"https:\/\/www.ipkb.gov.tr\/?page_id=5793"},"modified":"2019-04-30T11:57:39","modified_gmt":"2019-04-30T08:57:39","slug":"establishment-of-emergency-communication-systems","status":"publish","type":"page","link":"https:\/\/www.ipkb.gov.tr\/en\/what-is-ismep\/a-component\/establishment-of-emergency-communication-systems\/","title":{"rendered":"Establishment and Development of Emergency Communication Systems"},"content":{"rendered":"<p>Communication becomes a life-saving function during earthquakes and other natural disasters. The communication between control center and field teams is critical when there\u2019s a race against time.<\/p>\n<p>Studies show that during and after the Marmara Earthquake in 1999, communication capabilities became limited or non-existent, telephone exchanges and wired lines were disabled, and cellular networks couldn\u2019t meet the need for emergency communications.<\/p>\n<p>Thus, we have made investments under ISMEP to establish a common communication channel for the first responders institutions to use during disasters.<\/p>\n<p><img loading=\"lazy\" decoding=\"async\" class=\"wp-image-4721 size-full aligncenter\" src=\"https:\/\/www.ipkb.gov.tr\/wp-content\/uploads\/2018\/10\/haberlesme2.jpg\" alt=\"\" width=\"684\" height=\"321\" srcset=\"https:\/\/www.ipkb.gov.tr\/wp-content\/uploads\/2018\/10\/haberlesme2.jpg 684w, https:\/\/www.ipkb.gov.tr\/wp-content\/uploads\/2018\/10\/haberlesme2-300x141.jpg 300w, https:\/\/www.ipkb.gov.tr\/wp-content\/uploads\/2018\/10\/haberlesme2-540x253.jpg 540w\" sizes=\"auto, (max-width: 684px) 100vw, 684px\" \/><\/p>\n<p>We built the required infrastructure to establish a continuous communication in case of an emergency between relevant organizations, starting with \u0130stanbul\u2019s Disaster and Emergency Management Authority (AFAD). With \u0130stanbul AFAD, we provided a digital connection between all public institutions and organizations. By this means, a communication network has been built as if there\u2019s a direct line over TURKSAT satellite.<\/p>\n<p>We have improved the analog wide area radio system, and with investments on IP-based communication keys, we ensured that public institutions can contact each other on a common channel even when using different communication systems. We built the wide area radio system DMR (Digital Mobile Radio) in \u0130stanbul, which is a completely digital system. This system is also the first and only wide area communications system with a city-wide usage.<\/p>\n<p><img loading=\"lazy\" decoding=\"async\" class=\"aligncenter size-full wp-image-4727\" src=\"https:\/\/www.ipkb.gov.tr\/wp-content\/uploads\/2018\/10\/ipkb_once_gif.gif\" alt=\"\" width=\"700\" height=\"356\" \/><\/p>\n<p><em>Extented Coverage Area After ISMEP Investment<\/em><\/p>\n<p>HF\/SSB radios providing public institutions communicate to each other without the need for any telecommunications infrastructure are acquired under ISMEP. In this way, command control centers and related institutions can establish a common communication even if the satellite phone is damaged during a disaster.<\/p>\n<p>All related institutions integrated to the system can now monitor the area by using camera systems in case of an emergency and disaster thanks to our investments on fiber-optic systems. Before that, only one unit had the ability to monitor the camera systems. Along with all these efforts, we supplied a 4&#215;4 mobile communication vehicle which is able to move in difficult road conditions in order to back up the communications centers in Command &amp; Control and Coordination Centers. By going to the areas in which communication has interrupted after the disaster with this vehicle which was redounded to Istanbul AFAD within the scope of ISMEP, we provided the essential basis for communication with public agecies\u2019 communication centers and the field. These vehicles are equipped with a generator, a camera system with day and night recording, UHF, VHF, HF\/SSB, DMR digital radios, GSM, satellite phones and uplink systems. By means of the satellite connection; audio, data and imagery transfer can be made from the scene.<\/p>\n<p><img loading=\"lazy\" decoding=\"async\" class=\"size-full wp-image-4729 aligncenter\" src=\"https:\/\/www.ipkb.gov.tr\/wp-content\/uploads\/2018\/10\/haberlesme_2.png\" alt=\"\" width=\"684\" height=\"153\" srcset=\"https:\/\/www.ipkb.gov.tr\/wp-content\/uploads\/2018\/10\/haberlesme_2.png 684w, https:\/\/www.ipkb.gov.tr\/wp-content\/uploads\/2018\/10\/haberlesme_2-300x67.png 300w, https:\/\/www.ipkb.gov.tr\/wp-content\/uploads\/2018\/10\/haberlesme_2-540x121.png 540w\" sizes=\"auto, (max-width: 684px) 100vw, 684px\" \/><\/p>\n<h3>103.0 Afet FM<\/h3>\n<p>To provide continuous and up-to-date information from the first source to \u0130stanbul residents in case of a disaster in \u0130stanbul, investments have been made under \u0130SMEP for Afet FM studios within Istanbul AFAD that is broadcasting on 103.0 MHz frequency. Mobile Radio Vehicle is equipped to backup broadcast studios in Command and Control Centers in case of a disaster and emergency.<\/p>\n<p><img loading=\"lazy\" decoding=\"async\" class=\"aligncenter size-full wp-image-4731\" src=\"https:\/\/www.ipkb.gov.tr\/wp-content\/uploads\/2018\/10\/afet_fm.jpg\" alt=\"\" width=\"684\" height=\"391\" srcset=\"https:\/\/www.ipkb.gov.tr\/wp-content\/uploads\/2018\/10\/afet_fm.jpg 684w, https:\/\/www.ipkb.gov.tr\/wp-content\/uploads\/2018\/10\/afet_fm-300x171.jpg 300w, https:\/\/www.ipkb.gov.tr\/wp-content\/uploads\/2018\/10\/afet_fm-540x309.jpg 540w\" sizes=\"auto, (max-width: 684px) 100vw, 684px\" \/><\/p>\n","protected":false},"excerpt":{"rendered":"<p>Communication becomes a life-saving function during earthquakes and other natural disasters. The communication between control center and field teams is critical when there\u2019s a race against time. Studies show that during and after the Marmara Earthquake in 1999, communication capabilities became limited or non-existent, telephone exchanges and wired lines were disabled, and cellular networks couldn\u2019t &hellip;<\/p>\n","protected":false},"author":1,"featured_media":0,"parent":5788,"menu_order":1,"comment_status":"closed","ping_status":"closed","template":"","meta":{"_acf_changed":false,"footnotes":""},"class_list":["post-5793","page","type-page","status-publish","hentry"],"acf":[],"yoast_head":"<!-- This site is optimized with the Yoast SEO plugin v27.4 - https:\/\/yoast.com\/product\/yoast-seo-wordpress\/ -->\n<title>Establishment and Development of Emergency Communication Systems - Istanbul Project Coordination Unit<\/title>\n<meta name=\"robots\" content=\"index, follow, max-snippet:-1, max-image-preview:large, max-video-preview:-1\" \/>\n<link rel=\"canonical\" href=\"https:\/\/www.ipkb.gov.tr\/en\/what-is-ismep\/a-component\/establishment-of-emergency-communication-systems\/\" \/>\n<meta property=\"og:locale\" content=\"en_US\" \/>\n<meta property=\"og:type\" content=\"article\" \/>\n<meta property=\"og:title\" content=\"Establishment and Development of Emergency Communication Systems - Istanbul Project Coordination Unit\" \/>\n<meta property=\"og:description\" content=\"Communication becomes a life-saving function during earthquakes and other natural disasters. The communication between control center and field teams is critical when there\u2019s a race against time. Studies show that during and after the Marmara Earthquake in 1999, communication capabilities became limited or non-existent, telephone exchanges and wired lines were disabled, and cellular networks couldn\u2019t &hellip;\" \/>\n<meta property=\"og:url\" content=\"https:\/\/www.ipkb.gov.tr\/en\/what-is-ismep\/a-component\/establishment-of-emergency-communication-systems\/\" \/>\n<meta property=\"og:site_name\" content=\"Istanbul Project Coordination Unit\" \/>\n<meta property=\"article:publisher\" content=\"https:\/\/www.facebook.com\/ipkbgovtr\/\" \/>\n<meta property=\"article:modified_time\" content=\"2019-04-30T08:57:39+00:00\" \/>\n<meta property=\"og:image\" content=\"https:\/\/www.ipkb.gov.tr\/wp-content\/uploads\/2018\/10\/haberlesme2.jpg\" \/>\n<meta name=\"twitter:card\" content=\"summary_large_image\" \/>\n<meta name=\"twitter:site\" content=\"@ipkbgovtr\" \/>\n<meta name=\"twitter:label1\" content=\"Est. reading time\" \/>\n\t<meta name=\"twitter:data1\" content=\"2 minutes\" \/>\n<script type=\"application\/ld+json\" class=\"yoast-schema-graph\">{\"@context\":\"https:\\\/\\\/schema.org\",\"@graph\":[{\"@type\":\"WebPage\",\"@id\":\"https:\\\/\\\/www.ipkb.gov.tr\\\/en\\\/what-is-ismep\\\/a-component\\\/establishment-of-emergency-communication-systems\\\/\",\"url\":\"https:\\\/\\\/www.ipkb.gov.tr\\\/en\\\/what-is-ismep\\\/a-component\\\/establishment-of-emergency-communication-systems\\\/\",\"name\":\"Establishment and Development of Emergency Communication Systems - Istanbul Project Coordination Unit\",\"isPartOf\":{\"@id\":\"https:\\\/\\\/www.ipkb.gov.tr\\\/en\\\/#website\"},\"primaryImageOfPage\":{\"@id\":\"https:\\\/\\\/www.ipkb.gov.tr\\\/en\\\/what-is-ismep\\\/a-component\\\/establishment-of-emergency-communication-systems\\\/#primaryimage\"},\"image\":{\"@id\":\"https:\\\/\\\/www.ipkb.gov.tr\\\/en\\\/what-is-ismep\\\/a-component\\\/establishment-of-emergency-communication-systems\\\/#primaryimage\"},\"thumbnailUrl\":\"https:\\\/\\\/www.ipkb.gov.tr\\\/wp-content\\\/uploads\\\/2018\\\/10\\\/haberlesme2.jpg\",\"datePublished\":\"2019-04-18T20:04:11+00:00\",\"dateModified\":\"2019-04-30T08:57:39+00:00\",\"breadcrumb\":{\"@id\":\"https:\\\/\\\/www.ipkb.gov.tr\\\/en\\\/what-is-ismep\\\/a-component\\\/establishment-of-emergency-communication-systems\\\/#breadcrumb\"},\"inLanguage\":\"en-US\",\"potentialAction\":[{\"@type\":\"ReadAction\",\"target\":[\"https:\\\/\\\/www.ipkb.gov.tr\\\/en\\\/what-is-ismep\\\/a-component\\\/establishment-of-emergency-communication-systems\\\/\"]}]},{\"@type\":\"ImageObject\",\"inLanguage\":\"en-US\",\"@id\":\"https:\\\/\\\/www.ipkb.gov.tr\\\/en\\\/what-is-ismep\\\/a-component\\\/establishment-of-emergency-communication-systems\\\/#primaryimage\",\"url\":\"https:\\\/\\\/www.ipkb.gov.tr\\\/wp-content\\\/uploads\\\/2018\\\/10\\\/haberlesme2.jpg\",\"contentUrl\":\"https:\\\/\\\/www.ipkb.gov.tr\\\/wp-content\\\/uploads\\\/2018\\\/10\\\/haberlesme2.jpg\"},{\"@type\":\"BreadcrumbList\",\"@id\":\"https:\\\/\\\/www.ipkb.gov.tr\\\/en\\\/what-is-ismep\\\/a-component\\\/establishment-of-emergency-communication-systems\\\/#breadcrumb\",\"itemListElement\":[{\"@type\":\"ListItem\",\"position\":1,\"name\":\"Ana sayfa\",\"item\":\"https:\\\/\\\/www.ipkb.gov.tr\\\/en\\\/\"},{\"@type\":\"ListItem\",\"position\":2,\"name\":\"What is ISMEP?\",\"item\":\"https:\\\/\\\/www.ipkb.gov.tr\\\/en\\\/what-is-ismep\\\/\"},{\"@type\":\"ListItem\",\"position\":3,\"name\":\"A Component\",\"item\":\"https:\\\/\\\/www.ipkb.gov.tr\\\/en\\\/what-is-ismep\\\/a-component\\\/\"},{\"@type\":\"ListItem\",\"position\":4,\"name\":\"Establishment and Development of Emergency Communication Systems\"}]},{\"@type\":\"WebSite\",\"@id\":\"https:\\\/\\\/www.ipkb.gov.tr\\\/en\\\/#website\",\"url\":\"https:\\\/\\\/www.ipkb.gov.tr\\\/en\\\/\",\"name\":\"Istanbul Project Coordination Unit\",\"description\":\"We are Strengthening Our Future!\",\"publisher\":{\"@id\":\"https:\\\/\\\/www.ipkb.gov.tr\\\/en\\\/#organization\"},\"potentialAction\":[{\"@type\":\"SearchAction\",\"target\":{\"@type\":\"EntryPoint\",\"urlTemplate\":\"https:\\\/\\\/www.ipkb.gov.tr\\\/en\\\/?s={search_term_string}\"},\"query-input\":{\"@type\":\"PropertyValueSpecification\",\"valueRequired\":true,\"valueName\":\"search_term_string\"}}],\"inLanguage\":\"en-US\"},{\"@type\":\"Organization\",\"@id\":\"https:\\\/\\\/www.ipkb.gov.tr\\\/en\\\/#organization\",\"name\":\"\u0130stanbul Valili\u011fi \u0130stanbul Proje Koordinasyon Birimi\",\"url\":\"https:\\\/\\\/www.ipkb.gov.tr\\\/en\\\/\",\"logo\":{\"@type\":\"ImageObject\",\"inLanguage\":\"en-US\",\"@id\":\"https:\\\/\\\/www.ipkb.gov.tr\\\/en\\\/#\\\/schema\\\/logo\\\/image\\\/\",\"url\":\"https:\\\/\\\/www.ipkb.gov.tr\\\/wp-content\\\/uploads\\\/2019\\\/07\\\/ipkb_logo@2x.png\",\"contentUrl\":\"https:\\\/\\\/www.ipkb.gov.tr\\\/wp-content\\\/uploads\\\/2019\\\/07\\\/ipkb_logo@2x.png\",\"width\":540,\"height\":224,\"caption\":\"\u0130stanbul Valili\u011fi \u0130stanbul Proje Koordinasyon Birimi\"},\"image\":{\"@id\":\"https:\\\/\\\/www.ipkb.gov.tr\\\/en\\\/#\\\/schema\\\/logo\\\/image\\\/\"},\"sameAs\":[\"https:\\\/\\\/www.facebook.com\\\/ipkbgovtr\\\/\",\"https:\\\/\\\/x.com\\\/ipkbgovtr\",\"https:\\\/\\\/www.linkedin.com\\\/company\\\/ipkb\",\"https:\\\/\\\/www.youtube.com\\\/channel\\\/UC3tdflZ3LiqX46e1j8Ar7AQ\"]}]}<\/script>\n<!-- \/ Yoast SEO plugin. -->","yoast_head_json":{"title":"Establishment and Development of Emergency Communication Systems - Istanbul Project Coordination Unit","robots":{"index":"index","follow":"follow","max-snippet":"max-snippet:-1","max-image-preview":"max-image-preview:large","max-video-preview":"max-video-preview:-1"},"canonical":"https:\/\/www.ipkb.gov.tr\/en\/what-is-ismep\/a-component\/establishment-of-emergency-communication-systems\/","og_locale":"en_US","og_type":"article","og_title":"Establishment and Development of Emergency Communication Systems - Istanbul Project Coordination Unit","og_description":"Communication becomes a life-saving function during earthquakes and other natural disasters. The communication between control center and field teams is critical when there\u2019s a race against time. Studies show that during and after the Marmara Earthquake in 1999, communication capabilities became limited or non-existent, telephone exchanges and wired lines were disabled, and cellular networks couldn\u2019t &hellip;","og_url":"https:\/\/www.ipkb.gov.tr\/en\/what-is-ismep\/a-component\/establishment-of-emergency-communication-systems\/","og_site_name":"Istanbul Project Coordination Unit","article_publisher":"https:\/\/www.facebook.com\/ipkbgovtr\/","article_modified_time":"2019-04-30T08:57:39+00:00","og_image":[{"url":"https:\/\/www.ipkb.gov.tr\/wp-content\/uploads\/2018\/10\/haberlesme2.jpg","type":"","width":"","height":""}],"twitter_card":"summary_large_image","twitter_site":"@ipkbgovtr","twitter_misc":{"Est. reading time":"2 minutes"},"schema":{"@context":"https:\/\/schema.org","@graph":[{"@type":"WebPage","@id":"https:\/\/www.ipkb.gov.tr\/en\/what-is-ismep\/a-component\/establishment-of-emergency-communication-systems\/","url":"https:\/\/www.ipkb.gov.tr\/en\/what-is-ismep\/a-component\/establishment-of-emergency-communication-systems\/","name":"Establishment and Development of Emergency Communication Systems - Istanbul Project Coordination Unit","isPartOf":{"@id":"https:\/\/www.ipkb.gov.tr\/en\/#website"},"primaryImageOfPage":{"@id":"https:\/\/www.ipkb.gov.tr\/en\/what-is-ismep\/a-component\/establishment-of-emergency-communication-systems\/#primaryimage"},"image":{"@id":"https:\/\/www.ipkb.gov.tr\/en\/what-is-ismep\/a-component\/establishment-of-emergency-communication-systems\/#primaryimage"},"thumbnailUrl":"https:\/\/www.ipkb.gov.tr\/wp-content\/uploads\/2018\/10\/haberlesme2.jpg","datePublished":"2019-04-18T20:04:11+00:00","dateModified":"2019-04-30T08:57:39+00:00","breadcrumb":{"@id":"https:\/\/www.ipkb.gov.tr\/en\/what-is-ismep\/a-component\/establishment-of-emergency-communication-systems\/#breadcrumb"},"inLanguage":"en-US","potentialAction":[{"@type":"ReadAction","target":["https:\/\/www.ipkb.gov.tr\/en\/what-is-ismep\/a-component\/establishment-of-emergency-communication-systems\/"]}]},{"@type":"ImageObject","inLanguage":"en-US","@id":"https:\/\/www.ipkb.gov.tr\/en\/what-is-ismep\/a-component\/establishment-of-emergency-communication-systems\/#primaryimage","url":"https:\/\/www.ipkb.gov.tr\/wp-content\/uploads\/2018\/10\/haberlesme2.jpg","contentUrl":"https:\/\/www.ipkb.gov.tr\/wp-content\/uploads\/2018\/10\/haberlesme2.jpg"},{"@type":"BreadcrumbList","@id":"https:\/\/www.ipkb.gov.tr\/en\/what-is-ismep\/a-component\/establishment-of-emergency-communication-systems\/#breadcrumb","itemListElement":[{"@type":"ListItem","position":1,"name":"Ana sayfa","item":"https:\/\/www.ipkb.gov.tr\/en\/"},{"@type":"ListItem","position":2,"name":"What is ISMEP?","item":"https:\/\/www.ipkb.gov.tr\/en\/what-is-ismep\/"},{"@type":"ListItem","position":3,"name":"A Component","item":"https:\/\/www.ipkb.gov.tr\/en\/what-is-ismep\/a-component\/"},{"@type":"ListItem","position":4,"name":"Establishment and Development of Emergency Communication Systems"}]},{"@type":"WebSite","@id":"https:\/\/www.ipkb.gov.tr\/en\/#website","url":"https:\/\/www.ipkb.gov.tr\/en\/","name":"Istanbul Project Coordination Unit","description":"We are Strengthening Our Future!","publisher":{"@id":"https:\/\/www.ipkb.gov.tr\/en\/#organization"},"potentialAction":[{"@type":"SearchAction","target":{"@type":"EntryPoint","urlTemplate":"https:\/\/www.ipkb.gov.tr\/en\/?s={search_term_string}"},"query-input":{"@type":"PropertyValueSpecification","valueRequired":true,"valueName":"search_term_string"}}],"inLanguage":"en-US"},{"@type":"Organization","@id":"https:\/\/www.ipkb.gov.tr\/en\/#organization","name":"\u0130stanbul Valili\u011fi \u0130stanbul Proje Koordinasyon Birimi","url":"https:\/\/www.ipkb.gov.tr\/en\/","logo":{"@type":"ImageObject","inLanguage":"en-US","@id":"https:\/\/www.ipkb.gov.tr\/en\/#\/schema\/logo\/image\/","url":"https:\/\/www.ipkb.gov.tr\/wp-content\/uploads\/2019\/07\/ipkb_logo@2x.png","contentUrl":"https:\/\/www.ipkb.gov.tr\/wp-content\/uploads\/2019\/07\/ipkb_logo@2x.png","width":540,"height":224,"caption":"\u0130stanbul Valili\u011fi \u0130stanbul Proje Koordinasyon Birimi"},"image":{"@id":"https:\/\/www.ipkb.gov.tr\/en\/#\/schema\/logo\/image\/"},"sameAs":["https:\/\/www.facebook.com\/ipkbgovtr\/","https:\/\/x.com\/ipkbgovtr","https:\/\/www.linkedin.com\/company\/ipkb","https:\/\/www.youtube.com\/channel\/UC3tdflZ3LiqX46e1j8Ar7AQ"]}]}},"_links":{"self":[{"href":"https:\/\/www.ipkb.gov.tr\/en\/wp-json\/wp\/v2\/pages\/5793","targetHints":{"allow":["GET"]}}],"collection":[{"href":"https:\/\/www.ipkb.gov.tr\/en\/wp-json\/wp\/v2\/pages"}],"about":[{"href":"https:\/\/www.ipkb.gov.tr\/en\/wp-json\/wp\/v2\/types\/page"}],"author":[{"embeddable":true,"href":"https:\/\/www.ipkb.gov.tr\/en\/wp-json\/wp\/v2\/users\/1"}],"replies":[{"embeddable":true,"href":"https:\/\/www.ipkb.gov.tr\/en\/wp-json\/wp\/v2\/comments?post=5793"}],"version-history":[{"count":4,"href":"https:\/\/www.ipkb.gov.tr\/en\/wp-json\/wp\/v2\/pages\/5793\/revisions"}],"predecessor-version":[{"id":5948,"href":"https:\/\/www.ipkb.gov.tr\/en\/wp-json\/wp\/v2\/pages\/5793\/revisions\/5948"}],"up":[{"embeddable":true,"href":"https:\/\/www.ipkb.gov.tr\/en\/wp-json\/wp\/v2\/pages\/5788"}],"wp:attachment":[{"href":"https:\/\/www.ipkb.gov.tr\/en\/wp-json\/wp\/v2\/media?parent=5793"}],"curies":[{"name":"wp","href":"https:\/\/api.w.org\/{rel}","templated":true}]}}