{"id":5796,"date":"2019-04-18T23:37:19","date_gmt":"2019-04-18T20:37:19","guid":{"rendered":"https:\/\/www.ipkb.gov.tr\/?page_id=5796"},"modified":"2022-06-06T14:45:17","modified_gmt":"2022-06-06T11:45:17","slug":"establishment-of-emergency-management-information-system","status":"publish","type":"page","link":"https:\/\/www.ipkb.gov.tr\/en\/what-is-ismep\/a-component\/establishment-of-emergency-management-information-system\/","title":{"rendered":"Establishment of Emergency Management Information Systems"},"content":{"rendered":"<p>As IPCU, we believe that the first responders and local governments should be prepared and work together in case of a disaster and emergency, such as an earthquake.<\/p>\n<p>In this context, after the 1999 Marmara Earthquake, a National Emergency Management Information System has been developed and extended across all of Turkey under the Marmara Earthquake Emergency Reconstruction Project (MEER). \u0130stanbul Governorship Provincial Disaster and Emergency Management Presidency (Istanbul AFAD) made critical investments to the development of \u201cEmergency Management Systems\u201d.<\/p>\n<p>Within this framework, we immediately renewed the Ca\u011falo\u011flu Service Building of the Istanbul Governorship Provincial Disaster and Emergency Management and by improving the Information and Communications Technologies (ICT) infrastructure of the building, we turned it into a \u201ccentral monitoring station\u201d. This way a healthy flow and management of information between Istanbul AFAD and other institutions have been established.<\/p>\n<p>On the other hand, we increased the effectiveness of the analog wide area radio infrastructure with optimization and coverage area expansion projects.<\/p>\n<p>We built the Hasdal Command Control and Coordination Center in European side with a total closed area of 7500 square meters and 550 staff desk capacity, and Akf\u0131rat Command Control and Coordination Center in Anatolian side with 17,350 square meters of total closed area that includes 8,100 square meters of storage area to work uninterruptedly during a disaster or emergency. We also equipped these buildings to be fully integrated with Ca\u011falo\u011flu Service Building.<\/p>\n<p>New command centers are in easily accessible locations via different transportation alternatives, and they also have heliports to allow air transportation.<\/p>\n<p>The command centers that are projected as backups for each other are designed to carry out the disaster management both jointly and separately.<\/p>\n<p><img loading=\"lazy\" decoding=\"async\" class=\"size-full wp-image-4736\" src=\"https:\/\/www.ipkb.gov.tr\/wp-content\/uploads\/2018\/11\/acil_durum.jpg\" alt=\"\" width=\"684\" height=\"391\" srcset=\"https:\/\/www.ipkb.gov.tr\/wp-content\/uploads\/2018\/11\/acil_durum.jpg 684w, https:\/\/www.ipkb.gov.tr\/wp-content\/uploads\/2018\/11\/acil_durum-300x171.jpg 300w, https:\/\/www.ipkb.gov.tr\/wp-content\/uploads\/2018\/11\/acil_durum-540x309.jpg 540w\" sizes=\"auto, (max-width: 684px) 100vw, 684px\" \/><\/p>\n<p>All of the ICT systems in Akf\u0131rat and Hasdal Control and Coordination Centers are offering their real time, seamless, failsafe and fully integrated infrastructure to the service of \u0130stanbul-wide public institutes under the Istanbul AFAD\u2019s coordination.<\/p>\n<p>Both data centers are designed in comply with business continuity rules and regulations.<\/p>\n<p>Besides these infrastructures, the Disaster Management Information System Software has been developed in compliance with the disaster legislation. This software will be used by all responsible public organizations during a disaster and emergency under the coordination of Istanbul AFAD and it will establish a \u201cJoint Operation View\u201d.<\/p>\n<p>It is replaced by \u201cAYDES\u201d which is also based on this web-based software and customized by Republic of T\u00fcrkiye Disaster and Emergency Management Authority in order to comply with up-to-date disaster legislation. The AYDES software will be the sole disaster management platform used by public institutions across all country. The expansion of AYDES software to the provinces is still continuing.<\/p>\n","protected":false},"excerpt":{"rendered":"<p>As IPCU, we believe that the first responders and local governments should be prepared and work together in case of a disaster and emergency, such as an earthquake. In this context, after the 1999 Marmara Earthquake, a National Emergency Management Information System has been developed and extended across all of Turkey under the Marmara Earthquake &hellip;<\/p>\n","protected":false},"author":1,"featured_media":0,"parent":5788,"menu_order":2,"comment_status":"closed","ping_status":"closed","template":"","meta":{"_acf_changed":false,"footnotes":""},"class_list":["post-5796","page","type-page","status-publish","hentry"],"acf":[],"yoast_head":"<!-- This site is optimized with the Yoast SEO plugin v27.4 - https:\/\/yoast.com\/product\/yoast-seo-wordpress\/ -->\n<title>Establishment of Emergency Management Information Systems - Istanbul Project Coordination Unit<\/title>\n<meta name=\"robots\" content=\"index, follow, max-snippet:-1, max-image-preview:large, max-video-preview:-1\" \/>\n<link rel=\"canonical\" href=\"https:\/\/www.ipkb.gov.tr\/en\/what-is-ismep\/a-component\/establishment-of-emergency-management-information-system\/\" \/>\n<meta property=\"og:locale\" content=\"en_US\" \/>\n<meta property=\"og:type\" content=\"article\" \/>\n<meta property=\"og:title\" content=\"Establishment of Emergency Management Information Systems - Istanbul Project Coordination Unit\" \/>\n<meta property=\"og:description\" content=\"As IPCU, we believe that the first responders and local governments should be prepared and work together in case of a disaster and emergency, such as an earthquake. In this context, after the 1999 Marmara Earthquake, a National Emergency Management Information System has been developed and extended across all of Turkey under the Marmara Earthquake &hellip;\" \/>\n<meta property=\"og:url\" content=\"https:\/\/www.ipkb.gov.tr\/en\/what-is-ismep\/a-component\/establishment-of-emergency-management-information-system\/\" \/>\n<meta property=\"og:site_name\" content=\"Istanbul Project Coordination Unit\" \/>\n<meta property=\"article:publisher\" content=\"https:\/\/www.facebook.com\/ipkbgovtr\/\" \/>\n<meta property=\"article:modified_time\" content=\"2022-06-06T11:45:17+00:00\" \/>\n<meta property=\"og:image\" content=\"https:\/\/www.ipkb.gov.tr\/wp-content\/uploads\/2018\/11\/acil_durum.jpg\" \/>\n<meta name=\"twitter:card\" content=\"summary_large_image\" \/>\n<meta name=\"twitter:site\" content=\"@ipkbgovtr\" \/>\n<meta name=\"twitter:label1\" content=\"Est. reading time\" \/>\n\t<meta name=\"twitter:data1\" content=\"2 minutes\" \/>\n<script type=\"application\/ld+json\" class=\"yoast-schema-graph\">{\"@context\":\"https:\\\/\\\/schema.org\",\"@graph\":[{\"@type\":\"WebPage\",\"@id\":\"https:\\\/\\\/www.ipkb.gov.tr\\\/en\\\/what-is-ismep\\\/a-component\\\/establishment-of-emergency-management-information-system\\\/\",\"url\":\"https:\\\/\\\/www.ipkb.gov.tr\\\/en\\\/what-is-ismep\\\/a-component\\\/establishment-of-emergency-management-information-system\\\/\",\"name\":\"Establishment of Emergency Management Information Systems - Istanbul Project Coordination Unit\",\"isPartOf\":{\"@id\":\"https:\\\/\\\/www.ipkb.gov.tr\\\/en\\\/#website\"},\"primaryImageOfPage\":{\"@id\":\"https:\\\/\\\/www.ipkb.gov.tr\\\/en\\\/what-is-ismep\\\/a-component\\\/establishment-of-emergency-management-information-system\\\/#primaryimage\"},\"image\":{\"@id\":\"https:\\\/\\\/www.ipkb.gov.tr\\\/en\\\/what-is-ismep\\\/a-component\\\/establishment-of-emergency-management-information-system\\\/#primaryimage\"},\"thumbnailUrl\":\"https:\\\/\\\/www.ipkb.gov.tr\\\/wp-content\\\/uploads\\\/2018\\\/11\\\/acil_durum.jpg\",\"datePublished\":\"2019-04-18T20:37:19+00:00\",\"dateModified\":\"2022-06-06T11:45:17+00:00\",\"breadcrumb\":{\"@id\":\"https:\\\/\\\/www.ipkb.gov.tr\\\/en\\\/what-is-ismep\\\/a-component\\\/establishment-of-emergency-management-information-system\\\/#breadcrumb\"},\"inLanguage\":\"en-US\",\"potentialAction\":[{\"@type\":\"ReadAction\",\"target\":[\"https:\\\/\\\/www.ipkb.gov.tr\\\/en\\\/what-is-ismep\\\/a-component\\\/establishment-of-emergency-management-information-system\\\/\"]}]},{\"@type\":\"ImageObject\",\"inLanguage\":\"en-US\",\"@id\":\"https:\\\/\\\/www.ipkb.gov.tr\\\/en\\\/what-is-ismep\\\/a-component\\\/establishment-of-emergency-management-information-system\\\/#primaryimage\",\"url\":\"https:\\\/\\\/www.ipkb.gov.tr\\\/wp-content\\\/uploads\\\/2018\\\/11\\\/acil_durum.jpg\",\"contentUrl\":\"https:\\\/\\\/www.ipkb.gov.tr\\\/wp-content\\\/uploads\\\/2018\\\/11\\\/acil_durum.jpg\"},{\"@type\":\"BreadcrumbList\",\"@id\":\"https:\\\/\\\/www.ipkb.gov.tr\\\/en\\\/what-is-ismep\\\/a-component\\\/establishment-of-emergency-management-information-system\\\/#breadcrumb\",\"itemListElement\":[{\"@type\":\"ListItem\",\"position\":1,\"name\":\"Ana sayfa\",\"item\":\"https:\\\/\\\/www.ipkb.gov.tr\\\/en\\\/\"},{\"@type\":\"ListItem\",\"position\":2,\"name\":\"What is ISMEP?\",\"item\":\"https:\\\/\\\/www.ipkb.gov.tr\\\/en\\\/what-is-ismep\\\/\"},{\"@type\":\"ListItem\",\"position\":3,\"name\":\"A Component\",\"item\":\"https:\\\/\\\/www.ipkb.gov.tr\\\/en\\\/what-is-ismep\\\/a-component\\\/\"},{\"@type\":\"ListItem\",\"position\":4,\"name\":\"Establishment of Emergency Management Information Systems\"}]},{\"@type\":\"WebSite\",\"@id\":\"https:\\\/\\\/www.ipkb.gov.tr\\\/en\\\/#website\",\"url\":\"https:\\\/\\\/www.ipkb.gov.tr\\\/en\\\/\",\"name\":\"Istanbul Project Coordination Unit\",\"description\":\"We are Strengthening Our Future!\",\"publisher\":{\"@id\":\"https:\\\/\\\/www.ipkb.gov.tr\\\/en\\\/#organization\"},\"potentialAction\":[{\"@type\":\"SearchAction\",\"target\":{\"@type\":\"EntryPoint\",\"urlTemplate\":\"https:\\\/\\\/www.ipkb.gov.tr\\\/en\\\/?s={search_term_string}\"},\"query-input\":{\"@type\":\"PropertyValueSpecification\",\"valueRequired\":true,\"valueName\":\"search_term_string\"}}],\"inLanguage\":\"en-US\"},{\"@type\":\"Organization\",\"@id\":\"https:\\\/\\\/www.ipkb.gov.tr\\\/en\\\/#organization\",\"name\":\"\u0130stanbul Valili\u011fi \u0130stanbul Proje Koordinasyon Birimi\",\"url\":\"https:\\\/\\\/www.ipkb.gov.tr\\\/en\\\/\",\"logo\":{\"@type\":\"ImageObject\",\"inLanguage\":\"en-US\",\"@id\":\"https:\\\/\\\/www.ipkb.gov.tr\\\/en\\\/#\\\/schema\\\/logo\\\/image\\\/\",\"url\":\"https:\\\/\\\/www.ipkb.gov.tr\\\/wp-content\\\/uploads\\\/2019\\\/07\\\/ipkb_logo@2x.png\",\"contentUrl\":\"https:\\\/\\\/www.ipkb.gov.tr\\\/wp-content\\\/uploads\\\/2019\\\/07\\\/ipkb_logo@2x.png\",\"width\":540,\"height\":224,\"caption\":\"\u0130stanbul Valili\u011fi \u0130stanbul Proje Koordinasyon Birimi\"},\"image\":{\"@id\":\"https:\\\/\\\/www.ipkb.gov.tr\\\/en\\\/#\\\/schema\\\/logo\\\/image\\\/\"},\"sameAs\":[\"https:\\\/\\\/www.facebook.com\\\/ipkbgovtr\\\/\",\"https:\\\/\\\/x.com\\\/ipkbgovtr\",\"https:\\\/\\\/www.linkedin.com\\\/company\\\/ipkb\",\"https:\\\/\\\/www.youtube.com\\\/channel\\\/UC3tdflZ3LiqX46e1j8Ar7AQ\"]}]}<\/script>\n<!-- \/ Yoast SEO plugin. -->","yoast_head_json":{"title":"Establishment of Emergency Management Information Systems - Istanbul Project Coordination Unit","robots":{"index":"index","follow":"follow","max-snippet":"max-snippet:-1","max-image-preview":"max-image-preview:large","max-video-preview":"max-video-preview:-1"},"canonical":"https:\/\/www.ipkb.gov.tr\/en\/what-is-ismep\/a-component\/establishment-of-emergency-management-information-system\/","og_locale":"en_US","og_type":"article","og_title":"Establishment of Emergency Management Information Systems - Istanbul Project Coordination Unit","og_description":"As IPCU, we believe that the first responders and local governments should be prepared and work together in case of a disaster and emergency, such as an earthquake. In this context, after the 1999 Marmara Earthquake, a National Emergency Management Information System has been developed and extended across all of Turkey under the Marmara Earthquake &hellip;","og_url":"https:\/\/www.ipkb.gov.tr\/en\/what-is-ismep\/a-component\/establishment-of-emergency-management-information-system\/","og_site_name":"Istanbul Project Coordination Unit","article_publisher":"https:\/\/www.facebook.com\/ipkbgovtr\/","article_modified_time":"2022-06-06T11:45:17+00:00","og_image":[{"url":"https:\/\/www.ipkb.gov.tr\/wp-content\/uploads\/2018\/11\/acil_durum.jpg","type":"","width":"","height":""}],"twitter_card":"summary_large_image","twitter_site":"@ipkbgovtr","twitter_misc":{"Est. reading time":"2 minutes"},"schema":{"@context":"https:\/\/schema.org","@graph":[{"@type":"WebPage","@id":"https:\/\/www.ipkb.gov.tr\/en\/what-is-ismep\/a-component\/establishment-of-emergency-management-information-system\/","url":"https:\/\/www.ipkb.gov.tr\/en\/what-is-ismep\/a-component\/establishment-of-emergency-management-information-system\/","name":"Establishment of Emergency Management Information Systems - Istanbul Project Coordination Unit","isPartOf":{"@id":"https:\/\/www.ipkb.gov.tr\/en\/#website"},"primaryImageOfPage":{"@id":"https:\/\/www.ipkb.gov.tr\/en\/what-is-ismep\/a-component\/establishment-of-emergency-management-information-system\/#primaryimage"},"image":{"@id":"https:\/\/www.ipkb.gov.tr\/en\/what-is-ismep\/a-component\/establishment-of-emergency-management-information-system\/#primaryimage"},"thumbnailUrl":"https:\/\/www.ipkb.gov.tr\/wp-content\/uploads\/2018\/11\/acil_durum.jpg","datePublished":"2019-04-18T20:37:19+00:00","dateModified":"2022-06-06T11:45:17+00:00","breadcrumb":{"@id":"https:\/\/www.ipkb.gov.tr\/en\/what-is-ismep\/a-component\/establishment-of-emergency-management-information-system\/#breadcrumb"},"inLanguage":"en-US","potentialAction":[{"@type":"ReadAction","target":["https:\/\/www.ipkb.gov.tr\/en\/what-is-ismep\/a-component\/establishment-of-emergency-management-information-system\/"]}]},{"@type":"ImageObject","inLanguage":"en-US","@id":"https:\/\/www.ipkb.gov.tr\/en\/what-is-ismep\/a-component\/establishment-of-emergency-management-information-system\/#primaryimage","url":"https:\/\/www.ipkb.gov.tr\/wp-content\/uploads\/2018\/11\/acil_durum.jpg","contentUrl":"https:\/\/www.ipkb.gov.tr\/wp-content\/uploads\/2018\/11\/acil_durum.jpg"},{"@type":"BreadcrumbList","@id":"https:\/\/www.ipkb.gov.tr\/en\/what-is-ismep\/a-component\/establishment-of-emergency-management-information-system\/#breadcrumb","itemListElement":[{"@type":"ListItem","position":1,"name":"Ana sayfa","item":"https:\/\/www.ipkb.gov.tr\/en\/"},{"@type":"ListItem","position":2,"name":"What is ISMEP?","item":"https:\/\/www.ipkb.gov.tr\/en\/what-is-ismep\/"},{"@type":"ListItem","position":3,"name":"A Component","item":"https:\/\/www.ipkb.gov.tr\/en\/what-is-ismep\/a-component\/"},{"@type":"ListItem","position":4,"name":"Establishment of Emergency Management Information Systems"}]},{"@type":"WebSite","@id":"https:\/\/www.ipkb.gov.tr\/en\/#website","url":"https:\/\/www.ipkb.gov.tr\/en\/","name":"Istanbul Project Coordination Unit","description":"We are Strengthening Our Future!","publisher":{"@id":"https:\/\/www.ipkb.gov.tr\/en\/#organization"},"potentialAction":[{"@type":"SearchAction","target":{"@type":"EntryPoint","urlTemplate":"https:\/\/www.ipkb.gov.tr\/en\/?s={search_term_string}"},"query-input":{"@type":"PropertyValueSpecification","valueRequired":true,"valueName":"search_term_string"}}],"inLanguage":"en-US"},{"@type":"Organization","@id":"https:\/\/www.ipkb.gov.tr\/en\/#organization","name":"\u0130stanbul Valili\u011fi \u0130stanbul Proje Koordinasyon Birimi","url":"https:\/\/www.ipkb.gov.tr\/en\/","logo":{"@type":"ImageObject","inLanguage":"en-US","@id":"https:\/\/www.ipkb.gov.tr\/en\/#\/schema\/logo\/image\/","url":"https:\/\/www.ipkb.gov.tr\/wp-content\/uploads\/2019\/07\/ipkb_logo@2x.png","contentUrl":"https:\/\/www.ipkb.gov.tr\/wp-content\/uploads\/2019\/07\/ipkb_logo@2x.png","width":540,"height":224,"caption":"\u0130stanbul Valili\u011fi \u0130stanbul Proje Koordinasyon Birimi"},"image":{"@id":"https:\/\/www.ipkb.gov.tr\/en\/#\/schema\/logo\/image\/"},"sameAs":["https:\/\/www.facebook.com\/ipkbgovtr\/","https:\/\/x.com\/ipkbgovtr","https:\/\/www.linkedin.com\/company\/ipkb","https:\/\/www.youtube.com\/channel\/UC3tdflZ3LiqX46e1j8Ar7AQ"]}]}},"_links":{"self":[{"href":"https:\/\/www.ipkb.gov.tr\/en\/wp-json\/wp\/v2\/pages\/5796","targetHints":{"allow":["GET"]}}],"collection":[{"href":"https:\/\/www.ipkb.gov.tr\/en\/wp-json\/wp\/v2\/pages"}],"about":[{"href":"https:\/\/www.ipkb.gov.tr\/en\/wp-json\/wp\/v2\/types\/page"}],"author":[{"embeddable":true,"href":"https:\/\/www.ipkb.gov.tr\/en\/wp-json\/wp\/v2\/users\/1"}],"replies":[{"embeddable":true,"href":"https:\/\/www.ipkb.gov.tr\/en\/wp-json\/wp\/v2\/comments?post=5796"}],"version-history":[{"count":5,"href":"https:\/\/www.ipkb.gov.tr\/en\/wp-json\/wp\/v2\/pages\/5796\/revisions"}],"predecessor-version":[{"id":9103,"href":"https:\/\/www.ipkb.gov.tr\/en\/wp-json\/wp\/v2\/pages\/5796\/revisions\/9103"}],"up":[{"embeddable":true,"href":"https:\/\/www.ipkb.gov.tr\/en\/wp-json\/wp\/v2\/pages\/5788"}],"wp:attachment":[{"href":"https:\/\/www.ipkb.gov.tr\/en\/wp-json\/wp\/v2\/media?parent=5796"}],"curies":[{"name":"wp","href":"https:\/\/api.w.org\/{rel}","templated":true}]}}