{"id":5799,"date":"2019-04-18T23:38:31","date_gmt":"2019-04-18T20:38:31","guid":{"rendered":"https:\/\/www.ipkb.gov.tr\/?page_id=5799"},"modified":"2020-05-20T10:38:11","modified_gmt":"2020-05-20T07:38:11","slug":"enhancement-of-institutional-capacity-of-istanbul-afad","status":"publish","type":"page","link":"https:\/\/www.ipkb.gov.tr\/en\/what-is-ismep\/a-component\/enhancement-of-institutional-capacity-of-istanbul-afad\/","title":{"rendered":"Enhancement of Institutional and Operational Capacity of Istanbul AFAD"},"content":{"rendered":"<p>We worked on enhancing the institutional capacity of Istanbul AFAD as the principal institution responsible for provincial disaster and emergency management to prepare Istanbul against a disaster . First of all, we started building a command center to establish a disaster and emergency management, and along with increasing the capacity of Istanbul AFAD\u2019s current command center located in Ca\u011falo\u011flu, we also built two new command control centers on both sides of the city with a total area of 17,000 square meters.<\/p>\n<p>These new operational command centers have a reliable and modern infrastructure with a high accessibility. One of the centers (Akf\u0131rat) is located in the Anatolian side of city while the other one (Hasdal) is in the European side. They are capable of providing continuous disaster management operation for 14 days after a disaster with 500 staff members for not only limited to the city center, but also all of the districts city-wide. An electronic infrastructure providing the Disaster Management Information System to work continuously has been aimed. Also, communication channels have been diversified by using all required tech equipment in command centers to prevent the recurrence of communication problems that have been encountered during the Marmara Earthquake. Command centers gained the ability to command centrally during an emergency or a disaster within Turkey Disaster Response Plan (TAMP) with meeting rooms and command center chambers. These meeting chambers are equipped with smart systems that retrieve data from Service Units of TAMP. This data contains real time updates with images from the field and live broadcast among other information.<\/p>\n<p><img loading=\"lazy\" decoding=\"async\" class=\"size-full wp-image-4741 aligncenter\" src=\"https:\/\/www.ipkb.gov.tr\/wp-content\/uploads\/2018\/11\/afet.png\" alt=\"\" width=\"684\" height=\"153\" srcset=\"https:\/\/www.ipkb.gov.tr\/wp-content\/uploads\/2018\/11\/afet.png 684w, https:\/\/www.ipkb.gov.tr\/wp-content\/uploads\/2018\/11\/afet-300x67.png 300w, https:\/\/www.ipkb.gov.tr\/wp-content\/uploads\/2018\/11\/afet-540x121.png 540w\" sizes=\"auto, (max-width: 684px) 100vw, 684px\" \/><\/p>\n<p><em>ISMEP Investments for Ca\u011falo\u011flu, Hasdal ve Akf\u0131rat Command and Control Centers<\/em><\/p>\n<p>We build these command centers in comply with architectural design and technology to provide uninterrupted operational services during disasters and emergencies, and to establish a continuous communication with public institutions and organizations of top priority. We reviewed every possible scenario, including worst cases, and worked with having backup for everything, even other backups. We equipped the vehicles as backups for these centers with every detail. Also, we designed these command centers to serve as a stand-alone center for their respective sides of \u0130stanbul in case of the connection between two centers is lost.<\/p>\n<p><strong>Istanbul AFAD Disaster Training Center<\/strong><\/p>\n<p><a href=\"https:\/\/www.ipkb.gov.tr\/wp-content\/uploads\/2019\/07\/34-ISMEP_INFOGRAFIK_2019_eng-2.jpg\"><img loading=\"lazy\" decoding=\"async\" class=\"alignright wp-image-6732\" src=\"https:\/\/www.ipkb.gov.tr\/wp-content\/uploads\/2019\/07\/34-ISMEP_INFOGRAFIK_2019_eng-2.jpg\" alt=\"\" width=\"300\" height=\"237\" srcset=\"https:\/\/www.ipkb.gov.tr\/wp-content\/uploads\/2019\/07\/34-ISMEP_INFOGRAFIK_2019_eng-2.jpg 1756w, https:\/\/www.ipkb.gov.tr\/wp-content\/uploads\/2019\/07\/34-ISMEP_INFOGRAFIK_2019_eng-2-697x550.jpg 697w, https:\/\/www.ipkb.gov.tr\/wp-content\/uploads\/2019\/07\/34-ISMEP_INFOGRAFIK_2019_eng-2-768x606.jpg 768w, https:\/\/www.ipkb.gov.tr\/wp-content\/uploads\/2019\/07\/34-ISMEP_INFOGRAFIK_2019_eng-2-1024x808.jpg 1024w, https:\/\/www.ipkb.gov.tr\/wp-content\/uploads\/2019\/07\/34-ISMEP_INFOGRAFIK_2019_eng-2-253x200.jpg 253w, https:\/\/www.ipkb.gov.tr\/wp-content\/uploads\/2019\/07\/34-ISMEP_INFOGRAFIK_2019_eng-2-540x426.jpg 540w\" sizes=\"auto, (max-width: 300px) 100vw, 300px\" \/><\/a><\/p>\n<p>As an important attempt increasing preparedness level of Istanbul against earthquakes and natural disasters, Istanbul AFAD Disaster Training Center has been built under ISMEP Project and opened in February, 14th 2018. Professional search and rescue teams, experts, adults, and students will receive hands-on training to be prepared against disasters in Istanbul AFAD Disaster Training Center.<\/p>\n","protected":false},"excerpt":{"rendered":"<p>We worked on enhancing the institutional capacity of Istanbul AFAD as the principal institution responsible for provincial disaster and emergency management to prepare Istanbul against a disaster . First of all, we started building a command center to establish a disaster and emergency management, and along with increasing the capacity of Istanbul AFAD\u2019s current command &hellip;<\/p>\n","protected":false},"author":1,"featured_media":0,"parent":5788,"menu_order":3,"comment_status":"closed","ping_status":"closed","template":"","meta":{"_acf_changed":false,"footnotes":""},"class_list":["post-5799","page","type-page","status-publish","hentry"],"acf":[],"yoast_head":"<!-- This site is optimized with the Yoast SEO plugin v27.4 - https:\/\/yoast.com\/product\/yoast-seo-wordpress\/ -->\n<title>Enhancement of Institutional and Operational Capacity of Istanbul AFAD - Istanbul Project Coordination Unit<\/title>\n<meta name=\"robots\" content=\"index, follow, max-snippet:-1, max-image-preview:large, max-video-preview:-1\" \/>\n<link rel=\"canonical\" href=\"https:\/\/www.ipkb.gov.tr\/en\/what-is-ismep\/a-component\/enhancement-of-institutional-capacity-of-istanbul-afad\/\" \/>\n<meta property=\"og:locale\" content=\"en_US\" \/>\n<meta property=\"og:type\" content=\"article\" \/>\n<meta property=\"og:title\" content=\"Enhancement of Institutional and Operational Capacity of Istanbul AFAD - Istanbul Project Coordination Unit\" \/>\n<meta property=\"og:description\" content=\"We worked on enhancing the institutional capacity of Istanbul AFAD as the principal institution responsible for provincial disaster and emergency management to prepare Istanbul against a disaster . First of all, we started building a command center to establish a disaster and emergency management, and along with increasing the capacity of Istanbul AFAD\u2019s current command &hellip;\" \/>\n<meta property=\"og:url\" content=\"https:\/\/www.ipkb.gov.tr\/en\/what-is-ismep\/a-component\/enhancement-of-institutional-capacity-of-istanbul-afad\/\" \/>\n<meta property=\"og:site_name\" content=\"Istanbul Project Coordination Unit\" \/>\n<meta property=\"article:publisher\" content=\"https:\/\/www.facebook.com\/ipkbgovtr\/\" \/>\n<meta property=\"article:modified_time\" content=\"2020-05-20T07:38:11+00:00\" \/>\n<meta property=\"og:image\" content=\"https:\/\/www.ipkb.gov.tr\/wp-content\/uploads\/2018\/11\/afet.png\" \/>\n<meta name=\"twitter:card\" content=\"summary_large_image\" \/>\n<meta name=\"twitter:site\" content=\"@ipkbgovtr\" \/>\n<meta name=\"twitter:label1\" content=\"Est. reading time\" \/>\n\t<meta name=\"twitter:data1\" content=\"2 minutes\" \/>\n<script type=\"application\/ld+json\" class=\"yoast-schema-graph\">{\"@context\":\"https:\\\/\\\/schema.org\",\"@graph\":[{\"@type\":\"WebPage\",\"@id\":\"https:\\\/\\\/www.ipkb.gov.tr\\\/en\\\/what-is-ismep\\\/a-component\\\/enhancement-of-institutional-capacity-of-istanbul-afad\\\/\",\"url\":\"https:\\\/\\\/www.ipkb.gov.tr\\\/en\\\/what-is-ismep\\\/a-component\\\/enhancement-of-institutional-capacity-of-istanbul-afad\\\/\",\"name\":\"Enhancement of Institutional and Operational Capacity of Istanbul AFAD - Istanbul Project Coordination Unit\",\"isPartOf\":{\"@id\":\"https:\\\/\\\/www.ipkb.gov.tr\\\/en\\\/#website\"},\"primaryImageOfPage\":{\"@id\":\"https:\\\/\\\/www.ipkb.gov.tr\\\/en\\\/what-is-ismep\\\/a-component\\\/enhancement-of-institutional-capacity-of-istanbul-afad\\\/#primaryimage\"},\"image\":{\"@id\":\"https:\\\/\\\/www.ipkb.gov.tr\\\/en\\\/what-is-ismep\\\/a-component\\\/enhancement-of-institutional-capacity-of-istanbul-afad\\\/#primaryimage\"},\"thumbnailUrl\":\"https:\\\/\\\/www.ipkb.gov.tr\\\/wp-content\\\/uploads\\\/2018\\\/11\\\/afet.png\",\"datePublished\":\"2019-04-18T20:38:31+00:00\",\"dateModified\":\"2020-05-20T07:38:11+00:00\",\"breadcrumb\":{\"@id\":\"https:\\\/\\\/www.ipkb.gov.tr\\\/en\\\/what-is-ismep\\\/a-component\\\/enhancement-of-institutional-capacity-of-istanbul-afad\\\/#breadcrumb\"},\"inLanguage\":\"en-US\",\"potentialAction\":[{\"@type\":\"ReadAction\",\"target\":[\"https:\\\/\\\/www.ipkb.gov.tr\\\/en\\\/what-is-ismep\\\/a-component\\\/enhancement-of-institutional-capacity-of-istanbul-afad\\\/\"]}]},{\"@type\":\"ImageObject\",\"inLanguage\":\"en-US\",\"@id\":\"https:\\\/\\\/www.ipkb.gov.tr\\\/en\\\/what-is-ismep\\\/a-component\\\/enhancement-of-institutional-capacity-of-istanbul-afad\\\/#primaryimage\",\"url\":\"https:\\\/\\\/www.ipkb.gov.tr\\\/wp-content\\\/uploads\\\/2018\\\/11\\\/afet.png\",\"contentUrl\":\"https:\\\/\\\/www.ipkb.gov.tr\\\/wp-content\\\/uploads\\\/2018\\\/11\\\/afet.png\"},{\"@type\":\"BreadcrumbList\",\"@id\":\"https:\\\/\\\/www.ipkb.gov.tr\\\/en\\\/what-is-ismep\\\/a-component\\\/enhancement-of-institutional-capacity-of-istanbul-afad\\\/#breadcrumb\",\"itemListElement\":[{\"@type\":\"ListItem\",\"position\":1,\"name\":\"Ana sayfa\",\"item\":\"https:\\\/\\\/www.ipkb.gov.tr\\\/en\\\/\"},{\"@type\":\"ListItem\",\"position\":2,\"name\":\"What is ISMEP?\",\"item\":\"https:\\\/\\\/www.ipkb.gov.tr\\\/en\\\/what-is-ismep\\\/\"},{\"@type\":\"ListItem\",\"position\":3,\"name\":\"A Component\",\"item\":\"https:\\\/\\\/www.ipkb.gov.tr\\\/en\\\/what-is-ismep\\\/a-component\\\/\"},{\"@type\":\"ListItem\",\"position\":4,\"name\":\"Enhancement of Institutional and Operational Capacity of Istanbul AFAD\"}]},{\"@type\":\"WebSite\",\"@id\":\"https:\\\/\\\/www.ipkb.gov.tr\\\/en\\\/#website\",\"url\":\"https:\\\/\\\/www.ipkb.gov.tr\\\/en\\\/\",\"name\":\"Istanbul Project Coordination Unit\",\"description\":\"We are Strengthening Our Future!\",\"publisher\":{\"@id\":\"https:\\\/\\\/www.ipkb.gov.tr\\\/en\\\/#organization\"},\"potentialAction\":[{\"@type\":\"SearchAction\",\"target\":{\"@type\":\"EntryPoint\",\"urlTemplate\":\"https:\\\/\\\/www.ipkb.gov.tr\\\/en\\\/?s={search_term_string}\"},\"query-input\":{\"@type\":\"PropertyValueSpecification\",\"valueRequired\":true,\"valueName\":\"search_term_string\"}}],\"inLanguage\":\"en-US\"},{\"@type\":\"Organization\",\"@id\":\"https:\\\/\\\/www.ipkb.gov.tr\\\/en\\\/#organization\",\"name\":\"\u0130stanbul Valili\u011fi \u0130stanbul Proje Koordinasyon Birimi\",\"url\":\"https:\\\/\\\/www.ipkb.gov.tr\\\/en\\\/\",\"logo\":{\"@type\":\"ImageObject\",\"inLanguage\":\"en-US\",\"@id\":\"https:\\\/\\\/www.ipkb.gov.tr\\\/en\\\/#\\\/schema\\\/logo\\\/image\\\/\",\"url\":\"https:\\\/\\\/www.ipkb.gov.tr\\\/wp-content\\\/uploads\\\/2019\\\/07\\\/ipkb_logo@2x.png\",\"contentUrl\":\"https:\\\/\\\/www.ipkb.gov.tr\\\/wp-content\\\/uploads\\\/2019\\\/07\\\/ipkb_logo@2x.png\",\"width\":540,\"height\":224,\"caption\":\"\u0130stanbul Valili\u011fi \u0130stanbul Proje Koordinasyon Birimi\"},\"image\":{\"@id\":\"https:\\\/\\\/www.ipkb.gov.tr\\\/en\\\/#\\\/schema\\\/logo\\\/image\\\/\"},\"sameAs\":[\"https:\\\/\\\/www.facebook.com\\\/ipkbgovtr\\\/\",\"https:\\\/\\\/x.com\\\/ipkbgovtr\",\"https:\\\/\\\/www.linkedin.com\\\/company\\\/ipkb\",\"https:\\\/\\\/www.youtube.com\\\/channel\\\/UC3tdflZ3LiqX46e1j8Ar7AQ\"]}]}<\/script>\n<!-- \/ Yoast SEO plugin. -->","yoast_head_json":{"title":"Enhancement of Institutional and Operational Capacity of Istanbul AFAD - Istanbul Project Coordination Unit","robots":{"index":"index","follow":"follow","max-snippet":"max-snippet:-1","max-image-preview":"max-image-preview:large","max-video-preview":"max-video-preview:-1"},"canonical":"https:\/\/www.ipkb.gov.tr\/en\/what-is-ismep\/a-component\/enhancement-of-institutional-capacity-of-istanbul-afad\/","og_locale":"en_US","og_type":"article","og_title":"Enhancement of Institutional and Operational Capacity of Istanbul AFAD - Istanbul Project Coordination Unit","og_description":"We worked on enhancing the institutional capacity of Istanbul AFAD as the principal institution responsible for provincial disaster and emergency management to prepare Istanbul against a disaster . First of all, we started building a command center to establish a disaster and emergency management, and along with increasing the capacity of Istanbul AFAD\u2019s current command &hellip;","og_url":"https:\/\/www.ipkb.gov.tr\/en\/what-is-ismep\/a-component\/enhancement-of-institutional-capacity-of-istanbul-afad\/","og_site_name":"Istanbul Project Coordination Unit","article_publisher":"https:\/\/www.facebook.com\/ipkbgovtr\/","article_modified_time":"2020-05-20T07:38:11+00:00","og_image":[{"url":"https:\/\/www.ipkb.gov.tr\/wp-content\/uploads\/2018\/11\/afet.png","type":"","width":"","height":""}],"twitter_card":"summary_large_image","twitter_site":"@ipkbgovtr","twitter_misc":{"Est. reading time":"2 minutes"},"schema":{"@context":"https:\/\/schema.org","@graph":[{"@type":"WebPage","@id":"https:\/\/www.ipkb.gov.tr\/en\/what-is-ismep\/a-component\/enhancement-of-institutional-capacity-of-istanbul-afad\/","url":"https:\/\/www.ipkb.gov.tr\/en\/what-is-ismep\/a-component\/enhancement-of-institutional-capacity-of-istanbul-afad\/","name":"Enhancement of Institutional and Operational Capacity of Istanbul AFAD - Istanbul Project Coordination Unit","isPartOf":{"@id":"https:\/\/www.ipkb.gov.tr\/en\/#website"},"primaryImageOfPage":{"@id":"https:\/\/www.ipkb.gov.tr\/en\/what-is-ismep\/a-component\/enhancement-of-institutional-capacity-of-istanbul-afad\/#primaryimage"},"image":{"@id":"https:\/\/www.ipkb.gov.tr\/en\/what-is-ismep\/a-component\/enhancement-of-institutional-capacity-of-istanbul-afad\/#primaryimage"},"thumbnailUrl":"https:\/\/www.ipkb.gov.tr\/wp-content\/uploads\/2018\/11\/afet.png","datePublished":"2019-04-18T20:38:31+00:00","dateModified":"2020-05-20T07:38:11+00:00","breadcrumb":{"@id":"https:\/\/www.ipkb.gov.tr\/en\/what-is-ismep\/a-component\/enhancement-of-institutional-capacity-of-istanbul-afad\/#breadcrumb"},"inLanguage":"en-US","potentialAction":[{"@type":"ReadAction","target":["https:\/\/www.ipkb.gov.tr\/en\/what-is-ismep\/a-component\/enhancement-of-institutional-capacity-of-istanbul-afad\/"]}]},{"@type":"ImageObject","inLanguage":"en-US","@id":"https:\/\/www.ipkb.gov.tr\/en\/what-is-ismep\/a-component\/enhancement-of-institutional-capacity-of-istanbul-afad\/#primaryimage","url":"https:\/\/www.ipkb.gov.tr\/wp-content\/uploads\/2018\/11\/afet.png","contentUrl":"https:\/\/www.ipkb.gov.tr\/wp-content\/uploads\/2018\/11\/afet.png"},{"@type":"BreadcrumbList","@id":"https:\/\/www.ipkb.gov.tr\/en\/what-is-ismep\/a-component\/enhancement-of-institutional-capacity-of-istanbul-afad\/#breadcrumb","itemListElement":[{"@type":"ListItem","position":1,"name":"Ana sayfa","item":"https:\/\/www.ipkb.gov.tr\/en\/"},{"@type":"ListItem","position":2,"name":"What is ISMEP?","item":"https:\/\/www.ipkb.gov.tr\/en\/what-is-ismep\/"},{"@type":"ListItem","position":3,"name":"A Component","item":"https:\/\/www.ipkb.gov.tr\/en\/what-is-ismep\/a-component\/"},{"@type":"ListItem","position":4,"name":"Enhancement of Institutional and Operational Capacity of Istanbul AFAD"}]},{"@type":"WebSite","@id":"https:\/\/www.ipkb.gov.tr\/en\/#website","url":"https:\/\/www.ipkb.gov.tr\/en\/","name":"Istanbul Project Coordination Unit","description":"We are Strengthening Our Future!","publisher":{"@id":"https:\/\/www.ipkb.gov.tr\/en\/#organization"},"potentialAction":[{"@type":"SearchAction","target":{"@type":"EntryPoint","urlTemplate":"https:\/\/www.ipkb.gov.tr\/en\/?s={search_term_string}"},"query-input":{"@type":"PropertyValueSpecification","valueRequired":true,"valueName":"search_term_string"}}],"inLanguage":"en-US"},{"@type":"Organization","@id":"https:\/\/www.ipkb.gov.tr\/en\/#organization","name":"\u0130stanbul Valili\u011fi \u0130stanbul Proje Koordinasyon Birimi","url":"https:\/\/www.ipkb.gov.tr\/en\/","logo":{"@type":"ImageObject","inLanguage":"en-US","@id":"https:\/\/www.ipkb.gov.tr\/en\/#\/schema\/logo\/image\/","url":"https:\/\/www.ipkb.gov.tr\/wp-content\/uploads\/2019\/07\/ipkb_logo@2x.png","contentUrl":"https:\/\/www.ipkb.gov.tr\/wp-content\/uploads\/2019\/07\/ipkb_logo@2x.png","width":540,"height":224,"caption":"\u0130stanbul Valili\u011fi \u0130stanbul Proje Koordinasyon Birimi"},"image":{"@id":"https:\/\/www.ipkb.gov.tr\/en\/#\/schema\/logo\/image\/"},"sameAs":["https:\/\/www.facebook.com\/ipkbgovtr\/","https:\/\/x.com\/ipkbgovtr","https:\/\/www.linkedin.com\/company\/ipkb","https:\/\/www.youtube.com\/channel\/UC3tdflZ3LiqX46e1j8Ar7AQ"]}]}},"_links":{"self":[{"href":"https:\/\/www.ipkb.gov.tr\/en\/wp-json\/wp\/v2\/pages\/5799","targetHints":{"allow":["GET"]}}],"collection":[{"href":"https:\/\/www.ipkb.gov.tr\/en\/wp-json\/wp\/v2\/pages"}],"about":[{"href":"https:\/\/www.ipkb.gov.tr\/en\/wp-json\/wp\/v2\/types\/page"}],"author":[{"embeddable":true,"href":"https:\/\/www.ipkb.gov.tr\/en\/wp-json\/wp\/v2\/users\/1"}],"replies":[{"embeddable":true,"href":"https:\/\/www.ipkb.gov.tr\/en\/wp-json\/wp\/v2\/comments?post=5799"}],"version-history":[{"count":6,"href":"https:\/\/www.ipkb.gov.tr\/en\/wp-json\/wp\/v2\/pages\/5799\/revisions"}],"predecessor-version":[{"id":7285,"href":"https:\/\/www.ipkb.gov.tr\/en\/wp-json\/wp\/v2\/pages\/5799\/revisions\/7285"}],"up":[{"embeddable":true,"href":"https:\/\/www.ipkb.gov.tr\/en\/wp-json\/wp\/v2\/pages\/5788"}],"wp:attachment":[{"href":"https:\/\/www.ipkb.gov.tr\/en\/wp-json\/wp\/v2\/media?parent=5799"}],"curies":[{"name":"wp","href":"https:\/\/api.w.org\/{rel}","templated":true}]}}