{"id":5804,"date":"2019-04-18T23:41:58","date_gmt":"2019-04-18T20:41:58","guid":{"rendered":"https:\/\/www.ipkb.gov.tr\/?page_id=5804"},"modified":"2021-01-13T16:06:16","modified_gmt":"2021-01-13T13:06:16","slug":"public-awareness-raising-and-training","status":"publish","type":"page","link":"https:\/\/www.ipkb.gov.tr\/en\/what-is-ismep\/a-component\/public-awareness-raising-and-training\/","title":{"rendered":"Public Awareness Raising and Training"},"content":{"rendered":"<p>Natural disasters affect community by causing physical, social and economic losses for people and stopping or disrupting normal life and daily activities. The role of community during a disaster is as critical as public institutions to minimize the potential of damage.<\/p>\n<p>Simple precautions can reduce the damage during an earthquake, while increasing awareness on how to behave during an earthquake is also very important. Thus, we prepared <a href=\"https:\/\/www.ipkb.gov.tr\/en\/e-library-category\/public-awareness\/training-modules-and-materials\/\">15 different public training modules<\/a> and their materials that address every segment of the society, from children to local governors, to increase disaster awareness and know-how among the community.<\/p>\n<p>We also gave Safe Life Trainings to Istanbul community from all ages to create awareness level for disaster preparedness and improve their knowledge and basic skills. Within the scope of these activities, we have trained 1.6 Million people and 265,134 people became an Safe Life Volunteer. These trainings have three phases: Safe Life 1 (1 hour), Safe Life 2 (4 hours) and Local Disaster Volunteer (YAG) Training (40 hours).<\/p>\n<p>Besides those community trainings, our public awareness campaigns have reached over half of the population in \u0130stanbul. We delivered over 6.5 millions of printed material to our citizens.<\/p>\n","protected":false},"excerpt":{"rendered":"<p>Natural disasters affect community by causing physical, social and economic losses for people and stopping or disrupting normal life and daily activities. The role of community during a disaster is as critical as public institutions to minimize the potential of damage. Simple precautions can reduce the damage during an earthquake, while increasing awareness on how &hellip;<\/p>\n","protected":false},"author":1,"featured_media":0,"parent":5788,"menu_order":5,"comment_status":"closed","ping_status":"closed","template":"","meta":{"_acf_changed":false,"footnotes":""},"class_list":["post-5804","page","type-page","status-publish","hentry"],"acf":[],"yoast_head":"<!-- This site is optimized with the Yoast SEO plugin v27.4 - https:\/\/yoast.com\/product\/yoast-seo-wordpress\/ -->\n<title>Public Awareness Raising and Training - Istanbul Project Coordination Unit<\/title>\n<meta name=\"robots\" content=\"index, follow, max-snippet:-1, max-image-preview:large, max-video-preview:-1\" \/>\n<link rel=\"canonical\" href=\"https:\/\/www.ipkb.gov.tr\/en\/what-is-ismep\/a-component\/public-awareness-raising-and-training\/\" \/>\n<meta property=\"og:locale\" content=\"en_US\" \/>\n<meta property=\"og:type\" content=\"article\" \/>\n<meta property=\"og:title\" content=\"Public Awareness Raising and Training - Istanbul Project Coordination Unit\" \/>\n<meta property=\"og:description\" content=\"Natural disasters affect community by causing physical, social and economic losses for people and stopping or disrupting normal life and daily activities. The role of community during a disaster is as critical as public institutions to minimize the potential of damage. Simple precautions can reduce the damage during an earthquake, while increasing awareness on how &hellip;\" \/>\n<meta property=\"og:url\" content=\"https:\/\/www.ipkb.gov.tr\/en\/what-is-ismep\/a-component\/public-awareness-raising-and-training\/\" \/>\n<meta property=\"og:site_name\" content=\"Istanbul Project Coordination Unit\" \/>\n<meta property=\"article:publisher\" content=\"https:\/\/www.facebook.com\/ipkbgovtr\/\" \/>\n<meta property=\"article:modified_time\" content=\"2021-01-13T13:06:16+00:00\" \/>\n<meta name=\"twitter:card\" content=\"summary_large_image\" \/>\n<meta name=\"twitter:site\" content=\"@ipkbgovtr\" \/>\n<meta name=\"twitter:label1\" content=\"Est. reading time\" \/>\n\t<meta name=\"twitter:data1\" content=\"1 minute\" \/>\n<script type=\"application\/ld+json\" class=\"yoast-schema-graph\">{\"@context\":\"https:\\\/\\\/schema.org\",\"@graph\":[{\"@type\":\"WebPage\",\"@id\":\"https:\\\/\\\/www.ipkb.gov.tr\\\/en\\\/what-is-ismep\\\/a-component\\\/public-awareness-raising-and-training\\\/\",\"url\":\"https:\\\/\\\/www.ipkb.gov.tr\\\/en\\\/what-is-ismep\\\/a-component\\\/public-awareness-raising-and-training\\\/\",\"name\":\"Public Awareness Raising and Training - Istanbul Project Coordination Unit\",\"isPartOf\":{\"@id\":\"https:\\\/\\\/www.ipkb.gov.tr\\\/en\\\/#website\"},\"datePublished\":\"2019-04-18T20:41:58+00:00\",\"dateModified\":\"2021-01-13T13:06:16+00:00\",\"breadcrumb\":{\"@id\":\"https:\\\/\\\/www.ipkb.gov.tr\\\/en\\\/what-is-ismep\\\/a-component\\\/public-awareness-raising-and-training\\\/#breadcrumb\"},\"inLanguage\":\"en-US\",\"potentialAction\":[{\"@type\":\"ReadAction\",\"target\":[\"https:\\\/\\\/www.ipkb.gov.tr\\\/en\\\/what-is-ismep\\\/a-component\\\/public-awareness-raising-and-training\\\/\"]}]},{\"@type\":\"BreadcrumbList\",\"@id\":\"https:\\\/\\\/www.ipkb.gov.tr\\\/en\\\/what-is-ismep\\\/a-component\\\/public-awareness-raising-and-training\\\/#breadcrumb\",\"itemListElement\":[{\"@type\":\"ListItem\",\"position\":1,\"name\":\"Ana sayfa\",\"item\":\"https:\\\/\\\/www.ipkb.gov.tr\\\/en\\\/\"},{\"@type\":\"ListItem\",\"position\":2,\"name\":\"What is ISMEP?\",\"item\":\"https:\\\/\\\/www.ipkb.gov.tr\\\/en\\\/what-is-ismep\\\/\"},{\"@type\":\"ListItem\",\"position\":3,\"name\":\"A Component\",\"item\":\"https:\\\/\\\/www.ipkb.gov.tr\\\/en\\\/what-is-ismep\\\/a-component\\\/\"},{\"@type\":\"ListItem\",\"position\":4,\"name\":\"Public Awareness Raising and Training\"}]},{\"@type\":\"WebSite\",\"@id\":\"https:\\\/\\\/www.ipkb.gov.tr\\\/en\\\/#website\",\"url\":\"https:\\\/\\\/www.ipkb.gov.tr\\\/en\\\/\",\"name\":\"Istanbul Project Coordination Unit\",\"description\":\"We are Strengthening Our Future!\",\"publisher\":{\"@id\":\"https:\\\/\\\/www.ipkb.gov.tr\\\/en\\\/#organization\"},\"potentialAction\":[{\"@type\":\"SearchAction\",\"target\":{\"@type\":\"EntryPoint\",\"urlTemplate\":\"https:\\\/\\\/www.ipkb.gov.tr\\\/en\\\/?s={search_term_string}\"},\"query-input\":{\"@type\":\"PropertyValueSpecification\",\"valueRequired\":true,\"valueName\":\"search_term_string\"}}],\"inLanguage\":\"en-US\"},{\"@type\":\"Organization\",\"@id\":\"https:\\\/\\\/www.ipkb.gov.tr\\\/en\\\/#organization\",\"name\":\"\u0130stanbul Valili\u011fi \u0130stanbul Proje Koordinasyon Birimi\",\"url\":\"https:\\\/\\\/www.ipkb.gov.tr\\\/en\\\/\",\"logo\":{\"@type\":\"ImageObject\",\"inLanguage\":\"en-US\",\"@id\":\"https:\\\/\\\/www.ipkb.gov.tr\\\/en\\\/#\\\/schema\\\/logo\\\/image\\\/\",\"url\":\"https:\\\/\\\/www.ipkb.gov.tr\\\/wp-content\\\/uploads\\\/2019\\\/07\\\/ipkb_logo@2x.png\",\"contentUrl\":\"https:\\\/\\\/www.ipkb.gov.tr\\\/wp-content\\\/uploads\\\/2019\\\/07\\\/ipkb_logo@2x.png\",\"width\":540,\"height\":224,\"caption\":\"\u0130stanbul Valili\u011fi \u0130stanbul Proje Koordinasyon Birimi\"},\"image\":{\"@id\":\"https:\\\/\\\/www.ipkb.gov.tr\\\/en\\\/#\\\/schema\\\/logo\\\/image\\\/\"},\"sameAs\":[\"https:\\\/\\\/www.facebook.com\\\/ipkbgovtr\\\/\",\"https:\\\/\\\/x.com\\\/ipkbgovtr\",\"https:\\\/\\\/www.linkedin.com\\\/company\\\/ipkb\",\"https:\\\/\\\/www.youtube.com\\\/channel\\\/UC3tdflZ3LiqX46e1j8Ar7AQ\"]}]}<\/script>\n<!-- \/ Yoast SEO plugin. -->","yoast_head_json":{"title":"Public Awareness Raising and Training - Istanbul Project Coordination Unit","robots":{"index":"index","follow":"follow","max-snippet":"max-snippet:-1","max-image-preview":"max-image-preview:large","max-video-preview":"max-video-preview:-1"},"canonical":"https:\/\/www.ipkb.gov.tr\/en\/what-is-ismep\/a-component\/public-awareness-raising-and-training\/","og_locale":"en_US","og_type":"article","og_title":"Public Awareness Raising and Training - Istanbul Project Coordination Unit","og_description":"Natural disasters affect community by causing physical, social and economic losses for people and stopping or disrupting normal life and daily activities. The role of community during a disaster is as critical as public institutions to minimize the potential of damage. Simple precautions can reduce the damage during an earthquake, while increasing awareness on how &hellip;","og_url":"https:\/\/www.ipkb.gov.tr\/en\/what-is-ismep\/a-component\/public-awareness-raising-and-training\/","og_site_name":"Istanbul Project Coordination Unit","article_publisher":"https:\/\/www.facebook.com\/ipkbgovtr\/","article_modified_time":"2021-01-13T13:06:16+00:00","twitter_card":"summary_large_image","twitter_site":"@ipkbgovtr","twitter_misc":{"Est. reading time":"1 minute"},"schema":{"@context":"https:\/\/schema.org","@graph":[{"@type":"WebPage","@id":"https:\/\/www.ipkb.gov.tr\/en\/what-is-ismep\/a-component\/public-awareness-raising-and-training\/","url":"https:\/\/www.ipkb.gov.tr\/en\/what-is-ismep\/a-component\/public-awareness-raising-and-training\/","name":"Public Awareness Raising and Training - Istanbul Project Coordination Unit","isPartOf":{"@id":"https:\/\/www.ipkb.gov.tr\/en\/#website"},"datePublished":"2019-04-18T20:41:58+00:00","dateModified":"2021-01-13T13:06:16+00:00","breadcrumb":{"@id":"https:\/\/www.ipkb.gov.tr\/en\/what-is-ismep\/a-component\/public-awareness-raising-and-training\/#breadcrumb"},"inLanguage":"en-US","potentialAction":[{"@type":"ReadAction","target":["https:\/\/www.ipkb.gov.tr\/en\/what-is-ismep\/a-component\/public-awareness-raising-and-training\/"]}]},{"@type":"BreadcrumbList","@id":"https:\/\/www.ipkb.gov.tr\/en\/what-is-ismep\/a-component\/public-awareness-raising-and-training\/#breadcrumb","itemListElement":[{"@type":"ListItem","position":1,"name":"Ana sayfa","item":"https:\/\/www.ipkb.gov.tr\/en\/"},{"@type":"ListItem","position":2,"name":"What is ISMEP?","item":"https:\/\/www.ipkb.gov.tr\/en\/what-is-ismep\/"},{"@type":"ListItem","position":3,"name":"A Component","item":"https:\/\/www.ipkb.gov.tr\/en\/what-is-ismep\/a-component\/"},{"@type":"ListItem","position":4,"name":"Public Awareness Raising and Training"}]},{"@type":"WebSite","@id":"https:\/\/www.ipkb.gov.tr\/en\/#website","url":"https:\/\/www.ipkb.gov.tr\/en\/","name":"Istanbul Project Coordination Unit","description":"We are Strengthening Our Future!","publisher":{"@id":"https:\/\/www.ipkb.gov.tr\/en\/#organization"},"potentialAction":[{"@type":"SearchAction","target":{"@type":"EntryPoint","urlTemplate":"https:\/\/www.ipkb.gov.tr\/en\/?s={search_term_string}"},"query-input":{"@type":"PropertyValueSpecification","valueRequired":true,"valueName":"search_term_string"}}],"inLanguage":"en-US"},{"@type":"Organization","@id":"https:\/\/www.ipkb.gov.tr\/en\/#organization","name":"\u0130stanbul Valili\u011fi \u0130stanbul Proje Koordinasyon Birimi","url":"https:\/\/www.ipkb.gov.tr\/en\/","logo":{"@type":"ImageObject","inLanguage":"en-US","@id":"https:\/\/www.ipkb.gov.tr\/en\/#\/schema\/logo\/image\/","url":"https:\/\/www.ipkb.gov.tr\/wp-content\/uploads\/2019\/07\/ipkb_logo@2x.png","contentUrl":"https:\/\/www.ipkb.gov.tr\/wp-content\/uploads\/2019\/07\/ipkb_logo@2x.png","width":540,"height":224,"caption":"\u0130stanbul Valili\u011fi \u0130stanbul Proje Koordinasyon Birimi"},"image":{"@id":"https:\/\/www.ipkb.gov.tr\/en\/#\/schema\/logo\/image\/"},"sameAs":["https:\/\/www.facebook.com\/ipkbgovtr\/","https:\/\/x.com\/ipkbgovtr","https:\/\/www.linkedin.com\/company\/ipkb","https:\/\/www.youtube.com\/channel\/UC3tdflZ3LiqX46e1j8Ar7AQ"]}]}},"_links":{"self":[{"href":"https:\/\/www.ipkb.gov.tr\/en\/wp-json\/wp\/v2\/pages\/5804","targetHints":{"allow":["GET"]}}],"collection":[{"href":"https:\/\/www.ipkb.gov.tr\/en\/wp-json\/wp\/v2\/pages"}],"about":[{"href":"https:\/\/www.ipkb.gov.tr\/en\/wp-json\/wp\/v2\/types\/page"}],"author":[{"embeddable":true,"href":"https:\/\/www.ipkb.gov.tr\/en\/wp-json\/wp\/v2\/users\/1"}],"replies":[{"embeddable":true,"href":"https:\/\/www.ipkb.gov.tr\/en\/wp-json\/wp\/v2\/comments?post=5804"}],"version-history":[{"count":5,"href":"https:\/\/www.ipkb.gov.tr\/en\/wp-json\/wp\/v2\/pages\/5804\/revisions"}],"predecessor-version":[{"id":8148,"href":"https:\/\/www.ipkb.gov.tr\/en\/wp-json\/wp\/v2\/pages\/5804\/revisions\/8148"}],"up":[{"embeddable":true,"href":"https:\/\/www.ipkb.gov.tr\/en\/wp-json\/wp\/v2\/pages\/5788"}],"wp:attachment":[{"href":"https:\/\/www.ipkb.gov.tr\/en\/wp-json\/wp\/v2\/media?parent=5804"}],"curies":[{"name":"wp","href":"https:\/\/api.w.org\/{rel}","templated":true}]}}