{"id":5809,"date":"2019-04-19T00:14:13","date_gmt":"2019-04-18T21:14:13","guid":{"rendered":"https:\/\/www.ipkb.gov.tr\/?page_id=5809"},"modified":"2021-01-13T16:08:51","modified_gmt":"2021-01-13T13:08:51","slug":"b-component","status":"publish","type":"page","link":"https:\/\/www.ipkb.gov.tr\/en\/what-is-ismep\/b-component\/","title":{"rendered":"B Component"},"content":{"rendered":"<div id=\"pl-5809\"  class=\"panel-layout\" ><div id=\"pg-5809-0\"  class=\"panel-grid panel-no-style\" ><div id=\"pgc-5809-0-0\"  class=\"panel-grid-cell\" ><div id=\"panel-5809-0-0-0\" class=\"so-panel widget widget_sow-editor panel-first-child panel-last-child\" data-index=\"0\" ><div\n\t\t\t\n\t\t\tclass=\"so-widget-sow-editor so-widget-sow-editor-base\"\n\t\t\t\n\t\t>\n<div class=\"siteorigin-widget-tinymce textwidget\">\n\t<p>The Component B contributes to reduce the risk of a future earthquake to essential public facilities in order to ensure their continuing function and to reduce casualties in the event of an earthquake.<\/p>\n<p>As IPCU, we work on retrofitting and reconstruction of schools, hospitals, dormitories, administrative and social service buildings to make them earthquake-resistant, secure, modern and energy efficient under the ISMEP Project. Moreover, we aim to protect cultural heritage buildings to future generations by reducing their seismic risks,<\/p>\n<p>Schools our children are studying at, hospitals that serve to all our citizens, administrative and social institutions. We either strengthen these structures, which are used directly by the people of \u0130stanbul, against an earthquake or reconstruct them. We retrofitted and\/or reconstructed a total of <strong>1484<\/strong>\u00a0public buildings against earthquakes with these \u0130stanbul-wide projects from all districts.<\/p>\n<p>Under ISMEP, we have retrofitted and\/or reconstructed <strong>1253<\/strong>\u00a0school buildings. Thus, we ensured an education in more secure building for over <strong>1.6 million<\/strong> students by reinforcing approximately <strong>4 million<\/strong> square meters of school buildings against earthquakes.<\/p>\n<p>Thanks to the retrofitting and reconstruction works and disaster emergency plans in schools that is carried under ISMEP, Turkey is selected as the Leader Country for the United Nations School Safety Program. With this title, we have started to share our field experience with other countries.<\/p>\n<p>We strenghtened<strong> 115<\/strong> hospitals, polyclinics and outpatient clinic buildings against earthquakes with our project. We are demolishing and rebuilding the 3 of the Istanbul\u2019s most important hospitals with about <strong>1 million<\/strong> square meters of total coverage area. We are using a specifically designed seismic isolator system for these hospitals so that their service will not be interrupted during an earthquake.<\/p>\n<ul>\n<li>G\u00f6ztepe Training and Research Hospital<\/li>\n<li>\u00a0Kartal Dr. Lutfi K\u0131rdar Training and Research Hospital<\/li>\n<li>Okmeydan\u0131 Training and Research Hospital<\/li>\n<\/ul>\n<p>As the biggest hospital in the world, Marmara University Ba\u015f\u0131b\u00fcy\u00fck Training and Research Hospital is retrofitted with seismic isolator technology so it\u2019s earthquake-resistant design will meet modern healthcare needs.<\/p>\n<p>We reintroduced the leading edge maternity and children hospital of Turkey, the \u00dcmraniye Maternity and Children Hospital, to serve the people of \u0130stanbul. In the architecture of the hospital, we designed special sections for children. The service quality and the technology of the hospital comply with the European standards.<\/p>\n<p>Istanbul has been the capital for three empires and we realized projects to protect the cultural heritage in the city.<\/p>\n<p>We have created an inventory of 176 buildings that are located in 26 historical building complexes. These include historical and cultural heritages such as Y\u0131ld\u0131z Palace and Topkap\u0131 Palace that are under auspices of the Ministry of Culture and Tourism. We ensured the seismic data is transferred to a special database so the experts can evaluate the seismic risk and use the results.<\/p>\n<p>We also prepared the first <strong>\u201cProtection Bylaw\u201d<\/strong> that introduces the basic principles for protection of cultural and historical heritage in Turkey.<\/p>\n<\/div>\n<\/div><\/div><\/div><\/div><div id=\"pg-5809-1\"  class=\"panel-grid panel-no-style\" ><div id=\"pgc-5809-1-0\"  class=\"panel-grid-cell\" ><div id=\"panel-5809-1-0-0\" class=\"so-panel widget widget_pw_icon_box widget-icon-box panel-first-child\" data-index=\"1\" >\n\t\t\t<a class=\"icon-box\" href=\"\/en\/what-is-ismep\/b-component\/retrofitting-works\/\" target=\"_self\">\n\t\n\t\t<i class=\"fa  ipkb-simge-b1\"><\/i>\n\t\t<div class=\"icon-box__text\">\n\t\t\t<h4 class=\"icon-box__title\">Retrofitting Works <\/h4>\n\t\t\t<span class=\"icon-box__subtitle\"><\/span>\n\t\t<\/div>\n\n\t\t\t<\/a>\n\t\n<\/div><div id=\"panel-5809-1-0-1\" class=\"so-panel widget widget_pw_icon_box widget-icon-box panel-last-child\" data-index=\"2\" >\n\t\t\t<a class=\"icon-box\" href=\"\/en\/what-is-ismep\/b-component\/protection-of-the-cultural-heritage\/\" target=\"_self\">\n\t\n\t\t<i class=\"fa  ipkb-simge-b3\"><\/i>\n\t\t<div class=\"icon-box__text\">\n\t\t\t<h4 class=\"icon-box__title\">Protection of the Cultural Heritage<\/h4>\n\t\t\t<span class=\"icon-box__subtitle\"><\/span>\n\t\t<\/div>\n\n\t\t\t<\/a>\n\t\n<\/div><\/div><div id=\"pgc-5809-1-1\"  class=\"panel-grid-cell\" ><div id=\"panel-5809-1-1-0\" class=\"so-panel widget widget_pw_icon_box widget-icon-box panel-first-child\" data-index=\"3\" >\n\t\t\t<a class=\"icon-box\" href=\"\/en\/what-is-ismep\/b-component\/reconstruction\/\" target=\"_self\">\n\t\n\t\t<i class=\"fa  ipkb-simge-b2\"><\/i>\n\t\t<div class=\"icon-box__text\">\n\t\t\t<h4 class=\"icon-box__title\">Reconstruction Works<\/h4>\n\t\t\t<span class=\"icon-box__subtitle\"><\/span>\n\t\t<\/div>\n\n\t\t\t<\/a>\n\t\n<\/div><div id=\"panel-5809-1-1-1\" class=\"so-panel widget widget_pw_icon_box widget-icon-box panel-last-child\" data-index=\"4\" >\n\t\t\t<a class=\"icon-box\" href=\"\/en\/what-is-ismep\/b-component\/social-counselling\/\" target=\"_self\">\n\t\n\t\t<i class=\"fa  ipkb-simge-b4\"><\/i>\n\t\t<div class=\"icon-box__text\">\n\t\t\t<h4 class=\"icon-box__title\">Social Guidance<\/h4>\n\t\t\t<span class=\"icon-box__subtitle\"><\/span>\n\t\t<\/div>\n\n\t\t\t<\/a>\n\t\n<\/div><\/div><\/div><\/div>","protected":false},"excerpt":{"rendered":"<p>The Component B contributes to reduce the risk of a future earthquake to essential public facilities in order to ensure their continuing function and to reduce casualties in the event of an earthquake. As IPCU, we work on retrofitting and reconstruction of schools, hospitals, dormitories, administrative and social service buildings to make them earthquake-resistant, secure, &hellip;<\/p>\n","protected":false},"author":1,"featured_media":0,"parent":5786,"menu_order":0,"comment_status":"closed","ping_status":"closed","template":"","meta":{"_acf_changed":false,"footnotes":""},"class_list":["post-5809","page","type-page","status-publish","hentry"],"acf":[],"yoast_head":"<!-- This site is optimized with the Yoast SEO plugin v27.3 - https:\/\/yoast.com\/product\/yoast-seo-wordpress\/ -->\n<title>B Component - Istanbul Project Coordination Unit<\/title>\n<meta name=\"robots\" content=\"index, follow, max-snippet:-1, max-image-preview:large, max-video-preview:-1\" \/>\n<link rel=\"canonical\" href=\"https:\/\/www.ipkb.gov.tr\/en\/what-is-ismep\/b-component\/\" \/>\n<meta property=\"og:locale\" content=\"en_US\" \/>\n<meta property=\"og:type\" content=\"article\" \/>\n<meta property=\"og:title\" content=\"B Component - Istanbul Project Coordination Unit\" \/>\n<meta property=\"og:description\" content=\"The Component B contributes to reduce the risk of a future earthquake to essential public facilities in order to ensure their continuing function and to reduce casualties in the event of an earthquake. As IPCU, we work on retrofitting and reconstruction of schools, hospitals, dormitories, administrative and social service buildings to make them earthquake-resistant, secure, &hellip;\" \/>\n<meta property=\"og:url\" content=\"https:\/\/www.ipkb.gov.tr\/en\/what-is-ismep\/b-component\/\" \/>\n<meta property=\"og:site_name\" content=\"Istanbul Project Coordination Unit\" \/>\n<meta property=\"article:publisher\" content=\"https:\/\/www.facebook.com\/ipkbgovtr\/\" \/>\n<meta property=\"article:modified_time\" content=\"2021-01-13T13:08:51+00:00\" \/>\n<meta name=\"twitter:card\" content=\"summary_large_image\" \/>\n<meta name=\"twitter:site\" content=\"@ipkbgovtr\" \/>\n<meta name=\"twitter:label1\" content=\"Est. reading time\" \/>\n\t<meta name=\"twitter:data1\" content=\"3 minutes\" \/>\n<script type=\"application\/ld+json\" class=\"yoast-schema-graph\">{\"@context\":\"https:\\\/\\\/schema.org\",\"@graph\":[{\"@type\":\"WebPage\",\"@id\":\"https:\\\/\\\/www.ipkb.gov.tr\\\/en\\\/what-is-ismep\\\/b-component\\\/\",\"url\":\"https:\\\/\\\/www.ipkb.gov.tr\\\/en\\\/what-is-ismep\\\/b-component\\\/\",\"name\":\"B Component - Istanbul Project Coordination Unit\",\"isPartOf\":{\"@id\":\"https:\\\/\\\/www.ipkb.gov.tr\\\/en\\\/#website\"},\"datePublished\":\"2019-04-18T21:14:13+00:00\",\"dateModified\":\"2021-01-13T13:08:51+00:00\",\"breadcrumb\":{\"@id\":\"https:\\\/\\\/www.ipkb.gov.tr\\\/en\\\/what-is-ismep\\\/b-component\\\/#breadcrumb\"},\"inLanguage\":\"en-US\",\"potentialAction\":[{\"@type\":\"ReadAction\",\"target\":[\"https:\\\/\\\/www.ipkb.gov.tr\\\/en\\\/what-is-ismep\\\/b-component\\\/\"]}]},{\"@type\":\"BreadcrumbList\",\"@id\":\"https:\\\/\\\/www.ipkb.gov.tr\\\/en\\\/what-is-ismep\\\/b-component\\\/#breadcrumb\",\"itemListElement\":[{\"@type\":\"ListItem\",\"position\":1,\"name\":\"Ana sayfa\",\"item\":\"https:\\\/\\\/www.ipkb.gov.tr\\\/en\\\/\"},{\"@type\":\"ListItem\",\"position\":2,\"name\":\"What is ISMEP?\",\"item\":\"https:\\\/\\\/www.ipkb.gov.tr\\\/en\\\/what-is-ismep\\\/\"},{\"@type\":\"ListItem\",\"position\":3,\"name\":\"B Component\"}]},{\"@type\":\"WebSite\",\"@id\":\"https:\\\/\\\/www.ipkb.gov.tr\\\/en\\\/#website\",\"url\":\"https:\\\/\\\/www.ipkb.gov.tr\\\/en\\\/\",\"name\":\"Istanbul Project Coordination Unit\",\"description\":\"We are Strengthening Our Future!\",\"publisher\":{\"@id\":\"https:\\\/\\\/www.ipkb.gov.tr\\\/en\\\/#organization\"},\"potentialAction\":[{\"@type\":\"SearchAction\",\"target\":{\"@type\":\"EntryPoint\",\"urlTemplate\":\"https:\\\/\\\/www.ipkb.gov.tr\\\/en\\\/?s={search_term_string}\"},\"query-input\":{\"@type\":\"PropertyValueSpecification\",\"valueRequired\":true,\"valueName\":\"search_term_string\"}}],\"inLanguage\":\"en-US\"},{\"@type\":\"Organization\",\"@id\":\"https:\\\/\\\/www.ipkb.gov.tr\\\/en\\\/#organization\",\"name\":\"\u0130stanbul Valili\u011fi \u0130stanbul Proje Koordinasyon Birimi\",\"url\":\"https:\\\/\\\/www.ipkb.gov.tr\\\/en\\\/\",\"logo\":{\"@type\":\"ImageObject\",\"inLanguage\":\"en-US\",\"@id\":\"https:\\\/\\\/www.ipkb.gov.tr\\\/en\\\/#\\\/schema\\\/logo\\\/image\\\/\",\"url\":\"https:\\\/\\\/www.ipkb.gov.tr\\\/wp-content\\\/uploads\\\/2019\\\/07\\\/ipkb_logo@2x.png\",\"contentUrl\":\"https:\\\/\\\/www.ipkb.gov.tr\\\/wp-content\\\/uploads\\\/2019\\\/07\\\/ipkb_logo@2x.png\",\"width\":540,\"height\":224,\"caption\":\"\u0130stanbul Valili\u011fi \u0130stanbul Proje Koordinasyon Birimi\"},\"image\":{\"@id\":\"https:\\\/\\\/www.ipkb.gov.tr\\\/en\\\/#\\\/schema\\\/logo\\\/image\\\/\"},\"sameAs\":[\"https:\\\/\\\/www.facebook.com\\\/ipkbgovtr\\\/\",\"https:\\\/\\\/x.com\\\/ipkbgovtr\",\"https:\\\/\\\/www.linkedin.com\\\/company\\\/ipkb\",\"https:\\\/\\\/www.youtube.com\\\/channel\\\/UC3tdflZ3LiqX46e1j8Ar7AQ\"]}]}<\/script>\n<!-- \/ Yoast SEO plugin. -->","yoast_head_json":{"title":"B Component - Istanbul Project Coordination Unit","robots":{"index":"index","follow":"follow","max-snippet":"max-snippet:-1","max-image-preview":"max-image-preview:large","max-video-preview":"max-video-preview:-1"},"canonical":"https:\/\/www.ipkb.gov.tr\/en\/what-is-ismep\/b-component\/","og_locale":"en_US","og_type":"article","og_title":"B Component - Istanbul Project Coordination Unit","og_description":"The Component B contributes to reduce the risk of a future earthquake to essential public facilities in order to ensure their continuing function and to reduce casualties in the event of an earthquake. As IPCU, we work on retrofitting and reconstruction of schools, hospitals, dormitories, administrative and social service buildings to make them earthquake-resistant, secure, &hellip;","og_url":"https:\/\/www.ipkb.gov.tr\/en\/what-is-ismep\/b-component\/","og_site_name":"Istanbul Project Coordination Unit","article_publisher":"https:\/\/www.facebook.com\/ipkbgovtr\/","article_modified_time":"2021-01-13T13:08:51+00:00","twitter_card":"summary_large_image","twitter_site":"@ipkbgovtr","twitter_misc":{"Est. reading time":"3 minutes"},"schema":{"@context":"https:\/\/schema.org","@graph":[{"@type":"WebPage","@id":"https:\/\/www.ipkb.gov.tr\/en\/what-is-ismep\/b-component\/","url":"https:\/\/www.ipkb.gov.tr\/en\/what-is-ismep\/b-component\/","name":"B Component - Istanbul Project Coordination Unit","isPartOf":{"@id":"https:\/\/www.ipkb.gov.tr\/en\/#website"},"datePublished":"2019-04-18T21:14:13+00:00","dateModified":"2021-01-13T13:08:51+00:00","breadcrumb":{"@id":"https:\/\/www.ipkb.gov.tr\/en\/what-is-ismep\/b-component\/#breadcrumb"},"inLanguage":"en-US","potentialAction":[{"@type":"ReadAction","target":["https:\/\/www.ipkb.gov.tr\/en\/what-is-ismep\/b-component\/"]}]},{"@type":"BreadcrumbList","@id":"https:\/\/www.ipkb.gov.tr\/en\/what-is-ismep\/b-component\/#breadcrumb","itemListElement":[{"@type":"ListItem","position":1,"name":"Ana sayfa","item":"https:\/\/www.ipkb.gov.tr\/en\/"},{"@type":"ListItem","position":2,"name":"What is ISMEP?","item":"https:\/\/www.ipkb.gov.tr\/en\/what-is-ismep\/"},{"@type":"ListItem","position":3,"name":"B Component"}]},{"@type":"WebSite","@id":"https:\/\/www.ipkb.gov.tr\/en\/#website","url":"https:\/\/www.ipkb.gov.tr\/en\/","name":"Istanbul Project Coordination Unit","description":"We are Strengthening Our Future!","publisher":{"@id":"https:\/\/www.ipkb.gov.tr\/en\/#organization"},"potentialAction":[{"@type":"SearchAction","target":{"@type":"EntryPoint","urlTemplate":"https:\/\/www.ipkb.gov.tr\/en\/?s={search_term_string}"},"query-input":{"@type":"PropertyValueSpecification","valueRequired":true,"valueName":"search_term_string"}}],"inLanguage":"en-US"},{"@type":"Organization","@id":"https:\/\/www.ipkb.gov.tr\/en\/#organization","name":"\u0130stanbul Valili\u011fi \u0130stanbul Proje Koordinasyon Birimi","url":"https:\/\/www.ipkb.gov.tr\/en\/","logo":{"@type":"ImageObject","inLanguage":"en-US","@id":"https:\/\/www.ipkb.gov.tr\/en\/#\/schema\/logo\/image\/","url":"https:\/\/www.ipkb.gov.tr\/wp-content\/uploads\/2019\/07\/ipkb_logo@2x.png","contentUrl":"https:\/\/www.ipkb.gov.tr\/wp-content\/uploads\/2019\/07\/ipkb_logo@2x.png","width":540,"height":224,"caption":"\u0130stanbul Valili\u011fi \u0130stanbul Proje Koordinasyon Birimi"},"image":{"@id":"https:\/\/www.ipkb.gov.tr\/en\/#\/schema\/logo\/image\/"},"sameAs":["https:\/\/www.facebook.com\/ipkbgovtr\/","https:\/\/x.com\/ipkbgovtr","https:\/\/www.linkedin.com\/company\/ipkb","https:\/\/www.youtube.com\/channel\/UC3tdflZ3LiqX46e1j8Ar7AQ"]}]}},"_links":{"self":[{"href":"https:\/\/www.ipkb.gov.tr\/en\/wp-json\/wp\/v2\/pages\/5809","targetHints":{"allow":["GET"]}}],"collection":[{"href":"https:\/\/www.ipkb.gov.tr\/en\/wp-json\/wp\/v2\/pages"}],"about":[{"href":"https:\/\/www.ipkb.gov.tr\/en\/wp-json\/wp\/v2\/types\/page"}],"author":[{"embeddable":true,"href":"https:\/\/www.ipkb.gov.tr\/en\/wp-json\/wp\/v2\/users\/1"}],"replies":[{"embeddable":true,"href":"https:\/\/www.ipkb.gov.tr\/en\/wp-json\/wp\/v2\/comments?post=5809"}],"version-history":[{"count":22,"href":"https:\/\/www.ipkb.gov.tr\/en\/wp-json\/wp\/v2\/pages\/5809\/revisions"}],"predecessor-version":[{"id":8150,"href":"https:\/\/www.ipkb.gov.tr\/en\/wp-json\/wp\/v2\/pages\/5809\/revisions\/8150"}],"up":[{"embeddable":true,"href":"https:\/\/www.ipkb.gov.tr\/en\/wp-json\/wp\/v2\/pages\/5786"}],"wp:attachment":[{"href":"https:\/\/www.ipkb.gov.tr\/en\/wp-json\/wp\/v2\/media?parent=5809"}],"curies":[{"name":"wp","href":"https:\/\/api.w.org\/{rel}","templated":true}]}}