{"id":5814,"date":"2019-04-19T04:21:27","date_gmt":"2019-04-19T01:21:27","guid":{"rendered":"https:\/\/www.ipkb.gov.tr\/?page_id=5814"},"modified":"2024-05-06T09:30:18","modified_gmt":"2024-05-06T06:30:18","slug":"retrofitting-works","status":"publish","type":"page","link":"https:\/\/www.ipkb.gov.tr\/en\/what-is-ismep\/b-component\/retrofitting-works\/","title":{"rendered":"Retrofitting Works"},"content":{"rendered":"<div id=\"pl-5814\"  class=\"panel-layout\" ><div id=\"pg-5814-0\"  class=\"panel-grid panel-no-style\" ><div id=\"pgc-5814-0-0\"  class=\"panel-grid-cell\" ><div id=\"panel-5814-0-0-0\" class=\"so-panel widget widget_sow-editor panel-first-child panel-last-child\" data-index=\"0\" ><div\n\t\t\t\n\t\t\tclass=\"so-widget-sow-editor so-widget-sow-editor-base\"\n\t\t\t\n\t\t>\n<div class=\"siteorigin-widget-tinymce textwidget\">\n\t<p>During retrofitting activities for public buildings against possible earthquakes and disasters, we implement our projects to enhance the seismic performance of public buildings by analyzing not only the structural but also the ground characteristics .<\/p>\n<p>As we have analyzed 1999 Marmara Earthquake and other massive earthquakes worldwide, structural resistance of buildings against earthquakes is of vital importance.<\/p>\n<p>According to the report written by Japan International Cooperation Agency (JICA) in 2002, nearly 350k buildings in Istanbul are under risk.<\/p>\n<p>Our main aim for retrofitting activities is to make a structure safe enough that it will not face any loss of life happen even in the maximum credible earthquake of relevant area. Within this scope, we design public buildings in such a way that they will stand even in the sharpest earthquake, and we work to bring the structures to the level of keeping serving without any interruption of the services.<\/p>\n<p>At the beginning phase of the project, a series of meetings took place with the participation of Governorship of Istanbul, Istanbul Provincial Directorate for National Education, stakeholder institutions, and academicians. An inventory for public buildings was created and sectoral criteria have been determined to prioritize these buildings (access during disaster, technical features of buildings, vulnerability assessment, capacity in terms of user and serviced population, distance to fault line, importance in disaster management plan, etc). Accordingly, all public buildings were prioritized and listed for either retrofitting or demolishment.<\/p>\n<p>After feasibility studies for public buildings throughout Istanbul, a simple cost benefit method is used by ISMEP to decide whether to retrofit or reconstruction. If the cost of retrofitting does not exceed 40% of the cost of reconstruction, retrofitting is preferred. Then, retrofitting design works and implementation are started.<\/p>\n<p>As part of the efforts to strengthen risky buildings, we have done a lot of work covering all districts of Istanbul since 2006.<\/p>\n<p>Within this framework, the number of public buildings retrofitted by January 2019 is as follows;<\/p>\n<table>\n<thead>\n<tr>\n<th class=\"c\" colspan=\"9\"><strong>RETROFITTING WORKS<\/strong><\/th>\n<\/tr>\n<tr>\n<th class=\"c\" rowspan=\"2\"><strong>BUILDING TYPES<\/strong><\/th>\n<th class=\"c\" colspan=\"2\">COMPLETED<\/th>\n<th class=\"c\" colspan=\"2\">ONGOING<\/th>\n<th class=\"c\" colspan=\"2\">TENDER<\/th>\n<th class=\"c\" colspan=\"2\">TOTAL<\/th>\n<\/tr>\n<tr>\n<td class=\"c\">Campus<\/td>\n<td class=\"c\">Buildings<\/td>\n<td class=\"c\">Campus<\/td>\n<td class=\"c\">Buildings<\/td>\n<td class=\"c\">Campus<\/td>\n<td class=\"c\">Buildings<\/td>\n<td class=\"c\">Campus<\/td>\n<td class=\"c\">Buildings<\/td>\n<\/tr>\n<\/thead>\n<tbody>\n<tr>\n<td><strong>SCHOOLS<\/strong><\/td>\n<td>792<\/td>\n<td>956<\/td>\n<td>8<\/td>\n<td>12<\/td>\n<td><\/td>\n<td><\/td>\n<td><strong>804<\/strong><\/td>\n<td><strong>968<\/strong><\/td>\n<\/tr>\n<tr>\n<td><strong>HOSPITALS<\/strong><\/td>\n<td>12<\/td>\n<td>48<\/td>\n<td><\/td>\n<td><\/td>\n<td><\/td>\n<td><\/td>\n<td><strong>12<\/strong><\/td>\n<td><strong>48<\/strong><\/td>\n<\/tr>\n<tr>\n<td><strong>POLYCLINIC &amp; HEALTH <\/strong><strong>CARE CENTER<\/strong><\/td>\n<td>59<\/td>\n<td>59<\/td>\n<td><\/td>\n<td><\/td>\n<td><\/td>\n<td><\/td>\n<td><strong>59<\/strong><\/td>\n<td><strong>59<\/strong><\/td>\n<\/tr>\n<tr>\n<td><strong>ADMINISTRATIVE<\/strong><\/td>\n<td>25<\/td>\n<td>43<\/td>\n<td><\/td>\n<td><\/td>\n<td><\/td>\n<td><\/td>\n<td><strong>25<\/strong><\/td>\n<td><strong>43<\/strong><\/td>\n<\/tr>\n<tr>\n<td><strong>DORMITORY<\/strong><\/td>\n<td>12<\/td>\n<td>28<\/td>\n<td><\/td>\n<td><\/td>\n<td><\/td>\n<td><\/td>\n<td><strong>12<\/strong><\/td>\n<td><strong>28<\/strong><\/td>\n<\/tr>\n<tr>\n<td><strong>SOCIAL SERVICE BUILDS<\/strong><\/td>\n<td>8<\/td>\n<td>16<\/td>\n<td><\/td>\n<td><\/td>\n<td><\/td>\n<td><\/td>\n<td><strong>8<\/strong><\/td>\n<td><strong>16<\/strong><\/td>\n<\/tr>\n<tr>\n<td><strong>TOTAL<\/strong><\/td>\n<td><strong>908<\/strong><\/td>\n<td><strong>1150<\/strong><\/td>\n<td><strong>8<\/strong><\/td>\n<td><strong>12<\/strong><\/td>\n<td><\/td>\n<td><\/td>\n<td><strong>920<\/strong><\/td>\n<td><strong>1162<\/strong><\/td>\n<\/tr>\n<\/tbody>\n<\/table>\n<p>The details of some of our works can be found in the links below.<\/p>\n<\/div>\n<\/div><\/div><\/div><\/div><div id=\"pg-5814-1\"  class=\"panel-grid panel-no-style\" ><div id=\"pgc-5814-1-0\"  class=\"panel-grid-cell\" ><div id=\"panel-5814-1-0-0\" class=\"so-panel widget widget_sow-image panel-first-child\" data-index=\"1\" ><div class=\"project-image-container panel-widget-style panel-widget-style-for-5814-1-0-0\" ><div\n\t\t\t\n\t\t\tclass=\"so-widget-sow-image so-widget-sow-image-default-e8513d21b1d5-5814\"\n\t\t\t\n\t\t>\n<div class=\"sow-image-container\">\n\t\t\t<a href=\"\/en\/what-is-ismep\/b-component\/retrofitting-works\/retrofitting-works-of-schools\/\"\n\t\t\t\t\t>\n\t\t\t<img \n\tsrc=\"https:\/\/www.ipkb.gov.tr\/wp-content\/uploads\/2019\/02\/okullarda-guclendirme-2-300x200.jpg\" width=\"300\" height=\"200\" srcset=\"https:\/\/www.ipkb.gov.tr\/wp-content\/uploads\/2019\/02\/okullarda-guclendirme-2-300x200.jpg 300w, https:\/\/www.ipkb.gov.tr\/wp-content\/uploads\/2019\/02\/okullarda-guclendirme-2-768x512.jpg 768w, https:\/\/www.ipkb.gov.tr\/wp-content\/uploads\/2019\/02\/okullarda-guclendirme-2-540x360.jpg 540w, https:\/\/www.ipkb.gov.tr\/wp-content\/uploads\/2019\/02\/okullarda-guclendirme-2-360x240.jpg 360w, https:\/\/www.ipkb.gov.tr\/wp-content\/uploads\/2019\/02\/okullarda-guclendirme-2-272x182.jpg 272w, https:\/\/www.ipkb.gov.tr\/wp-content\/uploads\/2019\/02\/okullarda-guclendirme-2.jpg 800w\" sizes=\"(max-width: 300px) 100vw, 300px\" title=\"Retrofitting Works of Schools\" alt=\"\" \t\tclass=\"so-widget-image\"\/>\n\t\t\t<\/a><\/div>\n\n<\/div><\/div><\/div><div id=\"panel-5814-1-0-1\" class=\"widget_text so-panel widget widget_custom_html panel-last-child\" data-index=\"2\" ><div class=\"textwidget custom-html-widget\"><a href=\"\/en\/what-is-ismep\/b-component\/retrofitting-works\/retrofitting-works-of-schools\/\">Retrofitting Works of Schools<\/a><\/div><\/div><\/div><div id=\"pgc-5814-1-1\"  class=\"panel-grid-cell\" ><div id=\"panel-5814-1-1-0\" class=\"so-panel widget widget_sow-image panel-first-child\" data-index=\"3\" ><div class=\"project-image-container panel-widget-style panel-widget-style-for-5814-1-1-0\" ><div\n\t\t\t\n\t\t\tclass=\"so-widget-sow-image so-widget-sow-image-default-e8513d21b1d5-5814\"\n\t\t\t\n\t\t>\n<div class=\"sow-image-container\">\n\t\t\t<a href=\"\/en\/what-is-ismep\/b-component\/retrofitting-works\/marmara-university-basibuyuk-training-and-research-hospital\/\"\n\t\t\t\t\t>\n\t\t\t<img \n\tsrc=\"https:\/\/www.ipkb.gov.tr\/wp-content\/uploads\/2019\/02\/marmara-basibuyuk-hastanesi-300x169.jpg\" width=\"300\" height=\"169\" srcset=\"https:\/\/www.ipkb.gov.tr\/wp-content\/uploads\/2019\/02\/marmara-basibuyuk-hastanesi-300x169.jpg 300w, https:\/\/www.ipkb.gov.tr\/wp-content\/uploads\/2019\/02\/marmara-basibuyuk-hastanesi-768x432.jpg 768w, https:\/\/www.ipkb.gov.tr\/wp-content\/uploads\/2019\/02\/marmara-basibuyuk-hastanesi-540x304.jpg 540w, https:\/\/www.ipkb.gov.tr\/wp-content\/uploads\/2019\/02\/marmara-basibuyuk-hastanesi-360x204.jpg 360w, https:\/\/www.ipkb.gov.tr\/wp-content\/uploads\/2019\/02\/marmara-basibuyuk-hastanesi.jpg 800w\" sizes=\"(max-width: 300px) 100vw, 300px\" title=\"Marmara University Ba\u015f\u0131b\u00fcy\u00fck Training and Research Hospital\" alt=\"\" \t\tclass=\"so-widget-image\"\/>\n\t\t\t<\/a><\/div>\n\n<\/div><\/div><\/div><div id=\"panel-5814-1-1-1\" class=\"widget_text so-panel widget widget_custom_html panel-last-child\" data-index=\"4\" ><div class=\"textwidget custom-html-widget\"><a href=\"\/en\/what-is-ismep\/b-component\/retrofitting-works\/marmara-university-basibuyuk-training-and-research-hospital\/\">Marmara University Ba\u015f\u0131b\u00fcy\u00fck Training and Research Hospital<\/a><\/div><\/div><\/div><div id=\"pgc-5814-1-2\"  class=\"panel-grid-cell\" ><div id=\"panel-5814-1-2-0\" class=\"so-panel widget widget_sow-image panel-first-child\" data-index=\"5\" ><div class=\"project-image-container panel-widget-style panel-widget-style-for-5814-1-2-0\" ><div\n\t\t\t\n\t\t\tclass=\"so-widget-sow-image so-widget-sow-image-default-e8513d21b1d5-5814\"\n\t\t\t\n\t\t>\n<div class=\"sow-image-container\">\n\t\t\t<a href=\"\/en\/what-is-ismep\/b-component\/retrofitting-works\/zeynep-kamil-maternity-and-children-training-and-research-hospital\/\"\n\t\t\t\t\t>\n\t\t\t<img \n\tsrc=\"https:\/\/www.ipkb.gov.tr\/wp-content\/uploads\/2019\/02\/zeynep-kamil-hastanesi-300x169.jpg\" width=\"300\" height=\"169\" srcset=\"https:\/\/www.ipkb.gov.tr\/wp-content\/uploads\/2019\/02\/zeynep-kamil-hastanesi-300x169.jpg 300w, https:\/\/www.ipkb.gov.tr\/wp-content\/uploads\/2019\/02\/zeynep-kamil-hastanesi-768x432.jpg 768w, https:\/\/www.ipkb.gov.tr\/wp-content\/uploads\/2019\/02\/zeynep-kamil-hastanesi-540x304.jpg 540w, https:\/\/www.ipkb.gov.tr\/wp-content\/uploads\/2019\/02\/zeynep-kamil-hastanesi-360x204.jpg 360w, https:\/\/www.ipkb.gov.tr\/wp-content\/uploads\/2019\/02\/zeynep-kamil-hastanesi.jpg 800w\" sizes=\"(max-width: 300px) 100vw, 300px\" title=\"Zeynep Kamil Maternity and Children Training and Research Hospital\" alt=\"\" \t\tclass=\"so-widget-image\"\/>\n\t\t\t<\/a><\/div>\n\n<\/div><\/div><\/div><div id=\"panel-5814-1-2-1\" class=\"widget_text so-panel widget widget_custom_html panel-last-child\" data-index=\"6\" ><div class=\"textwidget custom-html-widget\"><a href=\"\/en\/what-is-ismep\/b-component\/retrofitting-works\/zeynep-kamil-maternity-and-children-training-and-research-hospital\/\">Zeynep Kamil Maternity and Children Training and Research Hospital<\/a><\/div><\/div><\/div><div id=\"pgc-5814-1-3\"  class=\"panel-grid-cell\" ><div id=\"panel-5814-1-3-0\" class=\"so-panel widget widget_sow-image panel-first-child\" data-index=\"7\" ><div class=\"project-image-container panel-widget-style panel-widget-style-for-5814-1-3-0\" ><div\n\t\t\t\n\t\t\tclass=\"so-widget-sow-image so-widget-sow-image-default-e8513d21b1d5-5814\"\n\t\t\t\n\t\t>\n<div class=\"sow-image-container\">\n\t\t\t<a href=\"\/en\/what-is-ismep\/b-component\/retrofitting-works\/other-public-institutions\/\"\n\t\t\t\t\t>\n\t\t\t<img \n\tsrc=\"https:\/\/www.ipkb.gov.tr\/wp-content\/uploads\/2018\/10\/diger_kamu_kurumlari-300x200.jpg\" width=\"300\" height=\"200\" srcset=\"https:\/\/www.ipkb.gov.tr\/wp-content\/uploads\/2018\/10\/diger_kamu_kurumlari-300x200.jpg 300w, https:\/\/www.ipkb.gov.tr\/wp-content\/uploads\/2018\/10\/diger_kamu_kurumlari-540x359.jpg 540w, https:\/\/www.ipkb.gov.tr\/wp-content\/uploads\/2018\/10\/diger_kamu_kurumlari-360x240.jpg 360w, https:\/\/www.ipkb.gov.tr\/wp-content\/uploads\/2018\/10\/diger_kamu_kurumlari-272x182.jpg 272w, https:\/\/www.ipkb.gov.tr\/wp-content\/uploads\/2018\/10\/diger_kamu_kurumlari.jpg 640w\" sizes=\"(max-width: 300px) 100vw, 300px\" title=\"Other Public Institutions\" alt=\"\" \t\tclass=\"so-widget-image\"\/>\n\t\t\t<\/a><\/div>\n\n<\/div><\/div><\/div><div id=\"panel-5814-1-3-1\" class=\"widget_text so-panel widget widget_custom_html panel-last-child\" data-index=\"8\" ><div class=\"textwidget custom-html-widget\"><a href=\"\/en\/what-is-ismep\/b-component\/retrofitting-works\/other-public-institutions\/\">Other Public Institutions<\/a><\/div><\/div><\/div><\/div><\/div>","protected":false},"excerpt":{"rendered":"<p>During retrofitting activities for public buildings against possible earthquakes and disasters, we implement our projects to enhance the seismic performance of public buildings by analyzing not only the structural but also the ground characteristics . As we have analyzed 1999 Marmara Earthquake and other massive earthquakes worldwide, structural resistance of buildings against earthquakes is of &hellip;<\/p>\n","protected":false},"author":1,"featured_media":0,"parent":5809,"menu_order":1,"comment_status":"closed","ping_status":"closed","template":"","meta":{"_acf_changed":false,"footnotes":""},"class_list":["post-5814","page","type-page","status-publish","hentry"],"acf":[],"yoast_head":"<!-- This site is optimized with the Yoast SEO plugin v27.3 - https:\/\/yoast.com\/product\/yoast-seo-wordpress\/ -->\n<title>Retrofitting Works - Istanbul Project Coordination Unit<\/title>\n<meta name=\"robots\" content=\"index, follow, max-snippet:-1, max-image-preview:large, max-video-preview:-1\" \/>\n<link rel=\"canonical\" href=\"https:\/\/www.ipkb.gov.tr\/en\/what-is-ismep\/b-component\/retrofitting-works\/\" \/>\n<meta property=\"og:locale\" content=\"en_US\" \/>\n<meta property=\"og:type\" content=\"article\" \/>\n<meta property=\"og:title\" content=\"Retrofitting Works - Istanbul Project Coordination Unit\" \/>\n<meta property=\"og:description\" content=\"During retrofitting activities for public buildings against possible earthquakes and disasters, we implement our projects to enhance the seismic performance of public buildings by analyzing not only the structural but also the ground characteristics . As we have analyzed 1999 Marmara Earthquake and other massive earthquakes worldwide, structural resistance of buildings against earthquakes is of &hellip;\" \/>\n<meta property=\"og:url\" content=\"https:\/\/www.ipkb.gov.tr\/en\/what-is-ismep\/b-component\/retrofitting-works\/\" \/>\n<meta property=\"og:site_name\" content=\"Istanbul Project Coordination Unit\" \/>\n<meta property=\"article:publisher\" content=\"https:\/\/www.facebook.com\/ipkbgovtr\/\" \/>\n<meta property=\"article:modified_time\" content=\"2024-05-06T06:30:18+00:00\" \/>\n<meta name=\"twitter:card\" content=\"summary_large_image\" \/>\n<meta name=\"twitter:site\" content=\"@ipkbgovtr\" \/>\n<meta name=\"twitter:label1\" content=\"Est. reading time\" \/>\n\t<meta name=\"twitter:data1\" content=\"4 minutes\" \/>\n<script type=\"application\/ld+json\" class=\"yoast-schema-graph\">{\"@context\":\"https:\\\/\\\/schema.org\",\"@graph\":[{\"@type\":\"WebPage\",\"@id\":\"https:\\\/\\\/www.ipkb.gov.tr\\\/en\\\/what-is-ismep\\\/b-component\\\/retrofitting-works\\\/\",\"url\":\"https:\\\/\\\/www.ipkb.gov.tr\\\/en\\\/what-is-ismep\\\/b-component\\\/retrofitting-works\\\/\",\"name\":\"Retrofitting Works - Istanbul Project Coordination Unit\",\"isPartOf\":{\"@id\":\"https:\\\/\\\/www.ipkb.gov.tr\\\/en\\\/#website\"},\"datePublished\":\"2019-04-19T01:21:27+00:00\",\"dateModified\":\"2024-05-06T06:30:18+00:00\",\"breadcrumb\":{\"@id\":\"https:\\\/\\\/www.ipkb.gov.tr\\\/en\\\/what-is-ismep\\\/b-component\\\/retrofitting-works\\\/#breadcrumb\"},\"inLanguage\":\"en-US\",\"potentialAction\":[{\"@type\":\"ReadAction\",\"target\":[\"https:\\\/\\\/www.ipkb.gov.tr\\\/en\\\/what-is-ismep\\\/b-component\\\/retrofitting-works\\\/\"]}]},{\"@type\":\"BreadcrumbList\",\"@id\":\"https:\\\/\\\/www.ipkb.gov.tr\\\/en\\\/what-is-ismep\\\/b-component\\\/retrofitting-works\\\/#breadcrumb\",\"itemListElement\":[{\"@type\":\"ListItem\",\"position\":1,\"name\":\"Ana sayfa\",\"item\":\"https:\\\/\\\/www.ipkb.gov.tr\\\/en\\\/\"},{\"@type\":\"ListItem\",\"position\":2,\"name\":\"What is ISMEP?\",\"item\":\"https:\\\/\\\/www.ipkb.gov.tr\\\/en\\\/what-is-ismep\\\/\"},{\"@type\":\"ListItem\",\"position\":3,\"name\":\"B Component\",\"item\":\"https:\\\/\\\/www.ipkb.gov.tr\\\/en\\\/what-is-ismep\\\/b-component\\\/\"},{\"@type\":\"ListItem\",\"position\":4,\"name\":\"Retrofitting Works\"}]},{\"@type\":\"WebSite\",\"@id\":\"https:\\\/\\\/www.ipkb.gov.tr\\\/en\\\/#website\",\"url\":\"https:\\\/\\\/www.ipkb.gov.tr\\\/en\\\/\",\"name\":\"Istanbul Project Coordination Unit\",\"description\":\"We are Strengthening Our Future!\",\"publisher\":{\"@id\":\"https:\\\/\\\/www.ipkb.gov.tr\\\/en\\\/#organization\"},\"potentialAction\":[{\"@type\":\"SearchAction\",\"target\":{\"@type\":\"EntryPoint\",\"urlTemplate\":\"https:\\\/\\\/www.ipkb.gov.tr\\\/en\\\/?s={search_term_string}\"},\"query-input\":{\"@type\":\"PropertyValueSpecification\",\"valueRequired\":true,\"valueName\":\"search_term_string\"}}],\"inLanguage\":\"en-US\"},{\"@type\":\"Organization\",\"@id\":\"https:\\\/\\\/www.ipkb.gov.tr\\\/en\\\/#organization\",\"name\":\"\u0130stanbul Valili\u011fi \u0130stanbul Proje Koordinasyon Birimi\",\"url\":\"https:\\\/\\\/www.ipkb.gov.tr\\\/en\\\/\",\"logo\":{\"@type\":\"ImageObject\",\"inLanguage\":\"en-US\",\"@id\":\"https:\\\/\\\/www.ipkb.gov.tr\\\/en\\\/#\\\/schema\\\/logo\\\/image\\\/\",\"url\":\"https:\\\/\\\/www.ipkb.gov.tr\\\/wp-content\\\/uploads\\\/2019\\\/07\\\/ipkb_logo@2x.png\",\"contentUrl\":\"https:\\\/\\\/www.ipkb.gov.tr\\\/wp-content\\\/uploads\\\/2019\\\/07\\\/ipkb_logo@2x.png\",\"width\":540,\"height\":224,\"caption\":\"\u0130stanbul Valili\u011fi \u0130stanbul Proje Koordinasyon Birimi\"},\"image\":{\"@id\":\"https:\\\/\\\/www.ipkb.gov.tr\\\/en\\\/#\\\/schema\\\/logo\\\/image\\\/\"},\"sameAs\":[\"https:\\\/\\\/www.facebook.com\\\/ipkbgovtr\\\/\",\"https:\\\/\\\/x.com\\\/ipkbgovtr\",\"https:\\\/\\\/www.linkedin.com\\\/company\\\/ipkb\",\"https:\\\/\\\/www.youtube.com\\\/channel\\\/UC3tdflZ3LiqX46e1j8Ar7AQ\"]}]}<\/script>\n<!-- \/ Yoast SEO plugin. -->","yoast_head_json":{"title":"Retrofitting Works - Istanbul Project Coordination Unit","robots":{"index":"index","follow":"follow","max-snippet":"max-snippet:-1","max-image-preview":"max-image-preview:large","max-video-preview":"max-video-preview:-1"},"canonical":"https:\/\/www.ipkb.gov.tr\/en\/what-is-ismep\/b-component\/retrofitting-works\/","og_locale":"en_US","og_type":"article","og_title":"Retrofitting Works - Istanbul Project Coordination Unit","og_description":"During retrofitting activities for public buildings against possible earthquakes and disasters, we implement our projects to enhance the seismic performance of public buildings by analyzing not only the structural but also the ground characteristics . As we have analyzed 1999 Marmara Earthquake and other massive earthquakes worldwide, structural resistance of buildings against earthquakes is of &hellip;","og_url":"https:\/\/www.ipkb.gov.tr\/en\/what-is-ismep\/b-component\/retrofitting-works\/","og_site_name":"Istanbul Project Coordination Unit","article_publisher":"https:\/\/www.facebook.com\/ipkbgovtr\/","article_modified_time":"2024-05-06T06:30:18+00:00","twitter_card":"summary_large_image","twitter_site":"@ipkbgovtr","twitter_misc":{"Est. reading time":"4 minutes"},"schema":{"@context":"https:\/\/schema.org","@graph":[{"@type":"WebPage","@id":"https:\/\/www.ipkb.gov.tr\/en\/what-is-ismep\/b-component\/retrofitting-works\/","url":"https:\/\/www.ipkb.gov.tr\/en\/what-is-ismep\/b-component\/retrofitting-works\/","name":"Retrofitting Works - Istanbul Project Coordination Unit","isPartOf":{"@id":"https:\/\/www.ipkb.gov.tr\/en\/#website"},"datePublished":"2019-04-19T01:21:27+00:00","dateModified":"2024-05-06T06:30:18+00:00","breadcrumb":{"@id":"https:\/\/www.ipkb.gov.tr\/en\/what-is-ismep\/b-component\/retrofitting-works\/#breadcrumb"},"inLanguage":"en-US","potentialAction":[{"@type":"ReadAction","target":["https:\/\/www.ipkb.gov.tr\/en\/what-is-ismep\/b-component\/retrofitting-works\/"]}]},{"@type":"BreadcrumbList","@id":"https:\/\/www.ipkb.gov.tr\/en\/what-is-ismep\/b-component\/retrofitting-works\/#breadcrumb","itemListElement":[{"@type":"ListItem","position":1,"name":"Ana sayfa","item":"https:\/\/www.ipkb.gov.tr\/en\/"},{"@type":"ListItem","position":2,"name":"What is ISMEP?","item":"https:\/\/www.ipkb.gov.tr\/en\/what-is-ismep\/"},{"@type":"ListItem","position":3,"name":"B Component","item":"https:\/\/www.ipkb.gov.tr\/en\/what-is-ismep\/b-component\/"},{"@type":"ListItem","position":4,"name":"Retrofitting Works"}]},{"@type":"WebSite","@id":"https:\/\/www.ipkb.gov.tr\/en\/#website","url":"https:\/\/www.ipkb.gov.tr\/en\/","name":"Istanbul Project Coordination Unit","description":"We are Strengthening Our Future!","publisher":{"@id":"https:\/\/www.ipkb.gov.tr\/en\/#organization"},"potentialAction":[{"@type":"SearchAction","target":{"@type":"EntryPoint","urlTemplate":"https:\/\/www.ipkb.gov.tr\/en\/?s={search_term_string}"},"query-input":{"@type":"PropertyValueSpecification","valueRequired":true,"valueName":"search_term_string"}}],"inLanguage":"en-US"},{"@type":"Organization","@id":"https:\/\/www.ipkb.gov.tr\/en\/#organization","name":"\u0130stanbul Valili\u011fi \u0130stanbul Proje Koordinasyon Birimi","url":"https:\/\/www.ipkb.gov.tr\/en\/","logo":{"@type":"ImageObject","inLanguage":"en-US","@id":"https:\/\/www.ipkb.gov.tr\/en\/#\/schema\/logo\/image\/","url":"https:\/\/www.ipkb.gov.tr\/wp-content\/uploads\/2019\/07\/ipkb_logo@2x.png","contentUrl":"https:\/\/www.ipkb.gov.tr\/wp-content\/uploads\/2019\/07\/ipkb_logo@2x.png","width":540,"height":224,"caption":"\u0130stanbul Valili\u011fi \u0130stanbul Proje Koordinasyon Birimi"},"image":{"@id":"https:\/\/www.ipkb.gov.tr\/en\/#\/schema\/logo\/image\/"},"sameAs":["https:\/\/www.facebook.com\/ipkbgovtr\/","https:\/\/x.com\/ipkbgovtr","https:\/\/www.linkedin.com\/company\/ipkb","https:\/\/www.youtube.com\/channel\/UC3tdflZ3LiqX46e1j8Ar7AQ"]}]}},"_links":{"self":[{"href":"https:\/\/www.ipkb.gov.tr\/en\/wp-json\/wp\/v2\/pages\/5814","targetHints":{"allow":["GET"]}}],"collection":[{"href":"https:\/\/www.ipkb.gov.tr\/en\/wp-json\/wp\/v2\/pages"}],"about":[{"href":"https:\/\/www.ipkb.gov.tr\/en\/wp-json\/wp\/v2\/types\/page"}],"author":[{"embeddable":true,"href":"https:\/\/www.ipkb.gov.tr\/en\/wp-json\/wp\/v2\/users\/1"}],"replies":[{"embeddable":true,"href":"https:\/\/www.ipkb.gov.tr\/en\/wp-json\/wp\/v2\/comments?post=5814"}],"version-history":[{"count":17,"href":"https:\/\/www.ipkb.gov.tr\/en\/wp-json\/wp\/v2\/pages\/5814\/revisions"}],"predecessor-version":[{"id":10413,"href":"https:\/\/www.ipkb.gov.tr\/en\/wp-json\/wp\/v2\/pages\/5814\/revisions\/10413"}],"up":[{"embeddable":true,"href":"https:\/\/www.ipkb.gov.tr\/en\/wp-json\/wp\/v2\/pages\/5809"}],"wp:attachment":[{"href":"https:\/\/www.ipkb.gov.tr\/en\/wp-json\/wp\/v2\/media?parent=5814"}],"curies":[{"name":"wp","href":"https:\/\/api.w.org\/{rel}","templated":true}]}}