{"id":5850,"date":"2019-04-19T10:39:58","date_gmt":"2019-04-19T07:39:58","guid":{"rendered":"https:\/\/www.ipkb.gov.tr\/?page_id=5850"},"modified":"2024-05-06T09:35:19","modified_gmt":"2024-05-06T06:35:19","slug":"reconstruction","status":"publish","type":"page","link":"https:\/\/www.ipkb.gov.tr\/en\/what-is-ismep\/b-component\/reconstruction\/","title":{"rendered":"Reconstruction Works"},"content":{"rendered":"<div id=\"pl-5850\"  class=\"panel-layout\" ><div id=\"pg-5850-0\"  class=\"panel-grid panel-no-style\" ><div id=\"pgc-5850-0-0\"  class=\"panel-grid-cell\" ><div id=\"panel-5850-0-0-0\" class=\"so-panel widget widget_sow-editor panel-first-child panel-last-child\" data-index=\"0\" ><div\n\t\t\t\n\t\t\tclass=\"so-widget-sow-editor so-widget-sow-editor-base\"\n\t\t\t\n\t\t>\n<div class=\"siteorigin-widget-tinymce textwidget\">\n\t<p>As IPKB under ISMEP Project, we work on projects to reconstruct public buildings that have a retrofitting &amp; repair costs to reconstruction costs ratio of more than 40 percent.<\/p>\n<p>We design each reconstruction project of public buildings in accordance with needs of both the beneficiary institutions and the district where it will be built, to make them disaster-resistant, eco-friendly and modern buildings.<br \/>\nIn our designing phase, we aim for the buildings we reconstruct to add value to their district by their functions as well as their appearances.<\/p>\n<p>As of January 2019, the number of the public buildings achieved under reconstruction works is as follows;<\/p>\n<div style=\"max-width: 825px;\">\n<table>\n<thead>\n<tr>\n<th class=\"c\" colspan=\"9\">RECONSTRUCTION WORKS<\/th>\n<\/tr>\n<tr>\n<th class=\"c\" rowspan=\"2\">BUILDING TYPES<\/th>\n<th class=\"c\" colspan=\"2\">COMPLETED<\/th>\n<th class=\"c\" colspan=\"2\">ONGOING<\/th>\n<th class=\"c\" colspan=\"2\">TENDER<\/th>\n<th class=\"c\" colspan=\"2\">TOTAL<\/th>\n<\/tr>\n<tr>\n<th class=\"c\">Campus<\/th>\n<th class=\"c\">Buildings<\/th>\n<th class=\"c\">Campus<\/th>\n<th class=\"c\">Buildings<\/th>\n<th class=\"c\">Campus<\/th>\n<th class=\"c\">Buildings<\/th>\n<th class=\"c\">Campus<\/th>\n<th class=\"c\">Buildings<\/th>\n<\/tr>\n<\/thead>\n<tbody>\n<tr>\n<td><strong>SCHOOLS<\/strong><\/td>\n<td>335<\/td>\n<td>369<\/td>\n<td>42<\/td>\n<td>45<\/td>\n<td>8<\/td>\n<td>8<\/td>\n<td><strong>385<\/strong><\/td>\n<td><strong>422<\/strong><\/td>\n<\/tr>\n<tr>\n<td><strong>HOSPITALS<\/strong><\/td>\n<td>6<\/td>\n<td>6<\/td>\n<td><\/td>\n<td><\/td>\n<td><\/td>\n<td><\/td>\n<td><strong>6<\/strong><\/td>\n<td><strong>6<\/strong><\/td>\n<\/tr>\n<tr>\n<td><strong>POLYCLINICS &amp; HEALTH CARE CENTER<\/strong><\/td>\n<td>2<\/td>\n<td>2<\/td>\n<td><\/td>\n<td><\/td>\n<td><\/td>\n<td><\/td>\n<td><strong>2<\/strong><\/td>\n<td><strong>2<\/strong><\/td>\n<\/tr>\n<tr>\n<td><strong>ADMINISTRATIVE BUILDINGS<\/strong><\/td>\n<td>8<\/td>\n<td>12<\/td>\n<td>2<\/td>\n<td>2<\/td>\n<td><\/td>\n<td><\/td>\n<td><strong>10<\/strong><\/td>\n<td><strong>14<\/strong><\/td>\n<\/tr>\n<tr>\n<td><strong>DORMITORIES<\/strong><\/td>\n<td>1<\/td>\n<td>10<\/td>\n<td>1<\/td>\n<td>1<\/td>\n<td><\/td>\n<td><\/td>\n<td><strong>2<\/strong><\/td>\n<td><strong>11<\/strong><\/td>\n<\/tr>\n<tr>\n<td><strong>SOCIAL SERVICE BUILDINGS<\/strong><\/td>\n<td>2<\/td>\n<td>6<\/td>\n<td>1<\/td>\n<td>1<\/td>\n<td><\/td>\n<td><\/td>\n<td><strong>3<\/strong><\/td>\n<td><strong>7<\/strong><\/td>\n<\/tr>\n<tr>\n<td><strong>TOTAL<\/strong><\/td>\n<td><strong>354<\/strong><\/td>\n<td><strong>405<\/strong><\/td>\n<td><strong>46<\/strong><\/td>\n<td><strong>49<\/strong><\/td>\n<td><strong>8<\/strong><\/td>\n<td><strong>8<\/strong><\/td>\n<td><strong>408<\/strong><\/td>\n<td><strong>462<\/strong><\/td>\n<\/tr>\n<\/tbody>\n<\/table>\n<p>&nbsp;<\/p>\n<\/div>\n<\/div>\n<\/div><\/div><\/div><\/div><div id=\"pg-5850-1\"  class=\"panel-grid panel-no-style\" ><div id=\"pgc-5850-1-0\"  class=\"panel-grid-cell\" ><div id=\"panel-5850-1-0-0\" class=\"so-panel widget widget_sow-editor panel-first-child panel-last-child\" data-index=\"1\" ><div\n\t\t\t\n\t\t\tclass=\"so-widget-sow-editor so-widget-sow-editor-base\"\n\t\t\t\n\t\t>\n<div class=\"siteorigin-widget-tinymce textwidget\">\n\t<p><img loading=\"lazy\" decoding=\"async\" class=\" wp-image-6134 aligncenter\" src=\"https:\/\/www.ipkb.gov.tr\/wp-content\/uploads\/2019\/05\/yeniden-yap\u0131m-ing-sf-10-825x489.jpg\" alt=\"\" width=\"700\" height=\"415\" srcset=\"https:\/\/www.ipkb.gov.tr\/wp-content\/uploads\/2019\/05\/yeniden-yap\u0131m-ing-sf-10-825x489.jpg 825w, https:\/\/www.ipkb.gov.tr\/wp-content\/uploads\/2019\/05\/yeniden-yap\u0131m-ing-sf-10-768x455.jpg 768w, https:\/\/www.ipkb.gov.tr\/wp-content\/uploads\/2019\/05\/yeniden-yap\u0131m-ing-sf-10-1024x607.jpg 1024w, https:\/\/www.ipkb.gov.tr\/wp-content\/uploads\/2019\/05\/yeniden-yap\u0131m-ing-sf-10-300x178.jpg 300w, https:\/\/www.ipkb.gov.tr\/wp-content\/uploads\/2019\/05\/yeniden-yap\u0131m-ing-sf-10-540x320.jpg 540w, https:\/\/www.ipkb.gov.tr\/wp-content\/uploads\/2019\/05\/yeniden-yap\u0131m-ing-sf-10.jpg 1843w\" sizes=\"auto, (max-width: 700px) 100vw, 700px\" \/><\/p>\n<\/div>\n<\/div><\/div><\/div><div id=\"pgc-5850-1-1\"  class=\"panel-grid-cell\" ><div id=\"panel-5850-1-1-0\" class=\"so-panel widget widget_sow-editor panel-first-child panel-last-child\" data-index=\"2\" ><div\n\t\t\t\n\t\t\tclass=\"so-widget-sow-editor so-widget-sow-editor-base\"\n\t\t\t\n\t\t>\n<div class=\"siteorigin-widget-tinymce textwidget\">\n\t<p><img loading=\"lazy\" decoding=\"async\" class=\" wp-image-6136 aligncenter\" src=\"https:\/\/www.ipkb.gov.tr\/wp-content\/uploads\/2019\/05\/yeniden-yap\u0131m-ing-sf-20-713x550.jpg\" alt=\"\" width=\"347\" height=\"267\" srcset=\"https:\/\/www.ipkb.gov.tr\/wp-content\/uploads\/2019\/05\/yeniden-yap\u0131m-ing-sf-20-713x550.jpg 713w, https:\/\/www.ipkb.gov.tr\/wp-content\/uploads\/2019\/05\/yeniden-yap\u0131m-ing-sf-20-768x593.jpg 768w, https:\/\/www.ipkb.gov.tr\/wp-content\/uploads\/2019\/05\/yeniden-yap\u0131m-ing-sf-20-1024x790.jpg 1024w, https:\/\/www.ipkb.gov.tr\/wp-content\/uploads\/2019\/05\/yeniden-yap\u0131m-ing-sf-20-259x200.jpg 259w, https:\/\/www.ipkb.gov.tr\/wp-content\/uploads\/2019\/05\/yeniden-yap\u0131m-ing-sf-20-540x417.jpg 540w\" sizes=\"auto, (max-width: 347px) 100vw, 347px\" \/><\/p>\n<\/div>\n<\/div><\/div><\/div><\/div><div id=\"pg-5850-2\"  class=\"panel-grid panel-no-style\" ><div id=\"pgc-5850-2-0\"  class=\"panel-grid-cell\" ><div id=\"panel-5850-2-0-0\" class=\"so-panel widget widget_sow-image panel-first-child\" data-index=\"3\" ><div\n\t\t\t\n\t\t\tclass=\"so-widget-sow-image so-widget-sow-image-default-e8513d21b1d5-5850\"\n\t\t\t\n\t\t>\n<div class=\"sow-image-container\">\n\t\t\t<a href=\"\/ismep\/b-bileseni\/yeniden-yapim-calismalari\/okullarimiz-yeni-yonetmeliklere-gore-yikilip-yeniden-yapilarak-depreme-karsi-hazirlaniyor\/\"\n\t\t\t\t\t>\n\t\t\t<img \n\tsrc=\"https:\/\/www.ipkb.gov.tr\/wp-content\/uploads\/2019\/02\/okullarda-guclendirme-1-825x480.jpg\" width=\"825\" height=\"480\" srcset=\"https:\/\/www.ipkb.gov.tr\/wp-content\/uploads\/2019\/02\/okullarda-guclendirme-1.jpg 825w, https:\/\/www.ipkb.gov.tr\/wp-content\/uploads\/2019\/02\/okullarda-guclendirme-1-768x447.jpg 768w, https:\/\/www.ipkb.gov.tr\/wp-content\/uploads\/2019\/02\/okullarda-guclendirme-1-300x175.jpg 300w, https:\/\/www.ipkb.gov.tr\/wp-content\/uploads\/2019\/02\/okullarda-guclendirme-1-540x314.jpg 540w\" sizes=\"(max-width: 825px) 100vw, 825px\" title=\"Schools are Demolished and Reconstructed According to Most Recent Applicable Regulations to Resist an Earthquake \" alt=\"\" \t\tclass=\"so-widget-image\"\/>\n\t\t\t<\/a><\/div>\n\n<\/div><\/div><div id=\"panel-5850-2-0-1\" class=\"widget_text so-panel widget widget_custom_html panel-last-child\" data-index=\"4\" ><div class=\"textwidget custom-html-widget\">Schools are Demolished and Reconstructed According to Most Recent Applicable Regulations to Resist an Earthquake<\/a><\/div><\/div><\/div><div id=\"pgc-5850-2-1\"  class=\"panel-grid-cell\" ><div id=\"panel-5850-2-1-0\" class=\"so-panel widget widget_sow-image panel-first-child\" data-index=\"5\" ><div\n\t\t\t\n\t\t\tclass=\"so-widget-sow-image so-widget-sow-image-default-e8513d21b1d5-5850\"\n\t\t\t\n\t\t>\n<div class=\"sow-image-container\">\n\t\t\t<a href=\"\/ismep\/b-bileseni\/yeniden-yapim-calismalari\/depreme-karsi-yeniden-yapilan-hastaneler\/\"\n\t\t\t\t\t>\n\t\t\t<img \n\tsrc=\"https:\/\/www.ipkb.gov.tr\/wp-content\/uploads\/2018\/10\/okmeydan\u0131_web.jpg\" width=\"640\" height=\"360\" srcset=\"https:\/\/www.ipkb.gov.tr\/wp-content\/uploads\/2018\/10\/okmeydan\u0131_web.jpg 640w, https:\/\/www.ipkb.gov.tr\/wp-content\/uploads\/2018\/10\/okmeydan\u0131_web-300x169.jpg 300w, https:\/\/www.ipkb.gov.tr\/wp-content\/uploads\/2018\/10\/okmeydan\u0131_web-540x304.jpg 540w, https:\/\/www.ipkb.gov.tr\/wp-content\/uploads\/2018\/10\/okmeydan\u0131_web-360x204.jpg 360w\" sizes=\"(max-width: 640px) 100vw, 640px\" title=\"Hospitals Reconstructed to Resist Earthquake  \" alt=\"\" \t\tclass=\"so-widget-image\"\/>\n\t\t\t<\/a><\/div>\n\n<\/div><\/div><div id=\"panel-5850-2-1-1\" class=\"widget_text so-panel widget widget_custom_html panel-last-child\" data-index=\"6\" ><div class=\"textwidget custom-html-widget\">Hospitals Reconstructed to Resist Earthquake<\/a><\/div><\/div><\/div><div id=\"pgc-5850-2-2\"  class=\"panel-grid-cell\" ><div id=\"panel-5850-2-2-0\" class=\"so-panel widget widget_sow-image panel-first-child\" data-index=\"7\" ><div\n\t\t\t\n\t\t\tclass=\"so-widget-sow-image so-widget-sow-image-default-e8513d21b1d5-5850\"\n\t\t\t\n\t\t>\n<div class=\"sow-image-container\">\n\t\t\t<a href=\"\/ismep\/b-bileseni\/yeniden-yapim-calismalari\/ataturk-ogrenci-yurdu\/\"\n\t\t\t\t\t>\n\t\t\t<img \n\tsrc=\"https:\/\/www.ipkb.gov.tr\/wp-content\/uploads\/2018\/10\/ataturk_ogrenci_yurdu.jpg\" width=\"484\" height=\"270\" srcset=\"https:\/\/www.ipkb.gov.tr\/wp-content\/uploads\/2018\/10\/ataturk_ogrenci_yurdu.jpg 484w, https:\/\/www.ipkb.gov.tr\/wp-content\/uploads\/2018\/10\/ataturk_ogrenci_yurdu-300x167.jpg 300w\" sizes=\"(max-width: 484px) 100vw, 484px\" title=\"Atat\u00fcrk Student Dormitory \" alt=\"\" \t\tclass=\"so-widget-image\"\/>\n\t\t\t<\/a><\/div>\n\n<\/div><\/div><div id=\"panel-5850-2-2-1\" class=\"widget_text so-panel widget widget_custom_html panel-last-child\" data-index=\"8\" ><div class=\"textwidget custom-html-widget\">Atat\u00fcrk Student Dormitory<\/a><\/div><\/div><\/div><\/div><\/div>","protected":false},"excerpt":{"rendered":"<p>As IPKB under ISMEP Project, we work on projects to reconstruct public buildings that have a retrofitting &amp; repair costs to reconstruction costs ratio of more than 40 percent. We design each reconstruction project of public buildings in accordance with needs of both the beneficiary institutions and the district where it will be built, to &hellip;<\/p>\n","protected":false},"author":1,"featured_media":0,"parent":5809,"menu_order":2,"comment_status":"closed","ping_status":"closed","template":"","meta":{"_acf_changed":false,"footnotes":""},"class_list":["post-5850","page","type-page","status-publish","hentry"],"acf":[],"yoast_head":"<!-- This site is optimized with the Yoast SEO plugin v27.3 - https:\/\/yoast.com\/product\/yoast-seo-wordpress\/ -->\n<title>Reconstruction Works - Istanbul Project Coordination Unit<\/title>\n<meta name=\"robots\" content=\"index, follow, max-snippet:-1, max-image-preview:large, max-video-preview:-1\" \/>\n<link rel=\"canonical\" href=\"https:\/\/www.ipkb.gov.tr\/en\/what-is-ismep\/b-component\/reconstruction\/\" \/>\n<meta property=\"og:locale\" content=\"en_US\" \/>\n<meta property=\"og:type\" content=\"article\" \/>\n<meta property=\"og:title\" content=\"Reconstruction Works - Istanbul Project Coordination Unit\" \/>\n<meta property=\"og:description\" content=\"As IPKB under ISMEP Project, we work on projects to reconstruct public buildings that have a retrofitting &amp; repair costs to reconstruction costs ratio of more than 40 percent. We design each reconstruction project of public buildings in accordance with needs of both the beneficiary institutions and the district where it will be built, to &hellip;\" \/>\n<meta property=\"og:url\" content=\"https:\/\/www.ipkb.gov.tr\/en\/what-is-ismep\/b-component\/reconstruction\/\" \/>\n<meta property=\"og:site_name\" content=\"Istanbul Project Coordination Unit\" \/>\n<meta property=\"article:publisher\" content=\"https:\/\/www.facebook.com\/ipkbgovtr\/\" \/>\n<meta property=\"article:modified_time\" content=\"2024-05-06T06:35:19+00:00\" \/>\n<meta name=\"twitter:card\" content=\"summary_large_image\" \/>\n<meta name=\"twitter:site\" content=\"@ipkbgovtr\" \/>\n<meta name=\"twitter:label1\" content=\"Est. reading time\" \/>\n\t<meta name=\"twitter:data1\" content=\"3 minutes\" \/>\n<script type=\"application\/ld+json\" class=\"yoast-schema-graph\">{\"@context\":\"https:\\\/\\\/schema.org\",\"@graph\":[{\"@type\":\"WebPage\",\"@id\":\"https:\\\/\\\/www.ipkb.gov.tr\\\/en\\\/what-is-ismep\\\/b-component\\\/reconstruction\\\/\",\"url\":\"https:\\\/\\\/www.ipkb.gov.tr\\\/en\\\/what-is-ismep\\\/b-component\\\/reconstruction\\\/\",\"name\":\"Reconstruction Works - Istanbul Project Coordination Unit\",\"isPartOf\":{\"@id\":\"https:\\\/\\\/www.ipkb.gov.tr\\\/en\\\/#website\"},\"datePublished\":\"2019-04-19T07:39:58+00:00\",\"dateModified\":\"2024-05-06T06:35:19+00:00\",\"breadcrumb\":{\"@id\":\"https:\\\/\\\/www.ipkb.gov.tr\\\/en\\\/what-is-ismep\\\/b-component\\\/reconstruction\\\/#breadcrumb\"},\"inLanguage\":\"en-US\",\"potentialAction\":[{\"@type\":\"ReadAction\",\"target\":[\"https:\\\/\\\/www.ipkb.gov.tr\\\/en\\\/what-is-ismep\\\/b-component\\\/reconstruction\\\/\"]}]},{\"@type\":\"BreadcrumbList\",\"@id\":\"https:\\\/\\\/www.ipkb.gov.tr\\\/en\\\/what-is-ismep\\\/b-component\\\/reconstruction\\\/#breadcrumb\",\"itemListElement\":[{\"@type\":\"ListItem\",\"position\":1,\"name\":\"Ana sayfa\",\"item\":\"https:\\\/\\\/www.ipkb.gov.tr\\\/en\\\/\"},{\"@type\":\"ListItem\",\"position\":2,\"name\":\"What is ISMEP?\",\"item\":\"https:\\\/\\\/www.ipkb.gov.tr\\\/en\\\/what-is-ismep\\\/\"},{\"@type\":\"ListItem\",\"position\":3,\"name\":\"B Component\",\"item\":\"https:\\\/\\\/www.ipkb.gov.tr\\\/en\\\/what-is-ismep\\\/b-component\\\/\"},{\"@type\":\"ListItem\",\"position\":4,\"name\":\"Reconstruction Works\"}]},{\"@type\":\"WebSite\",\"@id\":\"https:\\\/\\\/www.ipkb.gov.tr\\\/en\\\/#website\",\"url\":\"https:\\\/\\\/www.ipkb.gov.tr\\\/en\\\/\",\"name\":\"Istanbul Project Coordination Unit\",\"description\":\"We are Strengthening Our Future!\",\"publisher\":{\"@id\":\"https:\\\/\\\/www.ipkb.gov.tr\\\/en\\\/#organization\"},\"potentialAction\":[{\"@type\":\"SearchAction\",\"target\":{\"@type\":\"EntryPoint\",\"urlTemplate\":\"https:\\\/\\\/www.ipkb.gov.tr\\\/en\\\/?s={search_term_string}\"},\"query-input\":{\"@type\":\"PropertyValueSpecification\",\"valueRequired\":true,\"valueName\":\"search_term_string\"}}],\"inLanguage\":\"en-US\"},{\"@type\":\"Organization\",\"@id\":\"https:\\\/\\\/www.ipkb.gov.tr\\\/en\\\/#organization\",\"name\":\"\u0130stanbul Valili\u011fi \u0130stanbul Proje Koordinasyon Birimi\",\"url\":\"https:\\\/\\\/www.ipkb.gov.tr\\\/en\\\/\",\"logo\":{\"@type\":\"ImageObject\",\"inLanguage\":\"en-US\",\"@id\":\"https:\\\/\\\/www.ipkb.gov.tr\\\/en\\\/#\\\/schema\\\/logo\\\/image\\\/\",\"url\":\"https:\\\/\\\/www.ipkb.gov.tr\\\/wp-content\\\/uploads\\\/2019\\\/07\\\/ipkb_logo@2x.png\",\"contentUrl\":\"https:\\\/\\\/www.ipkb.gov.tr\\\/wp-content\\\/uploads\\\/2019\\\/07\\\/ipkb_logo@2x.png\",\"width\":540,\"height\":224,\"caption\":\"\u0130stanbul Valili\u011fi \u0130stanbul Proje Koordinasyon Birimi\"},\"image\":{\"@id\":\"https:\\\/\\\/www.ipkb.gov.tr\\\/en\\\/#\\\/schema\\\/logo\\\/image\\\/\"},\"sameAs\":[\"https:\\\/\\\/www.facebook.com\\\/ipkbgovtr\\\/\",\"https:\\\/\\\/x.com\\\/ipkbgovtr\",\"https:\\\/\\\/www.linkedin.com\\\/company\\\/ipkb\",\"https:\\\/\\\/www.youtube.com\\\/channel\\\/UC3tdflZ3LiqX46e1j8Ar7AQ\"]}]}<\/script>\n<!-- \/ Yoast SEO plugin. -->","yoast_head_json":{"title":"Reconstruction Works - Istanbul Project Coordination Unit","robots":{"index":"index","follow":"follow","max-snippet":"max-snippet:-1","max-image-preview":"max-image-preview:large","max-video-preview":"max-video-preview:-1"},"canonical":"https:\/\/www.ipkb.gov.tr\/en\/what-is-ismep\/b-component\/reconstruction\/","og_locale":"en_US","og_type":"article","og_title":"Reconstruction Works - Istanbul Project Coordination Unit","og_description":"As IPKB under ISMEP Project, we work on projects to reconstruct public buildings that have a retrofitting &amp; repair costs to reconstruction costs ratio of more than 40 percent. We design each reconstruction project of public buildings in accordance with needs of both the beneficiary institutions and the district where it will be built, to &hellip;","og_url":"https:\/\/www.ipkb.gov.tr\/en\/what-is-ismep\/b-component\/reconstruction\/","og_site_name":"Istanbul Project Coordination Unit","article_publisher":"https:\/\/www.facebook.com\/ipkbgovtr\/","article_modified_time":"2024-05-06T06:35:19+00:00","twitter_card":"summary_large_image","twitter_site":"@ipkbgovtr","twitter_misc":{"Est. reading time":"3 minutes"},"schema":{"@context":"https:\/\/schema.org","@graph":[{"@type":"WebPage","@id":"https:\/\/www.ipkb.gov.tr\/en\/what-is-ismep\/b-component\/reconstruction\/","url":"https:\/\/www.ipkb.gov.tr\/en\/what-is-ismep\/b-component\/reconstruction\/","name":"Reconstruction Works - Istanbul Project Coordination Unit","isPartOf":{"@id":"https:\/\/www.ipkb.gov.tr\/en\/#website"},"datePublished":"2019-04-19T07:39:58+00:00","dateModified":"2024-05-06T06:35:19+00:00","breadcrumb":{"@id":"https:\/\/www.ipkb.gov.tr\/en\/what-is-ismep\/b-component\/reconstruction\/#breadcrumb"},"inLanguage":"en-US","potentialAction":[{"@type":"ReadAction","target":["https:\/\/www.ipkb.gov.tr\/en\/what-is-ismep\/b-component\/reconstruction\/"]}]},{"@type":"BreadcrumbList","@id":"https:\/\/www.ipkb.gov.tr\/en\/what-is-ismep\/b-component\/reconstruction\/#breadcrumb","itemListElement":[{"@type":"ListItem","position":1,"name":"Ana sayfa","item":"https:\/\/www.ipkb.gov.tr\/en\/"},{"@type":"ListItem","position":2,"name":"What is ISMEP?","item":"https:\/\/www.ipkb.gov.tr\/en\/what-is-ismep\/"},{"@type":"ListItem","position":3,"name":"B Component","item":"https:\/\/www.ipkb.gov.tr\/en\/what-is-ismep\/b-component\/"},{"@type":"ListItem","position":4,"name":"Reconstruction Works"}]},{"@type":"WebSite","@id":"https:\/\/www.ipkb.gov.tr\/en\/#website","url":"https:\/\/www.ipkb.gov.tr\/en\/","name":"Istanbul Project Coordination Unit","description":"We are Strengthening Our Future!","publisher":{"@id":"https:\/\/www.ipkb.gov.tr\/en\/#organization"},"potentialAction":[{"@type":"SearchAction","target":{"@type":"EntryPoint","urlTemplate":"https:\/\/www.ipkb.gov.tr\/en\/?s={search_term_string}"},"query-input":{"@type":"PropertyValueSpecification","valueRequired":true,"valueName":"search_term_string"}}],"inLanguage":"en-US"},{"@type":"Organization","@id":"https:\/\/www.ipkb.gov.tr\/en\/#organization","name":"\u0130stanbul Valili\u011fi \u0130stanbul Proje Koordinasyon Birimi","url":"https:\/\/www.ipkb.gov.tr\/en\/","logo":{"@type":"ImageObject","inLanguage":"en-US","@id":"https:\/\/www.ipkb.gov.tr\/en\/#\/schema\/logo\/image\/","url":"https:\/\/www.ipkb.gov.tr\/wp-content\/uploads\/2019\/07\/ipkb_logo@2x.png","contentUrl":"https:\/\/www.ipkb.gov.tr\/wp-content\/uploads\/2019\/07\/ipkb_logo@2x.png","width":540,"height":224,"caption":"\u0130stanbul Valili\u011fi \u0130stanbul Proje Koordinasyon Birimi"},"image":{"@id":"https:\/\/www.ipkb.gov.tr\/en\/#\/schema\/logo\/image\/"},"sameAs":["https:\/\/www.facebook.com\/ipkbgovtr\/","https:\/\/x.com\/ipkbgovtr","https:\/\/www.linkedin.com\/company\/ipkb","https:\/\/www.youtube.com\/channel\/UC3tdflZ3LiqX46e1j8Ar7AQ"]}]}},"_links":{"self":[{"href":"https:\/\/www.ipkb.gov.tr\/en\/wp-json\/wp\/v2\/pages\/5850","targetHints":{"allow":["GET"]}}],"collection":[{"href":"https:\/\/www.ipkb.gov.tr\/en\/wp-json\/wp\/v2\/pages"}],"about":[{"href":"https:\/\/www.ipkb.gov.tr\/en\/wp-json\/wp\/v2\/types\/page"}],"author":[{"embeddable":true,"href":"https:\/\/www.ipkb.gov.tr\/en\/wp-json\/wp\/v2\/users\/1"}],"replies":[{"embeddable":true,"href":"https:\/\/www.ipkb.gov.tr\/en\/wp-json\/wp\/v2\/comments?post=5850"}],"version-history":[{"count":28,"href":"https:\/\/www.ipkb.gov.tr\/en\/wp-json\/wp\/v2\/pages\/5850\/revisions"}],"predecessor-version":[{"id":10414,"href":"https:\/\/www.ipkb.gov.tr\/en\/wp-json\/wp\/v2\/pages\/5850\/revisions\/10414"}],"up":[{"embeddable":true,"href":"https:\/\/www.ipkb.gov.tr\/en\/wp-json\/wp\/v2\/pages\/5809"}],"wp:attachment":[{"href":"https:\/\/www.ipkb.gov.tr\/en\/wp-json\/wp\/v2\/media?parent=5850"}],"curies":[{"name":"wp","href":"https:\/\/api.w.org\/{rel}","templated":true}]}}