{"id":5885,"date":"2019-04-19T10:48:32","date_gmt":"2019-04-19T07:48:32","guid":{"rendered":"https:\/\/www.ipkb.gov.tr\/?page_id=5885"},"modified":"2019-07-08T23:59:26","modified_gmt":"2019-07-08T20:59:26","slug":"protection-of-the-cultural-heritage","status":"publish","type":"page","link":"https:\/\/www.ipkb.gov.tr\/en\/what-is-ismep\/b-component\/protection-of-the-cultural-heritage\/","title":{"rendered":"Protection of The Cultural Heritage"},"content":{"rendered":"<p>Besides being Turkey&#8217;s most populated city, \u0130stanbul is also the social, cultural and economic capital of our country. Through its 8500 years of history, \u0130stanbul became the capital for 3 empires and it was always one of the most important centers of the world. It has also experienced many massive earthquakes due to being on fault lines through its history and many epochal structures took serious damage or crumbled during these earthquakes.<\/p>\n<p>We have taken an inventory of 176 buildings that are located in 26 historical building complexes. These include historical and cultural heritages such as Y\u0131ld\u0131z Palace and Topkap\u0131 Palace that are under auspices of the Ministry of Culture and Tourism. We transferred all the obtained data to a custom data center to review seismic risk of these structures and act on results.<\/p>\n<p><img loading=\"lazy\" decoding=\"async\" class=\"alignnone size-medium wp-image-6078\" src=\"https:\/\/www.ipkb.gov.tr\/wp-content\/uploads\/2019\/05\/risk-ass-825x238.png\" alt=\"\" width=\"825\" height=\"238\" srcset=\"https:\/\/www.ipkb.gov.tr\/wp-content\/uploads\/2019\/05\/risk-ass-825x238.png 825w, https:\/\/www.ipkb.gov.tr\/wp-content\/uploads\/2019\/05\/risk-ass-768x222.png 768w, https:\/\/www.ipkb.gov.tr\/wp-content\/uploads\/2019\/05\/risk-ass-1024x295.png 1024w, https:\/\/www.ipkb.gov.tr\/wp-content\/uploads\/2019\/05\/risk-ass-300x87.png 300w, https:\/\/www.ipkb.gov.tr\/wp-content\/uploads\/2019\/05\/risk-ass-540x156.png 540w, https:\/\/www.ipkb.gov.tr\/wp-content\/uploads\/2019\/05\/risk-ass.png 1553w\" sizes=\"auto, (max-width: 825px) 100vw, 825px\" \/><\/p>\n<p>Under Protection of Cultural Heritage studies, we performed literature review, field work, restitution project, seismic risk assessment, damage mitigation measures, and we brought geographic information services database into service. We also completed earthquake performance assessments for classic and additional buildings of the Archaeological Museum, Hagia Eirene Monument and Mecidiye Mansion, and we designed the projects for structural retrofitting of each building.<\/p>\n<p><img loading=\"lazy\" decoding=\"async\" class=\"size-full wp-image-4852 aligncenter\" src=\"https:\/\/www.ipkb.gov.tr\/wp-content\/uploads\/2018\/11\/b_kulturel_miras.jpg\" alt=\"\" width=\"684\" height=\"293\" srcset=\"https:\/\/www.ipkb.gov.tr\/wp-content\/uploads\/2018\/11\/b_kulturel_miras.jpg 684w, https:\/\/www.ipkb.gov.tr\/wp-content\/uploads\/2018\/11\/b_kulturel_miras-300x129.jpg 300w, https:\/\/www.ipkb.gov.tr\/wp-content\/uploads\/2018\/11\/b_kulturel_miras-540x231.jpg 540w\" sizes=\"auto, (max-width: 684px) 100vw, 684px\" \/><\/p>\n<p><em>The retrofitting of Archaeological Museum is being implemented by the Ministry of Culture and Tourism. (March 2015)<\/em><\/p>\n<p><strong>\u00a0<\/strong><strong>A Guide for Management of Earthquake Risks for Historical Structures<\/strong><\/p>\n<p>Activities under the \u201cProject for Preparing a Guide for Management of Earthquake Risks for Historical Structures\u201d which was initiated pursuant to the protocol entered into by and between the Istanbul Governorship and the General Directorate for Foundations (VGM) on 26 April 2016, and implemented under supports of Istanbul Project Coordination Unit, General Directorate for Foundations along with Ministry of Culture and Tourism, and ICOMOS Turkey, were completed, and the resulting guide was introduced to users and specialists in a symposium held on 5 &amp; 6 October 2017. <a href=\"https:\/\/www.ipkb.gov.tr\/en\/e-kutuphane\/tarihi-yapilar-icin-deprem-risklerinin-yonetimi-kilavuzu_111\/\">Please see Guide<\/a>.<\/p>\n","protected":false},"excerpt":{"rendered":"<p>Besides being Turkey&#8217;s most populated city, \u0130stanbul is also the social, cultural and economic capital of our country. Through its 8500 years of history, \u0130stanbul became the capital for 3 empires and it was always one of the most important centers of the world. It has also experienced many massive earthquakes due to being on &hellip;<\/p>\n","protected":false},"author":1,"featured_media":0,"parent":5809,"menu_order":3,"comment_status":"closed","ping_status":"closed","template":"","meta":{"_acf_changed":false,"footnotes":""},"class_list":["post-5885","page","type-page","status-publish","hentry"],"acf":[],"yoast_head":"<!-- This site is optimized with the Yoast SEO plugin v27.4 - https:\/\/yoast.com\/product\/yoast-seo-wordpress\/ -->\n<title>Protection of The Cultural Heritage - Istanbul Project Coordination Unit<\/title>\n<meta name=\"robots\" content=\"index, follow, max-snippet:-1, max-image-preview:large, max-video-preview:-1\" \/>\n<link rel=\"canonical\" href=\"https:\/\/www.ipkb.gov.tr\/en\/what-is-ismep\/b-component\/protection-of-the-cultural-heritage\/\" \/>\n<meta property=\"og:locale\" content=\"en_US\" \/>\n<meta property=\"og:type\" content=\"article\" \/>\n<meta property=\"og:title\" content=\"Protection of The Cultural Heritage - Istanbul Project Coordination Unit\" \/>\n<meta property=\"og:description\" content=\"Besides being Turkey&#8217;s most populated city, \u0130stanbul is also the social, cultural and economic capital of our country. Through its 8500 years of history, \u0130stanbul became the capital for 3 empires and it was always one of the most important centers of the world. It has also experienced many massive earthquakes due to being on &hellip;\" \/>\n<meta property=\"og:url\" content=\"https:\/\/www.ipkb.gov.tr\/en\/what-is-ismep\/b-component\/protection-of-the-cultural-heritage\/\" \/>\n<meta property=\"og:site_name\" content=\"Istanbul Project Coordination Unit\" \/>\n<meta property=\"article:publisher\" content=\"https:\/\/www.facebook.com\/ipkbgovtr\/\" \/>\n<meta property=\"article:modified_time\" content=\"2019-07-08T20:59:26+00:00\" \/>\n<meta property=\"og:image\" content=\"https:\/\/www.ipkb.gov.tr\/wp-content\/uploads\/2019\/05\/risk-ass-825x238.png\" \/>\n<meta name=\"twitter:card\" content=\"summary_large_image\" \/>\n<meta name=\"twitter:site\" content=\"@ipkbgovtr\" \/>\n<meta name=\"twitter:label1\" content=\"Est. reading time\" \/>\n\t<meta name=\"twitter:data1\" content=\"2 minutes\" \/>\n<script type=\"application\/ld+json\" class=\"yoast-schema-graph\">{\"@context\":\"https:\\\/\\\/schema.org\",\"@graph\":[{\"@type\":\"WebPage\",\"@id\":\"https:\\\/\\\/www.ipkb.gov.tr\\\/en\\\/what-is-ismep\\\/b-component\\\/protection-of-the-cultural-heritage\\\/\",\"url\":\"https:\\\/\\\/www.ipkb.gov.tr\\\/en\\\/what-is-ismep\\\/b-component\\\/protection-of-the-cultural-heritage\\\/\",\"name\":\"Protection of The Cultural Heritage - Istanbul Project Coordination Unit\",\"isPartOf\":{\"@id\":\"https:\\\/\\\/www.ipkb.gov.tr\\\/en\\\/#website\"},\"primaryImageOfPage\":{\"@id\":\"https:\\\/\\\/www.ipkb.gov.tr\\\/en\\\/what-is-ismep\\\/b-component\\\/protection-of-the-cultural-heritage\\\/#primaryimage\"},\"image\":{\"@id\":\"https:\\\/\\\/www.ipkb.gov.tr\\\/en\\\/what-is-ismep\\\/b-component\\\/protection-of-the-cultural-heritage\\\/#primaryimage\"},\"thumbnailUrl\":\"https:\\\/\\\/www.ipkb.gov.tr\\\/wp-content\\\/uploads\\\/2019\\\/05\\\/risk-ass-825x238.png\",\"datePublished\":\"2019-04-19T07:48:32+00:00\",\"dateModified\":\"2019-07-08T20:59:26+00:00\",\"breadcrumb\":{\"@id\":\"https:\\\/\\\/www.ipkb.gov.tr\\\/en\\\/what-is-ismep\\\/b-component\\\/protection-of-the-cultural-heritage\\\/#breadcrumb\"},\"inLanguage\":\"en-US\",\"potentialAction\":[{\"@type\":\"ReadAction\",\"target\":[\"https:\\\/\\\/www.ipkb.gov.tr\\\/en\\\/what-is-ismep\\\/b-component\\\/protection-of-the-cultural-heritage\\\/\"]}]},{\"@type\":\"ImageObject\",\"inLanguage\":\"en-US\",\"@id\":\"https:\\\/\\\/www.ipkb.gov.tr\\\/en\\\/what-is-ismep\\\/b-component\\\/protection-of-the-cultural-heritage\\\/#primaryimage\",\"url\":\"https:\\\/\\\/www.ipkb.gov.tr\\\/wp-content\\\/uploads\\\/2019\\\/05\\\/risk-ass-825x238.png\",\"contentUrl\":\"https:\\\/\\\/www.ipkb.gov.tr\\\/wp-content\\\/uploads\\\/2019\\\/05\\\/risk-ass-825x238.png\"},{\"@type\":\"BreadcrumbList\",\"@id\":\"https:\\\/\\\/www.ipkb.gov.tr\\\/en\\\/what-is-ismep\\\/b-component\\\/protection-of-the-cultural-heritage\\\/#breadcrumb\",\"itemListElement\":[{\"@type\":\"ListItem\",\"position\":1,\"name\":\"Ana sayfa\",\"item\":\"https:\\\/\\\/www.ipkb.gov.tr\\\/en\\\/\"},{\"@type\":\"ListItem\",\"position\":2,\"name\":\"What is ISMEP?\",\"item\":\"https:\\\/\\\/www.ipkb.gov.tr\\\/en\\\/what-is-ismep\\\/\"},{\"@type\":\"ListItem\",\"position\":3,\"name\":\"B Component\",\"item\":\"https:\\\/\\\/www.ipkb.gov.tr\\\/en\\\/what-is-ismep\\\/b-component\\\/\"},{\"@type\":\"ListItem\",\"position\":4,\"name\":\"Protection of The Cultural Heritage\"}]},{\"@type\":\"WebSite\",\"@id\":\"https:\\\/\\\/www.ipkb.gov.tr\\\/en\\\/#website\",\"url\":\"https:\\\/\\\/www.ipkb.gov.tr\\\/en\\\/\",\"name\":\"Istanbul Project Coordination Unit\",\"description\":\"We are Strengthening Our Future!\",\"publisher\":{\"@id\":\"https:\\\/\\\/www.ipkb.gov.tr\\\/en\\\/#organization\"},\"potentialAction\":[{\"@type\":\"SearchAction\",\"target\":{\"@type\":\"EntryPoint\",\"urlTemplate\":\"https:\\\/\\\/www.ipkb.gov.tr\\\/en\\\/?s={search_term_string}\"},\"query-input\":{\"@type\":\"PropertyValueSpecification\",\"valueRequired\":true,\"valueName\":\"search_term_string\"}}],\"inLanguage\":\"en-US\"},{\"@type\":\"Organization\",\"@id\":\"https:\\\/\\\/www.ipkb.gov.tr\\\/en\\\/#organization\",\"name\":\"\u0130stanbul Valili\u011fi \u0130stanbul Proje Koordinasyon Birimi\",\"url\":\"https:\\\/\\\/www.ipkb.gov.tr\\\/en\\\/\",\"logo\":{\"@type\":\"ImageObject\",\"inLanguage\":\"en-US\",\"@id\":\"https:\\\/\\\/www.ipkb.gov.tr\\\/en\\\/#\\\/schema\\\/logo\\\/image\\\/\",\"url\":\"https:\\\/\\\/www.ipkb.gov.tr\\\/wp-content\\\/uploads\\\/2019\\\/07\\\/ipkb_logo@2x.png\",\"contentUrl\":\"https:\\\/\\\/www.ipkb.gov.tr\\\/wp-content\\\/uploads\\\/2019\\\/07\\\/ipkb_logo@2x.png\",\"width\":540,\"height\":224,\"caption\":\"\u0130stanbul Valili\u011fi \u0130stanbul Proje Koordinasyon Birimi\"},\"image\":{\"@id\":\"https:\\\/\\\/www.ipkb.gov.tr\\\/en\\\/#\\\/schema\\\/logo\\\/image\\\/\"},\"sameAs\":[\"https:\\\/\\\/www.facebook.com\\\/ipkbgovtr\\\/\",\"https:\\\/\\\/x.com\\\/ipkbgovtr\",\"https:\\\/\\\/www.linkedin.com\\\/company\\\/ipkb\",\"https:\\\/\\\/www.youtube.com\\\/channel\\\/UC3tdflZ3LiqX46e1j8Ar7AQ\"]}]}<\/script>\n<!-- \/ Yoast SEO plugin. -->","yoast_head_json":{"title":"Protection of The Cultural Heritage - Istanbul Project Coordination Unit","robots":{"index":"index","follow":"follow","max-snippet":"max-snippet:-1","max-image-preview":"max-image-preview:large","max-video-preview":"max-video-preview:-1"},"canonical":"https:\/\/www.ipkb.gov.tr\/en\/what-is-ismep\/b-component\/protection-of-the-cultural-heritage\/","og_locale":"en_US","og_type":"article","og_title":"Protection of The Cultural Heritage - Istanbul Project Coordination Unit","og_description":"Besides being Turkey&#8217;s most populated city, \u0130stanbul is also the social, cultural and economic capital of our country. Through its 8500 years of history, \u0130stanbul became the capital for 3 empires and it was always one of the most important centers of the world. It has also experienced many massive earthquakes due to being on &hellip;","og_url":"https:\/\/www.ipkb.gov.tr\/en\/what-is-ismep\/b-component\/protection-of-the-cultural-heritage\/","og_site_name":"Istanbul Project Coordination Unit","article_publisher":"https:\/\/www.facebook.com\/ipkbgovtr\/","article_modified_time":"2019-07-08T20:59:26+00:00","og_image":[{"url":"https:\/\/www.ipkb.gov.tr\/wp-content\/uploads\/2019\/05\/risk-ass-825x238.png","type":"","width":"","height":""}],"twitter_card":"summary_large_image","twitter_site":"@ipkbgovtr","twitter_misc":{"Est. reading time":"2 minutes"},"schema":{"@context":"https:\/\/schema.org","@graph":[{"@type":"WebPage","@id":"https:\/\/www.ipkb.gov.tr\/en\/what-is-ismep\/b-component\/protection-of-the-cultural-heritage\/","url":"https:\/\/www.ipkb.gov.tr\/en\/what-is-ismep\/b-component\/protection-of-the-cultural-heritage\/","name":"Protection of The Cultural Heritage - Istanbul Project Coordination Unit","isPartOf":{"@id":"https:\/\/www.ipkb.gov.tr\/en\/#website"},"primaryImageOfPage":{"@id":"https:\/\/www.ipkb.gov.tr\/en\/what-is-ismep\/b-component\/protection-of-the-cultural-heritage\/#primaryimage"},"image":{"@id":"https:\/\/www.ipkb.gov.tr\/en\/what-is-ismep\/b-component\/protection-of-the-cultural-heritage\/#primaryimage"},"thumbnailUrl":"https:\/\/www.ipkb.gov.tr\/wp-content\/uploads\/2019\/05\/risk-ass-825x238.png","datePublished":"2019-04-19T07:48:32+00:00","dateModified":"2019-07-08T20:59:26+00:00","breadcrumb":{"@id":"https:\/\/www.ipkb.gov.tr\/en\/what-is-ismep\/b-component\/protection-of-the-cultural-heritage\/#breadcrumb"},"inLanguage":"en-US","potentialAction":[{"@type":"ReadAction","target":["https:\/\/www.ipkb.gov.tr\/en\/what-is-ismep\/b-component\/protection-of-the-cultural-heritage\/"]}]},{"@type":"ImageObject","inLanguage":"en-US","@id":"https:\/\/www.ipkb.gov.tr\/en\/what-is-ismep\/b-component\/protection-of-the-cultural-heritage\/#primaryimage","url":"https:\/\/www.ipkb.gov.tr\/wp-content\/uploads\/2019\/05\/risk-ass-825x238.png","contentUrl":"https:\/\/www.ipkb.gov.tr\/wp-content\/uploads\/2019\/05\/risk-ass-825x238.png"},{"@type":"BreadcrumbList","@id":"https:\/\/www.ipkb.gov.tr\/en\/what-is-ismep\/b-component\/protection-of-the-cultural-heritage\/#breadcrumb","itemListElement":[{"@type":"ListItem","position":1,"name":"Ana sayfa","item":"https:\/\/www.ipkb.gov.tr\/en\/"},{"@type":"ListItem","position":2,"name":"What is ISMEP?","item":"https:\/\/www.ipkb.gov.tr\/en\/what-is-ismep\/"},{"@type":"ListItem","position":3,"name":"B Component","item":"https:\/\/www.ipkb.gov.tr\/en\/what-is-ismep\/b-component\/"},{"@type":"ListItem","position":4,"name":"Protection of The Cultural Heritage"}]},{"@type":"WebSite","@id":"https:\/\/www.ipkb.gov.tr\/en\/#website","url":"https:\/\/www.ipkb.gov.tr\/en\/","name":"Istanbul Project Coordination Unit","description":"We are Strengthening Our Future!","publisher":{"@id":"https:\/\/www.ipkb.gov.tr\/en\/#organization"},"potentialAction":[{"@type":"SearchAction","target":{"@type":"EntryPoint","urlTemplate":"https:\/\/www.ipkb.gov.tr\/en\/?s={search_term_string}"},"query-input":{"@type":"PropertyValueSpecification","valueRequired":true,"valueName":"search_term_string"}}],"inLanguage":"en-US"},{"@type":"Organization","@id":"https:\/\/www.ipkb.gov.tr\/en\/#organization","name":"\u0130stanbul Valili\u011fi \u0130stanbul Proje Koordinasyon Birimi","url":"https:\/\/www.ipkb.gov.tr\/en\/","logo":{"@type":"ImageObject","inLanguage":"en-US","@id":"https:\/\/www.ipkb.gov.tr\/en\/#\/schema\/logo\/image\/","url":"https:\/\/www.ipkb.gov.tr\/wp-content\/uploads\/2019\/07\/ipkb_logo@2x.png","contentUrl":"https:\/\/www.ipkb.gov.tr\/wp-content\/uploads\/2019\/07\/ipkb_logo@2x.png","width":540,"height":224,"caption":"\u0130stanbul Valili\u011fi \u0130stanbul Proje Koordinasyon Birimi"},"image":{"@id":"https:\/\/www.ipkb.gov.tr\/en\/#\/schema\/logo\/image\/"},"sameAs":["https:\/\/www.facebook.com\/ipkbgovtr\/","https:\/\/x.com\/ipkbgovtr","https:\/\/www.linkedin.com\/company\/ipkb","https:\/\/www.youtube.com\/channel\/UC3tdflZ3LiqX46e1j8Ar7AQ"]}]}},"_links":{"self":[{"href":"https:\/\/www.ipkb.gov.tr\/en\/wp-json\/wp\/v2\/pages\/5885","targetHints":{"allow":["GET"]}}],"collection":[{"href":"https:\/\/www.ipkb.gov.tr\/en\/wp-json\/wp\/v2\/pages"}],"about":[{"href":"https:\/\/www.ipkb.gov.tr\/en\/wp-json\/wp\/v2\/types\/page"}],"author":[{"embeddable":true,"href":"https:\/\/www.ipkb.gov.tr\/en\/wp-json\/wp\/v2\/users\/1"}],"replies":[{"embeddable":true,"href":"https:\/\/www.ipkb.gov.tr\/en\/wp-json\/wp\/v2\/comments?post=5885"}],"version-history":[{"count":5,"href":"https:\/\/www.ipkb.gov.tr\/en\/wp-json\/wp\/v2\/pages\/5885\/revisions"}],"predecessor-version":[{"id":6720,"href":"https:\/\/www.ipkb.gov.tr\/en\/wp-json\/wp\/v2\/pages\/5885\/revisions\/6720"}],"up":[{"embeddable":true,"href":"https:\/\/www.ipkb.gov.tr\/en\/wp-json\/wp\/v2\/pages\/5809"}],"wp:attachment":[{"href":"https:\/\/www.ipkb.gov.tr\/en\/wp-json\/wp\/v2\/media?parent=5885"}],"curies":[{"name":"wp","href":"https:\/\/api.w.org\/{rel}","templated":true}]}}