{"id":5896,"date":"2019-04-19T11:20:04","date_gmt":"2019-04-19T08:20:04","guid":{"rendered":"https:\/\/www.ipkb.gov.tr\/?page_id=5896"},"modified":"2019-05-25T10:45:55","modified_gmt":"2019-05-25T07:45:55","slug":"streamlining-of-the-procedures-for-issuing-building-permits-at-pilot-municipalities","status":"publish","type":"page","link":"https:\/\/www.ipkb.gov.tr\/en\/what-is-ismep\/c-component\/streamlining-of-the-procedures-for-issuing-building-permits-at-pilot-municipalities\/","title":{"rendered":"Streamlining of the Procedures for Issuing Building Permits at Pilot Municipalities"},"content":{"rendered":"<p>Ensuring transparency and efficiency in the process of building permit issuance procedures is very important within the scope of disaster preparedness activities at the local level As part of ISMEP, we carried many innovations in this field into effect together with local municipalities, Bagcilar and Pendik.<\/p>\n<p>With pilot schemes we initiated in Ba\u011fc\u0131lar and Pendik municipalities, we supported the existing process of building license and inspection being carried out more efficiently.<\/p>\n<p><img loading=\"lazy\" decoding=\"async\" class=\"aligncenter size-full wp-image-4877\" src=\"https:\/\/www.ipkb.gov.tr\/wp-content\/uploads\/2018\/11\/c_sehir_foto.jpg\" alt=\"\" width=\"684\" height=\"391\" srcset=\"https:\/\/www.ipkb.gov.tr\/wp-content\/uploads\/2018\/11\/c_sehir_foto.jpg 684w, https:\/\/www.ipkb.gov.tr\/wp-content\/uploads\/2018\/11\/c_sehir_foto-300x171.jpg 300w, https:\/\/www.ipkb.gov.tr\/wp-content\/uploads\/2018\/11\/c_sehir_foto-540x309.jpg 540w\" sizes=\"auto, (max-width: 684px) 100vw, 684px\" \/><\/p>\n<p>Within this context, we provided arrangement of geographical-based data oriented to build up the geographical information system, and we provided integration of these data with non spatial data. We have conducted digitalization of the documents in urban planning archives, such as deeds, licenses and statements, with the national address database together. At the same time, we carried out infrastructure works in order to establish electronic document management system, helpdesk and call center with the purpose of organizing workflow in a directorate and between directorates at the municipality, and increasing the capacity of serving better to our citizens.<\/p>\n<p>All documents such as construction plans, building licenses, and inspection reports have been transferred to digital environment, and so, digital urban planning archive was created. With an e-signature supporting electronic document management system, all relevant documents and papers can now be created or distributed digitally.<\/p>\n<p><img loading=\"lazy\" decoding=\"async\" class=\"alignnone size-medium wp-image-6093\" src=\"https:\/\/www.ipkb.gov.tr\/wp-content\/uploads\/2019\/05\/c-comp1-825x522.png\" alt=\"\" width=\"825\" height=\"522\" srcset=\"https:\/\/www.ipkb.gov.tr\/wp-content\/uploads\/2019\/05\/c-comp1-825x522.png 825w, https:\/\/www.ipkb.gov.tr\/wp-content\/uploads\/2019\/05\/c-comp1-768x486.png 768w, https:\/\/www.ipkb.gov.tr\/wp-content\/uploads\/2019\/05\/c-comp1-1024x648.png 1024w, https:\/\/www.ipkb.gov.tr\/wp-content\/uploads\/2019\/05\/c-comp1-300x190.png 300w, https:\/\/www.ipkb.gov.tr\/wp-content\/uploads\/2019\/05\/c-comp1-540x342.png 540w, https:\/\/www.ipkb.gov.tr\/wp-content\/uploads\/2019\/05\/c-comp1.png 1286w\" sizes=\"auto, (max-width: 825px) 100vw, 825px\" \/><\/p>\n<p>Local government staff has also access to files from their computers without any need of physical documents and work on processes so much faster thanks to this studies that are designed as subsidiary to e-municipality works of municipalities. Also, citizens may convey their demands and complaints to municipalities via website and call center without appearing physically.<\/p>\n","protected":false},"excerpt":{"rendered":"<p>Ensuring transparency and efficiency in the process of building permit issuance procedures is very important within the scope of disaster preparedness activities at the local level As part of ISMEP, we carried many innovations in this field into effect together with local municipalities, Bagcilar and Pendik. With pilot schemes we initiated in Ba\u011fc\u0131lar and Pendik &hellip;<\/p>\n","protected":false},"author":1,"featured_media":0,"parent":5889,"menu_order":3,"comment_status":"closed","ping_status":"closed","template":"","meta":{"_acf_changed":false,"footnotes":""},"class_list":["post-5896","page","type-page","status-publish","hentry"],"acf":[],"yoast_head":"<!-- This site is optimized with the Yoast SEO plugin v27.4 - https:\/\/yoast.com\/product\/yoast-seo-wordpress\/ -->\n<title>Streamlining of the Procedures for Issuing Building Permits at Pilot Municipalities - Istanbul Project Coordination Unit<\/title>\n<meta name=\"robots\" content=\"index, follow, max-snippet:-1, max-image-preview:large, max-video-preview:-1\" \/>\n<link rel=\"canonical\" href=\"https:\/\/www.ipkb.gov.tr\/en\/what-is-ismep\/c-component\/streamlining-of-the-procedures-for-issuing-building-permits-at-pilot-municipalities\/\" \/>\n<meta property=\"og:locale\" content=\"en_US\" \/>\n<meta property=\"og:type\" content=\"article\" \/>\n<meta property=\"og:title\" content=\"Streamlining of the Procedures for Issuing Building Permits at Pilot Municipalities - Istanbul Project Coordination Unit\" \/>\n<meta property=\"og:description\" content=\"Ensuring transparency and efficiency in the process of building permit issuance procedures is very important within the scope of disaster preparedness activities at the local level As part of ISMEP, we carried many innovations in this field into effect together with local municipalities, Bagcilar and Pendik. With pilot schemes we initiated in Ba\u011fc\u0131lar and Pendik &hellip;\" \/>\n<meta property=\"og:url\" content=\"https:\/\/www.ipkb.gov.tr\/en\/what-is-ismep\/c-component\/streamlining-of-the-procedures-for-issuing-building-permits-at-pilot-municipalities\/\" \/>\n<meta property=\"og:site_name\" content=\"Istanbul Project Coordination Unit\" \/>\n<meta property=\"article:publisher\" content=\"https:\/\/www.facebook.com\/ipkbgovtr\/\" \/>\n<meta property=\"article:modified_time\" content=\"2019-05-25T07:45:55+00:00\" \/>\n<meta property=\"og:image\" content=\"https:\/\/www.ipkb.gov.tr\/wp-content\/uploads\/2018\/11\/c_sehir_foto.jpg\" \/>\n<meta name=\"twitter:card\" content=\"summary_large_image\" \/>\n<meta name=\"twitter:site\" content=\"@ipkbgovtr\" \/>\n<meta name=\"twitter:label1\" content=\"Est. reading time\" \/>\n\t<meta name=\"twitter:data1\" content=\"1 minute\" \/>\n<script type=\"application\/ld+json\" class=\"yoast-schema-graph\">{\"@context\":\"https:\\\/\\\/schema.org\",\"@graph\":[{\"@type\":\"WebPage\",\"@id\":\"https:\\\/\\\/www.ipkb.gov.tr\\\/en\\\/what-is-ismep\\\/c-component\\\/streamlining-of-the-procedures-for-issuing-building-permits-at-pilot-municipalities\\\/\",\"url\":\"https:\\\/\\\/www.ipkb.gov.tr\\\/en\\\/what-is-ismep\\\/c-component\\\/streamlining-of-the-procedures-for-issuing-building-permits-at-pilot-municipalities\\\/\",\"name\":\"Streamlining of the Procedures for Issuing Building Permits at Pilot Municipalities - Istanbul Project Coordination Unit\",\"isPartOf\":{\"@id\":\"https:\\\/\\\/www.ipkb.gov.tr\\\/en\\\/#website\"},\"primaryImageOfPage\":{\"@id\":\"https:\\\/\\\/www.ipkb.gov.tr\\\/en\\\/what-is-ismep\\\/c-component\\\/streamlining-of-the-procedures-for-issuing-building-permits-at-pilot-municipalities\\\/#primaryimage\"},\"image\":{\"@id\":\"https:\\\/\\\/www.ipkb.gov.tr\\\/en\\\/what-is-ismep\\\/c-component\\\/streamlining-of-the-procedures-for-issuing-building-permits-at-pilot-municipalities\\\/#primaryimage\"},\"thumbnailUrl\":\"https:\\\/\\\/www.ipkb.gov.tr\\\/wp-content\\\/uploads\\\/2018\\\/11\\\/c_sehir_foto.jpg\",\"datePublished\":\"2019-04-19T08:20:04+00:00\",\"dateModified\":\"2019-05-25T07:45:55+00:00\",\"breadcrumb\":{\"@id\":\"https:\\\/\\\/www.ipkb.gov.tr\\\/en\\\/what-is-ismep\\\/c-component\\\/streamlining-of-the-procedures-for-issuing-building-permits-at-pilot-municipalities\\\/#breadcrumb\"},\"inLanguage\":\"en-US\",\"potentialAction\":[{\"@type\":\"ReadAction\",\"target\":[\"https:\\\/\\\/www.ipkb.gov.tr\\\/en\\\/what-is-ismep\\\/c-component\\\/streamlining-of-the-procedures-for-issuing-building-permits-at-pilot-municipalities\\\/\"]}]},{\"@type\":\"ImageObject\",\"inLanguage\":\"en-US\",\"@id\":\"https:\\\/\\\/www.ipkb.gov.tr\\\/en\\\/what-is-ismep\\\/c-component\\\/streamlining-of-the-procedures-for-issuing-building-permits-at-pilot-municipalities\\\/#primaryimage\",\"url\":\"https:\\\/\\\/www.ipkb.gov.tr\\\/wp-content\\\/uploads\\\/2018\\\/11\\\/c_sehir_foto.jpg\",\"contentUrl\":\"https:\\\/\\\/www.ipkb.gov.tr\\\/wp-content\\\/uploads\\\/2018\\\/11\\\/c_sehir_foto.jpg\"},{\"@type\":\"BreadcrumbList\",\"@id\":\"https:\\\/\\\/www.ipkb.gov.tr\\\/en\\\/what-is-ismep\\\/c-component\\\/streamlining-of-the-procedures-for-issuing-building-permits-at-pilot-municipalities\\\/#breadcrumb\",\"itemListElement\":[{\"@type\":\"ListItem\",\"position\":1,\"name\":\"Ana sayfa\",\"item\":\"https:\\\/\\\/www.ipkb.gov.tr\\\/en\\\/\"},{\"@type\":\"ListItem\",\"position\":2,\"name\":\"What is ISMEP?\",\"item\":\"https:\\\/\\\/www.ipkb.gov.tr\\\/en\\\/what-is-ismep\\\/\"},{\"@type\":\"ListItem\",\"position\":3,\"name\":\"C Component\",\"item\":\"https:\\\/\\\/www.ipkb.gov.tr\\\/en\\\/what-is-ismep\\\/c-component\\\/\"},{\"@type\":\"ListItem\",\"position\":4,\"name\":\"Streamlining of the Procedures for Issuing Building Permits at Pilot Municipalities\"}]},{\"@type\":\"WebSite\",\"@id\":\"https:\\\/\\\/www.ipkb.gov.tr\\\/en\\\/#website\",\"url\":\"https:\\\/\\\/www.ipkb.gov.tr\\\/en\\\/\",\"name\":\"Istanbul Project Coordination Unit\",\"description\":\"We are Strengthening Our Future!\",\"publisher\":{\"@id\":\"https:\\\/\\\/www.ipkb.gov.tr\\\/en\\\/#organization\"},\"potentialAction\":[{\"@type\":\"SearchAction\",\"target\":{\"@type\":\"EntryPoint\",\"urlTemplate\":\"https:\\\/\\\/www.ipkb.gov.tr\\\/en\\\/?s={search_term_string}\"},\"query-input\":{\"@type\":\"PropertyValueSpecification\",\"valueRequired\":true,\"valueName\":\"search_term_string\"}}],\"inLanguage\":\"en-US\"},{\"@type\":\"Organization\",\"@id\":\"https:\\\/\\\/www.ipkb.gov.tr\\\/en\\\/#organization\",\"name\":\"\u0130stanbul Valili\u011fi \u0130stanbul Proje Koordinasyon Birimi\",\"url\":\"https:\\\/\\\/www.ipkb.gov.tr\\\/en\\\/\",\"logo\":{\"@type\":\"ImageObject\",\"inLanguage\":\"en-US\",\"@id\":\"https:\\\/\\\/www.ipkb.gov.tr\\\/en\\\/#\\\/schema\\\/logo\\\/image\\\/\",\"url\":\"https:\\\/\\\/www.ipkb.gov.tr\\\/wp-content\\\/uploads\\\/2019\\\/07\\\/ipkb_logo@2x.png\",\"contentUrl\":\"https:\\\/\\\/www.ipkb.gov.tr\\\/wp-content\\\/uploads\\\/2019\\\/07\\\/ipkb_logo@2x.png\",\"width\":540,\"height\":224,\"caption\":\"\u0130stanbul Valili\u011fi \u0130stanbul Proje Koordinasyon Birimi\"},\"image\":{\"@id\":\"https:\\\/\\\/www.ipkb.gov.tr\\\/en\\\/#\\\/schema\\\/logo\\\/image\\\/\"},\"sameAs\":[\"https:\\\/\\\/www.facebook.com\\\/ipkbgovtr\\\/\",\"https:\\\/\\\/x.com\\\/ipkbgovtr\",\"https:\\\/\\\/www.linkedin.com\\\/company\\\/ipkb\",\"https:\\\/\\\/www.youtube.com\\\/channel\\\/UC3tdflZ3LiqX46e1j8Ar7AQ\"]}]}<\/script>\n<!-- \/ Yoast SEO plugin. -->","yoast_head_json":{"title":"Streamlining of the Procedures for Issuing Building Permits at Pilot Municipalities - Istanbul Project Coordination Unit","robots":{"index":"index","follow":"follow","max-snippet":"max-snippet:-1","max-image-preview":"max-image-preview:large","max-video-preview":"max-video-preview:-1"},"canonical":"https:\/\/www.ipkb.gov.tr\/en\/what-is-ismep\/c-component\/streamlining-of-the-procedures-for-issuing-building-permits-at-pilot-municipalities\/","og_locale":"en_US","og_type":"article","og_title":"Streamlining of the Procedures for Issuing Building Permits at Pilot Municipalities - Istanbul Project Coordination Unit","og_description":"Ensuring transparency and efficiency in the process of building permit issuance procedures is very important within the scope of disaster preparedness activities at the local level As part of ISMEP, we carried many innovations in this field into effect together with local municipalities, Bagcilar and Pendik. With pilot schemes we initiated in Ba\u011fc\u0131lar and Pendik &hellip;","og_url":"https:\/\/www.ipkb.gov.tr\/en\/what-is-ismep\/c-component\/streamlining-of-the-procedures-for-issuing-building-permits-at-pilot-municipalities\/","og_site_name":"Istanbul Project Coordination Unit","article_publisher":"https:\/\/www.facebook.com\/ipkbgovtr\/","article_modified_time":"2019-05-25T07:45:55+00:00","og_image":[{"url":"https:\/\/www.ipkb.gov.tr\/wp-content\/uploads\/2018\/11\/c_sehir_foto.jpg","type":"","width":"","height":""}],"twitter_card":"summary_large_image","twitter_site":"@ipkbgovtr","twitter_misc":{"Est. reading time":"1 minute"},"schema":{"@context":"https:\/\/schema.org","@graph":[{"@type":"WebPage","@id":"https:\/\/www.ipkb.gov.tr\/en\/what-is-ismep\/c-component\/streamlining-of-the-procedures-for-issuing-building-permits-at-pilot-municipalities\/","url":"https:\/\/www.ipkb.gov.tr\/en\/what-is-ismep\/c-component\/streamlining-of-the-procedures-for-issuing-building-permits-at-pilot-municipalities\/","name":"Streamlining of the Procedures for Issuing Building Permits at Pilot Municipalities - Istanbul Project Coordination Unit","isPartOf":{"@id":"https:\/\/www.ipkb.gov.tr\/en\/#website"},"primaryImageOfPage":{"@id":"https:\/\/www.ipkb.gov.tr\/en\/what-is-ismep\/c-component\/streamlining-of-the-procedures-for-issuing-building-permits-at-pilot-municipalities\/#primaryimage"},"image":{"@id":"https:\/\/www.ipkb.gov.tr\/en\/what-is-ismep\/c-component\/streamlining-of-the-procedures-for-issuing-building-permits-at-pilot-municipalities\/#primaryimage"},"thumbnailUrl":"https:\/\/www.ipkb.gov.tr\/wp-content\/uploads\/2018\/11\/c_sehir_foto.jpg","datePublished":"2019-04-19T08:20:04+00:00","dateModified":"2019-05-25T07:45:55+00:00","breadcrumb":{"@id":"https:\/\/www.ipkb.gov.tr\/en\/what-is-ismep\/c-component\/streamlining-of-the-procedures-for-issuing-building-permits-at-pilot-municipalities\/#breadcrumb"},"inLanguage":"en-US","potentialAction":[{"@type":"ReadAction","target":["https:\/\/www.ipkb.gov.tr\/en\/what-is-ismep\/c-component\/streamlining-of-the-procedures-for-issuing-building-permits-at-pilot-municipalities\/"]}]},{"@type":"ImageObject","inLanguage":"en-US","@id":"https:\/\/www.ipkb.gov.tr\/en\/what-is-ismep\/c-component\/streamlining-of-the-procedures-for-issuing-building-permits-at-pilot-municipalities\/#primaryimage","url":"https:\/\/www.ipkb.gov.tr\/wp-content\/uploads\/2018\/11\/c_sehir_foto.jpg","contentUrl":"https:\/\/www.ipkb.gov.tr\/wp-content\/uploads\/2018\/11\/c_sehir_foto.jpg"},{"@type":"BreadcrumbList","@id":"https:\/\/www.ipkb.gov.tr\/en\/what-is-ismep\/c-component\/streamlining-of-the-procedures-for-issuing-building-permits-at-pilot-municipalities\/#breadcrumb","itemListElement":[{"@type":"ListItem","position":1,"name":"Ana sayfa","item":"https:\/\/www.ipkb.gov.tr\/en\/"},{"@type":"ListItem","position":2,"name":"What is ISMEP?","item":"https:\/\/www.ipkb.gov.tr\/en\/what-is-ismep\/"},{"@type":"ListItem","position":3,"name":"C Component","item":"https:\/\/www.ipkb.gov.tr\/en\/what-is-ismep\/c-component\/"},{"@type":"ListItem","position":4,"name":"Streamlining of the Procedures for Issuing Building Permits at Pilot Municipalities"}]},{"@type":"WebSite","@id":"https:\/\/www.ipkb.gov.tr\/en\/#website","url":"https:\/\/www.ipkb.gov.tr\/en\/","name":"Istanbul Project Coordination Unit","description":"We are Strengthening Our Future!","publisher":{"@id":"https:\/\/www.ipkb.gov.tr\/en\/#organization"},"potentialAction":[{"@type":"SearchAction","target":{"@type":"EntryPoint","urlTemplate":"https:\/\/www.ipkb.gov.tr\/en\/?s={search_term_string}"},"query-input":{"@type":"PropertyValueSpecification","valueRequired":true,"valueName":"search_term_string"}}],"inLanguage":"en-US"},{"@type":"Organization","@id":"https:\/\/www.ipkb.gov.tr\/en\/#organization","name":"\u0130stanbul Valili\u011fi \u0130stanbul Proje Koordinasyon Birimi","url":"https:\/\/www.ipkb.gov.tr\/en\/","logo":{"@type":"ImageObject","inLanguage":"en-US","@id":"https:\/\/www.ipkb.gov.tr\/en\/#\/schema\/logo\/image\/","url":"https:\/\/www.ipkb.gov.tr\/wp-content\/uploads\/2019\/07\/ipkb_logo@2x.png","contentUrl":"https:\/\/www.ipkb.gov.tr\/wp-content\/uploads\/2019\/07\/ipkb_logo@2x.png","width":540,"height":224,"caption":"\u0130stanbul Valili\u011fi \u0130stanbul Proje Koordinasyon Birimi"},"image":{"@id":"https:\/\/www.ipkb.gov.tr\/en\/#\/schema\/logo\/image\/"},"sameAs":["https:\/\/www.facebook.com\/ipkbgovtr\/","https:\/\/x.com\/ipkbgovtr","https:\/\/www.linkedin.com\/company\/ipkb","https:\/\/www.youtube.com\/channel\/UC3tdflZ3LiqX46e1j8Ar7AQ"]}]}},"_links":{"self":[{"href":"https:\/\/www.ipkb.gov.tr\/en\/wp-json\/wp\/v2\/pages\/5896","targetHints":{"allow":["GET"]}}],"collection":[{"href":"https:\/\/www.ipkb.gov.tr\/en\/wp-json\/wp\/v2\/pages"}],"about":[{"href":"https:\/\/www.ipkb.gov.tr\/en\/wp-json\/wp\/v2\/types\/page"}],"author":[{"embeddable":true,"href":"https:\/\/www.ipkb.gov.tr\/en\/wp-json\/wp\/v2\/users\/1"}],"replies":[{"embeddable":true,"href":"https:\/\/www.ipkb.gov.tr\/en\/wp-json\/wp\/v2\/comments?post=5896"}],"version-history":[{"count":3,"href":"https:\/\/www.ipkb.gov.tr\/en\/wp-json\/wp\/v2\/pages\/5896\/revisions"}],"predecessor-version":[{"id":6095,"href":"https:\/\/www.ipkb.gov.tr\/en\/wp-json\/wp\/v2\/pages\/5896\/revisions\/6095"}],"up":[{"embeddable":true,"href":"https:\/\/www.ipkb.gov.tr\/en\/wp-json\/wp\/v2\/pages\/5889"}],"wp:attachment":[{"href":"https:\/\/www.ipkb.gov.tr\/en\/wp-json\/wp\/v2\/media?parent=5896"}],"curies":[{"name":"wp","href":"https:\/\/api.w.org\/{rel}","templated":true}]}}