{"id":6113,"date":"2019-05-09T10:06:38","date_gmt":"2019-05-09T07:06:38","guid":{"rendered":"https:\/\/www.ipkb.gov.tr\/?page_id=6113"},"modified":"2019-07-09T12:45:41","modified_gmt":"2019-07-09T09:45:41","slug":"marmara-university-basibuyuk-training-and-research-hospital","status":"publish","type":"page","link":"https:\/\/www.ipkb.gov.tr\/en\/what-is-ismep\/b-component\/retrofitting-works\/marmara-university-basibuyuk-training-and-research-hospital\/","title":{"rendered":"Marmara University Ba\u015f\u0131b\u00fcy\u00fck Training and Research Hospital"},"content":{"rendered":"<div class=\"embed-responsive  embed-responsive-16by9\"><iframe loading=\"lazy\" title=\"Marmara Ba\u015f\u0131b\u00fcy\u00fck E\u011fitim ve Ara\u015ft\u0131rma Hastanesi\" width=\"1140\" height=\"641\" src=\"https:\/\/www.youtube.com\/embed\/kb4myGiI5ws?feature=oembed\" frameborder=\"0\" allow=\"accelerometer; autoplay; encrypted-media; gyroscope; picture-in-picture\" allowfullscreen><\/iframe><\/div>\n<p><strong>Marmara University Ba\u015f\u0131b\u00fcy\u00fck Hospital, one of the biggest health facilities in Anatolian side of Istanbul, has been retrofitted with the seismic base isolation technique to serve even during an earthquake and is going to make history in the earthquake engineering field worldwide. The retrofitting works have been completed on January 15<sup>th<\/sup>, 2016. <\/strong><\/p>\n<p>The hospital, which is designed to respond to modern needs as well as retrofitting against earthquakes; the basement, the ground floor and the first normal floor were redesigned without being attached to old projects.<\/p>\n<p>Serving 10.000 patients in a day, Marmara University Ba\u015f\u0131b\u00fcy\u00fck Hospital has a 113.000 m2 construction yard consists of 16 complexes and a two storey closed garage. The existing number of hospital beds (600) increased up to 720 with the ones in the departments. There are also 29 operation rooms, 15 x-ray rooms and 3 angiography rooms.<\/p>\n<p>The hospital will have a major role during the possible Istanbul earthquake by means of seismic isolation technology. Within this method, the isolation are placed under the columns and the concrete partition in the appropriate floor to cut the direct interaction with the floor. Moving with the lateral pressure, the isolators make very soft but big swings and this absorbs the earthquake\u2019s energy, thus the destructive affect doesn\u2019t damage the elements of the upper load-bearing system.<\/p>\n","protected":false},"excerpt":{"rendered":"<p>Marmara University Ba\u015f\u0131b\u00fcy\u00fck Hospital, one of the biggest health facilities in Anatolian side of Istanbul, has been retrofitted with the seismic base isolation technique to serve even during an earthquake and is going to make history in the earthquake engineering field worldwide. The retrofitting works have been completed on January 15th, 2016. The hospital, which &hellip;<\/p>\n","protected":false},"author":2,"featured_media":0,"parent":5814,"menu_order":2,"comment_status":"closed","ping_status":"closed","template":"","meta":{"_acf_changed":false,"footnotes":""},"class_list":["post-6113","page","type-page","status-publish","hentry"],"acf":[],"yoast_head":"<!-- This site is optimized with the Yoast SEO plugin v27.3 - https:\/\/yoast.com\/product\/yoast-seo-wordpress\/ -->\n<title>Marmara University Ba\u015f\u0131b\u00fcy\u00fck Training and Research Hospital - Istanbul Project Coordination Unit<\/title>\n<meta name=\"robots\" content=\"index, follow, max-snippet:-1, max-image-preview:large, max-video-preview:-1\" \/>\n<link rel=\"canonical\" href=\"https:\/\/www.ipkb.gov.tr\/en\/what-is-ismep\/b-component\/retrofitting-works\/marmara-university-basibuyuk-training-and-research-hospital\/\" \/>\n<meta property=\"og:locale\" content=\"en_US\" \/>\n<meta property=\"og:type\" content=\"article\" \/>\n<meta property=\"og:title\" content=\"Marmara University Ba\u015f\u0131b\u00fcy\u00fck Training and Research Hospital - Istanbul Project Coordination Unit\" \/>\n<meta property=\"og:description\" content=\"Marmara University Ba\u015f\u0131b\u00fcy\u00fck Hospital, one of the biggest health facilities in Anatolian side of Istanbul, has been retrofitted with the seismic base isolation technique to serve even during an earthquake and is going to make history in the earthquake engineering field worldwide. The retrofitting works have been completed on January 15th, 2016. The hospital, which &hellip;\" \/>\n<meta property=\"og:url\" content=\"https:\/\/www.ipkb.gov.tr\/en\/what-is-ismep\/b-component\/retrofitting-works\/marmara-university-basibuyuk-training-and-research-hospital\/\" \/>\n<meta property=\"og:site_name\" content=\"Istanbul Project Coordination Unit\" \/>\n<meta property=\"article:publisher\" content=\"https:\/\/www.facebook.com\/ipkbgovtr\/\" \/>\n<meta property=\"article:modified_time\" content=\"2019-07-09T09:45:41+00:00\" \/>\n<meta name=\"twitter:card\" content=\"summary_large_image\" \/>\n<meta name=\"twitter:site\" content=\"@ipkbgovtr\" \/>\n<meta name=\"twitter:label1\" content=\"Est. reading time\" \/>\n\t<meta name=\"twitter:data1\" content=\"1 minute\" \/>\n<script type=\"application\/ld+json\" class=\"yoast-schema-graph\">{\"@context\":\"https:\\\/\\\/schema.org\",\"@graph\":[{\"@type\":\"WebPage\",\"@id\":\"https:\\\/\\\/www.ipkb.gov.tr\\\/en\\\/what-is-ismep\\\/b-component\\\/retrofitting-works\\\/marmara-university-basibuyuk-training-and-research-hospital\\\/\",\"url\":\"https:\\\/\\\/www.ipkb.gov.tr\\\/en\\\/what-is-ismep\\\/b-component\\\/retrofitting-works\\\/marmara-university-basibuyuk-training-and-research-hospital\\\/\",\"name\":\"Marmara University Ba\u015f\u0131b\u00fcy\u00fck Training and Research Hospital - Istanbul Project Coordination Unit\",\"isPartOf\":{\"@id\":\"https:\\\/\\\/www.ipkb.gov.tr\\\/en\\\/#website\"},\"datePublished\":\"2019-05-09T07:06:38+00:00\",\"dateModified\":\"2019-07-09T09:45:41+00:00\",\"breadcrumb\":{\"@id\":\"https:\\\/\\\/www.ipkb.gov.tr\\\/en\\\/what-is-ismep\\\/b-component\\\/retrofitting-works\\\/marmara-university-basibuyuk-training-and-research-hospital\\\/#breadcrumb\"},\"inLanguage\":\"en-US\",\"potentialAction\":[{\"@type\":\"ReadAction\",\"target\":[\"https:\\\/\\\/www.ipkb.gov.tr\\\/en\\\/what-is-ismep\\\/b-component\\\/retrofitting-works\\\/marmara-university-basibuyuk-training-and-research-hospital\\\/\"]}]},{\"@type\":\"BreadcrumbList\",\"@id\":\"https:\\\/\\\/www.ipkb.gov.tr\\\/en\\\/what-is-ismep\\\/b-component\\\/retrofitting-works\\\/marmara-university-basibuyuk-training-and-research-hospital\\\/#breadcrumb\",\"itemListElement\":[{\"@type\":\"ListItem\",\"position\":1,\"name\":\"Ana sayfa\",\"item\":\"https:\\\/\\\/www.ipkb.gov.tr\\\/en\\\/\"},{\"@type\":\"ListItem\",\"position\":2,\"name\":\"What is ISMEP?\",\"item\":\"https:\\\/\\\/www.ipkb.gov.tr\\\/en\\\/what-is-ismep\\\/\"},{\"@type\":\"ListItem\",\"position\":3,\"name\":\"B Component\",\"item\":\"https:\\\/\\\/www.ipkb.gov.tr\\\/en\\\/what-is-ismep\\\/b-component\\\/\"},{\"@type\":\"ListItem\",\"position\":4,\"name\":\"Retrofitting Works\",\"item\":\"https:\\\/\\\/www.ipkb.gov.tr\\\/en\\\/what-is-ismep\\\/b-component\\\/retrofitting-works\\\/\"},{\"@type\":\"ListItem\",\"position\":5,\"name\":\"Marmara University Ba\u015f\u0131b\u00fcy\u00fck Training and Research Hospital\"}]},{\"@type\":\"WebSite\",\"@id\":\"https:\\\/\\\/www.ipkb.gov.tr\\\/en\\\/#website\",\"url\":\"https:\\\/\\\/www.ipkb.gov.tr\\\/en\\\/\",\"name\":\"Istanbul Project Coordination Unit\",\"description\":\"We are Strengthening Our Future!\",\"publisher\":{\"@id\":\"https:\\\/\\\/www.ipkb.gov.tr\\\/en\\\/#organization\"},\"potentialAction\":[{\"@type\":\"SearchAction\",\"target\":{\"@type\":\"EntryPoint\",\"urlTemplate\":\"https:\\\/\\\/www.ipkb.gov.tr\\\/en\\\/?s={search_term_string}\"},\"query-input\":{\"@type\":\"PropertyValueSpecification\",\"valueRequired\":true,\"valueName\":\"search_term_string\"}}],\"inLanguage\":\"en-US\"},{\"@type\":\"Organization\",\"@id\":\"https:\\\/\\\/www.ipkb.gov.tr\\\/en\\\/#organization\",\"name\":\"\u0130stanbul Valili\u011fi \u0130stanbul Proje Koordinasyon Birimi\",\"url\":\"https:\\\/\\\/www.ipkb.gov.tr\\\/en\\\/\",\"logo\":{\"@type\":\"ImageObject\",\"inLanguage\":\"en-US\",\"@id\":\"https:\\\/\\\/www.ipkb.gov.tr\\\/en\\\/#\\\/schema\\\/logo\\\/image\\\/\",\"url\":\"https:\\\/\\\/www.ipkb.gov.tr\\\/wp-content\\\/uploads\\\/2019\\\/07\\\/ipkb_logo@2x.png\",\"contentUrl\":\"https:\\\/\\\/www.ipkb.gov.tr\\\/wp-content\\\/uploads\\\/2019\\\/07\\\/ipkb_logo@2x.png\",\"width\":540,\"height\":224,\"caption\":\"\u0130stanbul Valili\u011fi \u0130stanbul Proje Koordinasyon Birimi\"},\"image\":{\"@id\":\"https:\\\/\\\/www.ipkb.gov.tr\\\/en\\\/#\\\/schema\\\/logo\\\/image\\\/\"},\"sameAs\":[\"https:\\\/\\\/www.facebook.com\\\/ipkbgovtr\\\/\",\"https:\\\/\\\/x.com\\\/ipkbgovtr\",\"https:\\\/\\\/www.linkedin.com\\\/company\\\/ipkb\",\"https:\\\/\\\/www.youtube.com\\\/channel\\\/UC3tdflZ3LiqX46e1j8Ar7AQ\"]}]}<\/script>\n<!-- \/ Yoast SEO plugin. -->","yoast_head_json":{"title":"Marmara University Ba\u015f\u0131b\u00fcy\u00fck Training and Research Hospital - Istanbul Project Coordination Unit","robots":{"index":"index","follow":"follow","max-snippet":"max-snippet:-1","max-image-preview":"max-image-preview:large","max-video-preview":"max-video-preview:-1"},"canonical":"https:\/\/www.ipkb.gov.tr\/en\/what-is-ismep\/b-component\/retrofitting-works\/marmara-university-basibuyuk-training-and-research-hospital\/","og_locale":"en_US","og_type":"article","og_title":"Marmara University Ba\u015f\u0131b\u00fcy\u00fck Training and Research Hospital - Istanbul Project Coordination Unit","og_description":"Marmara University Ba\u015f\u0131b\u00fcy\u00fck Hospital, one of the biggest health facilities in Anatolian side of Istanbul, has been retrofitted with the seismic base isolation technique to serve even during an earthquake and is going to make history in the earthquake engineering field worldwide. The retrofitting works have been completed on January 15th, 2016. The hospital, which &hellip;","og_url":"https:\/\/www.ipkb.gov.tr\/en\/what-is-ismep\/b-component\/retrofitting-works\/marmara-university-basibuyuk-training-and-research-hospital\/","og_site_name":"Istanbul Project Coordination Unit","article_publisher":"https:\/\/www.facebook.com\/ipkbgovtr\/","article_modified_time":"2019-07-09T09:45:41+00:00","twitter_card":"summary_large_image","twitter_site":"@ipkbgovtr","twitter_misc":{"Est. reading time":"1 minute"},"schema":{"@context":"https:\/\/schema.org","@graph":[{"@type":"WebPage","@id":"https:\/\/www.ipkb.gov.tr\/en\/what-is-ismep\/b-component\/retrofitting-works\/marmara-university-basibuyuk-training-and-research-hospital\/","url":"https:\/\/www.ipkb.gov.tr\/en\/what-is-ismep\/b-component\/retrofitting-works\/marmara-university-basibuyuk-training-and-research-hospital\/","name":"Marmara University Ba\u015f\u0131b\u00fcy\u00fck Training and Research Hospital - Istanbul Project Coordination Unit","isPartOf":{"@id":"https:\/\/www.ipkb.gov.tr\/en\/#website"},"datePublished":"2019-05-09T07:06:38+00:00","dateModified":"2019-07-09T09:45:41+00:00","breadcrumb":{"@id":"https:\/\/www.ipkb.gov.tr\/en\/what-is-ismep\/b-component\/retrofitting-works\/marmara-university-basibuyuk-training-and-research-hospital\/#breadcrumb"},"inLanguage":"en-US","potentialAction":[{"@type":"ReadAction","target":["https:\/\/www.ipkb.gov.tr\/en\/what-is-ismep\/b-component\/retrofitting-works\/marmara-university-basibuyuk-training-and-research-hospital\/"]}]},{"@type":"BreadcrumbList","@id":"https:\/\/www.ipkb.gov.tr\/en\/what-is-ismep\/b-component\/retrofitting-works\/marmara-university-basibuyuk-training-and-research-hospital\/#breadcrumb","itemListElement":[{"@type":"ListItem","position":1,"name":"Ana sayfa","item":"https:\/\/www.ipkb.gov.tr\/en\/"},{"@type":"ListItem","position":2,"name":"What is ISMEP?","item":"https:\/\/www.ipkb.gov.tr\/en\/what-is-ismep\/"},{"@type":"ListItem","position":3,"name":"B Component","item":"https:\/\/www.ipkb.gov.tr\/en\/what-is-ismep\/b-component\/"},{"@type":"ListItem","position":4,"name":"Retrofitting Works","item":"https:\/\/www.ipkb.gov.tr\/en\/what-is-ismep\/b-component\/retrofitting-works\/"},{"@type":"ListItem","position":5,"name":"Marmara University Ba\u015f\u0131b\u00fcy\u00fck Training and Research Hospital"}]},{"@type":"WebSite","@id":"https:\/\/www.ipkb.gov.tr\/en\/#website","url":"https:\/\/www.ipkb.gov.tr\/en\/","name":"Istanbul Project Coordination Unit","description":"We are Strengthening Our Future!","publisher":{"@id":"https:\/\/www.ipkb.gov.tr\/en\/#organization"},"potentialAction":[{"@type":"SearchAction","target":{"@type":"EntryPoint","urlTemplate":"https:\/\/www.ipkb.gov.tr\/en\/?s={search_term_string}"},"query-input":{"@type":"PropertyValueSpecification","valueRequired":true,"valueName":"search_term_string"}}],"inLanguage":"en-US"},{"@type":"Organization","@id":"https:\/\/www.ipkb.gov.tr\/en\/#organization","name":"\u0130stanbul Valili\u011fi \u0130stanbul Proje Koordinasyon Birimi","url":"https:\/\/www.ipkb.gov.tr\/en\/","logo":{"@type":"ImageObject","inLanguage":"en-US","@id":"https:\/\/www.ipkb.gov.tr\/en\/#\/schema\/logo\/image\/","url":"https:\/\/www.ipkb.gov.tr\/wp-content\/uploads\/2019\/07\/ipkb_logo@2x.png","contentUrl":"https:\/\/www.ipkb.gov.tr\/wp-content\/uploads\/2019\/07\/ipkb_logo@2x.png","width":540,"height":224,"caption":"\u0130stanbul Valili\u011fi \u0130stanbul Proje Koordinasyon Birimi"},"image":{"@id":"https:\/\/www.ipkb.gov.tr\/en\/#\/schema\/logo\/image\/"},"sameAs":["https:\/\/www.facebook.com\/ipkbgovtr\/","https:\/\/x.com\/ipkbgovtr","https:\/\/www.linkedin.com\/company\/ipkb","https:\/\/www.youtube.com\/channel\/UC3tdflZ3LiqX46e1j8Ar7AQ"]}]}},"_links":{"self":[{"href":"https:\/\/www.ipkb.gov.tr\/en\/wp-json\/wp\/v2\/pages\/6113","targetHints":{"allow":["GET"]}}],"collection":[{"href":"https:\/\/www.ipkb.gov.tr\/en\/wp-json\/wp\/v2\/pages"}],"about":[{"href":"https:\/\/www.ipkb.gov.tr\/en\/wp-json\/wp\/v2\/types\/page"}],"author":[{"embeddable":true,"href":"https:\/\/www.ipkb.gov.tr\/en\/wp-json\/wp\/v2\/users\/2"}],"replies":[{"embeddable":true,"href":"https:\/\/www.ipkb.gov.tr\/en\/wp-json\/wp\/v2\/comments?post=6113"}],"version-history":[{"count":2,"href":"https:\/\/www.ipkb.gov.tr\/en\/wp-json\/wp\/v2\/pages\/6113\/revisions"}],"predecessor-version":[{"id":6729,"href":"https:\/\/www.ipkb.gov.tr\/en\/wp-json\/wp\/v2\/pages\/6113\/revisions\/6729"}],"up":[{"embeddable":true,"href":"https:\/\/www.ipkb.gov.tr\/en\/wp-json\/wp\/v2\/pages\/5814"}],"wp:attachment":[{"href":"https:\/\/www.ipkb.gov.tr\/en\/wp-json\/wp\/v2\/media?parent=6113"}],"curies":[{"name":"wp","href":"https:\/\/api.w.org\/{rel}","templated":true}]}}