{"id":6115,"date":"2019-05-09T10:10:09","date_gmt":"2019-05-09T07:10:09","guid":{"rendered":"https:\/\/www.ipkb.gov.tr\/?page_id=6115"},"modified":"2019-07-09T12:45:56","modified_gmt":"2019-07-09T09:45:56","slug":"zeynep-kamil-maternity-and-children-training-and-research-hospital","status":"publish","type":"page","link":"https:\/\/www.ipkb.gov.tr\/en\/what-is-ismep\/b-component\/retrofitting-works\/zeynep-kamil-maternity-and-children-training-and-research-hospital\/","title":{"rendered":"Zeynep Kamil Maternity and Children Training and Research Hospital"},"content":{"rendered":"<div class=\"embed-responsive  embed-responsive-16by9\"><iframe loading=\"lazy\" title=\"Zeynep Kamil Kad\u0131n ve \u00c7ocuk Hastal\u0131klar\u0131 E\u011fitim ve Ara\u015ft\u0131rma Hastanesi\" width=\"1140\" height=\"641\" src=\"https:\/\/www.youtube.com\/embed\/2UIVWm3Q9Cg?feature=oembed\" frameborder=\"0\" allow=\"accelerometer; autoplay; encrypted-media; gyroscope; picture-in-picture\" allowfullscreen><\/iframe><\/div>\n<p>Established in 1862 and healing people in Istanbul since then, Zeynep Kamil Maternity and Children Training and Research Hospital is an establishment described, by many residents of Istanbul, as \u201cthe hospital where I was born\u201d. The hospital, the first private charity organization in Istanbul, was assigned to Istanbul Municipality in 1933, and then to the Ministry of Health in 1982 to acquire its current status.<\/p>\n<p>As an important part of Istanbul not only in terms of healthcare but also the cultural heritage, Zeynep Kamil Hospital has faced multiple earthquakes throughout its history spanning over 150 years. Retrofitting and renovation works of this important health facility were completed on 30.12.2017 under a two-phase process.<\/p>\n<p>We performed and completed retrofitting works for Zeynep Kamil Maternity and Children Training and Research Hospital under projects which were put into effect and implemented without any interruption in existing health services.<\/p>\n<p>Along with works we performed in various blocks of the hospital, we also renovated the mess hall and conference halls, as well as the heating centre. As a result of works performed on an area of 30 thousand square meters in total, we not only provided the hospital have a modern identity but also increased its bed capacity.<\/p>\n<p>As a result of works performed in two phases, we increased total bed capacity to 352, of which 118 are qualified beds. As a result of such works, we also increased the operating room capacity to 10, preoperative preparation bed capacity to 5, and postoperative care bed capacity to 6. In addition, we increased intensive care bed capacity to 50, intensive care isolation bed capacity to 17, physician recreation room capacity to 45, nurse recreation room capacity to 34, and surgical asepsis unit capacity to 8.<\/p>\n<p>The oldest building in the existing hospital complex was built in 1958. As a result of its operations, IPCU delivered a modern, environmentally friendly, and technologically innovative hospital complex, to the people in Istanbul.<\/p>\n","protected":false},"excerpt":{"rendered":"<p>Established in 1862 and healing people in Istanbul since then, Zeynep Kamil Maternity and Children Training and Research Hospital is an establishment described, by many residents of Istanbul, as \u201cthe hospital where I was born\u201d. The hospital, the first private charity organization in Istanbul, was assigned to Istanbul Municipality in 1933, and then to the &hellip;<\/p>\n","protected":false},"author":2,"featured_media":0,"parent":5814,"menu_order":3,"comment_status":"closed","ping_status":"closed","template":"","meta":{"_acf_changed":false,"footnotes":""},"class_list":["post-6115","page","type-page","status-publish","hentry"],"acf":[],"yoast_head":"<!-- This site is optimized with the Yoast SEO plugin v27.4 - https:\/\/yoast.com\/product\/yoast-seo-wordpress\/ -->\n<title>Zeynep Kamil Maternity and Children Training and Research Hospital - Istanbul Project Coordination Unit<\/title>\n<meta name=\"robots\" content=\"index, follow, max-snippet:-1, max-image-preview:large, max-video-preview:-1\" \/>\n<link rel=\"canonical\" href=\"https:\/\/www.ipkb.gov.tr\/en\/what-is-ismep\/b-component\/retrofitting-works\/zeynep-kamil-maternity-and-children-training-and-research-hospital\/\" \/>\n<meta property=\"og:locale\" content=\"en_US\" \/>\n<meta property=\"og:type\" content=\"article\" \/>\n<meta property=\"og:title\" content=\"Zeynep Kamil Maternity and Children Training and Research Hospital - Istanbul Project Coordination Unit\" \/>\n<meta property=\"og:description\" content=\"Established in 1862 and healing people in Istanbul since then, Zeynep Kamil Maternity and Children Training and Research Hospital is an establishment described, by many residents of Istanbul, as \u201cthe hospital where I was born\u201d. The hospital, the first private charity organization in Istanbul, was assigned to Istanbul Municipality in 1933, and then to the &hellip;\" \/>\n<meta property=\"og:url\" content=\"https:\/\/www.ipkb.gov.tr\/en\/what-is-ismep\/b-component\/retrofitting-works\/zeynep-kamil-maternity-and-children-training-and-research-hospital\/\" \/>\n<meta property=\"og:site_name\" content=\"Istanbul Project Coordination Unit\" \/>\n<meta property=\"article:publisher\" content=\"https:\/\/www.facebook.com\/ipkbgovtr\/\" \/>\n<meta property=\"article:modified_time\" content=\"2019-07-09T09:45:56+00:00\" \/>\n<meta name=\"twitter:card\" content=\"summary_large_image\" \/>\n<meta name=\"twitter:site\" content=\"@ipkbgovtr\" \/>\n<meta name=\"twitter:label1\" content=\"Est. reading time\" \/>\n\t<meta name=\"twitter:data1\" content=\"2 minutes\" \/>\n<script type=\"application\/ld+json\" class=\"yoast-schema-graph\">{\"@context\":\"https:\\\/\\\/schema.org\",\"@graph\":[{\"@type\":\"WebPage\",\"@id\":\"https:\\\/\\\/www.ipkb.gov.tr\\\/en\\\/what-is-ismep\\\/b-component\\\/retrofitting-works\\\/zeynep-kamil-maternity-and-children-training-and-research-hospital\\\/\",\"url\":\"https:\\\/\\\/www.ipkb.gov.tr\\\/en\\\/what-is-ismep\\\/b-component\\\/retrofitting-works\\\/zeynep-kamil-maternity-and-children-training-and-research-hospital\\\/\",\"name\":\"Zeynep Kamil Maternity and Children Training and Research Hospital - Istanbul Project Coordination Unit\",\"isPartOf\":{\"@id\":\"https:\\\/\\\/www.ipkb.gov.tr\\\/en\\\/#website\"},\"datePublished\":\"2019-05-09T07:10:09+00:00\",\"dateModified\":\"2019-07-09T09:45:56+00:00\",\"breadcrumb\":{\"@id\":\"https:\\\/\\\/www.ipkb.gov.tr\\\/en\\\/what-is-ismep\\\/b-component\\\/retrofitting-works\\\/zeynep-kamil-maternity-and-children-training-and-research-hospital\\\/#breadcrumb\"},\"inLanguage\":\"en-US\",\"potentialAction\":[{\"@type\":\"ReadAction\",\"target\":[\"https:\\\/\\\/www.ipkb.gov.tr\\\/en\\\/what-is-ismep\\\/b-component\\\/retrofitting-works\\\/zeynep-kamil-maternity-and-children-training-and-research-hospital\\\/\"]}]},{\"@type\":\"BreadcrumbList\",\"@id\":\"https:\\\/\\\/www.ipkb.gov.tr\\\/en\\\/what-is-ismep\\\/b-component\\\/retrofitting-works\\\/zeynep-kamil-maternity-and-children-training-and-research-hospital\\\/#breadcrumb\",\"itemListElement\":[{\"@type\":\"ListItem\",\"position\":1,\"name\":\"Ana sayfa\",\"item\":\"https:\\\/\\\/www.ipkb.gov.tr\\\/en\\\/\"},{\"@type\":\"ListItem\",\"position\":2,\"name\":\"What is ISMEP?\",\"item\":\"https:\\\/\\\/www.ipkb.gov.tr\\\/en\\\/what-is-ismep\\\/\"},{\"@type\":\"ListItem\",\"position\":3,\"name\":\"B Component\",\"item\":\"https:\\\/\\\/www.ipkb.gov.tr\\\/en\\\/what-is-ismep\\\/b-component\\\/\"},{\"@type\":\"ListItem\",\"position\":4,\"name\":\"Retrofitting Works\",\"item\":\"https:\\\/\\\/www.ipkb.gov.tr\\\/en\\\/what-is-ismep\\\/b-component\\\/retrofitting-works\\\/\"},{\"@type\":\"ListItem\",\"position\":5,\"name\":\"Zeynep Kamil Maternity and Children Training and Research Hospital\"}]},{\"@type\":\"WebSite\",\"@id\":\"https:\\\/\\\/www.ipkb.gov.tr\\\/en\\\/#website\",\"url\":\"https:\\\/\\\/www.ipkb.gov.tr\\\/en\\\/\",\"name\":\"Istanbul Project Coordination Unit\",\"description\":\"We are Strengthening Our Future!\",\"publisher\":{\"@id\":\"https:\\\/\\\/www.ipkb.gov.tr\\\/en\\\/#organization\"},\"potentialAction\":[{\"@type\":\"SearchAction\",\"target\":{\"@type\":\"EntryPoint\",\"urlTemplate\":\"https:\\\/\\\/www.ipkb.gov.tr\\\/en\\\/?s={search_term_string}\"},\"query-input\":{\"@type\":\"PropertyValueSpecification\",\"valueRequired\":true,\"valueName\":\"search_term_string\"}}],\"inLanguage\":\"en-US\"},{\"@type\":\"Organization\",\"@id\":\"https:\\\/\\\/www.ipkb.gov.tr\\\/en\\\/#organization\",\"name\":\"\u0130stanbul Valili\u011fi \u0130stanbul Proje Koordinasyon Birimi\",\"url\":\"https:\\\/\\\/www.ipkb.gov.tr\\\/en\\\/\",\"logo\":{\"@type\":\"ImageObject\",\"inLanguage\":\"en-US\",\"@id\":\"https:\\\/\\\/www.ipkb.gov.tr\\\/en\\\/#\\\/schema\\\/logo\\\/image\\\/\",\"url\":\"https:\\\/\\\/www.ipkb.gov.tr\\\/wp-content\\\/uploads\\\/2019\\\/07\\\/ipkb_logo@2x.png\",\"contentUrl\":\"https:\\\/\\\/www.ipkb.gov.tr\\\/wp-content\\\/uploads\\\/2019\\\/07\\\/ipkb_logo@2x.png\",\"width\":540,\"height\":224,\"caption\":\"\u0130stanbul Valili\u011fi \u0130stanbul Proje Koordinasyon Birimi\"},\"image\":{\"@id\":\"https:\\\/\\\/www.ipkb.gov.tr\\\/en\\\/#\\\/schema\\\/logo\\\/image\\\/\"},\"sameAs\":[\"https:\\\/\\\/www.facebook.com\\\/ipkbgovtr\\\/\",\"https:\\\/\\\/x.com\\\/ipkbgovtr\",\"https:\\\/\\\/www.linkedin.com\\\/company\\\/ipkb\",\"https:\\\/\\\/www.youtube.com\\\/channel\\\/UC3tdflZ3LiqX46e1j8Ar7AQ\"]}]}<\/script>\n<!-- \/ Yoast SEO plugin. -->","yoast_head_json":{"title":"Zeynep Kamil Maternity and Children Training and Research Hospital - Istanbul Project Coordination Unit","robots":{"index":"index","follow":"follow","max-snippet":"max-snippet:-1","max-image-preview":"max-image-preview:large","max-video-preview":"max-video-preview:-1"},"canonical":"https:\/\/www.ipkb.gov.tr\/en\/what-is-ismep\/b-component\/retrofitting-works\/zeynep-kamil-maternity-and-children-training-and-research-hospital\/","og_locale":"en_US","og_type":"article","og_title":"Zeynep Kamil Maternity and Children Training and Research Hospital - Istanbul Project Coordination Unit","og_description":"Established in 1862 and healing people in Istanbul since then, Zeynep Kamil Maternity and Children Training and Research Hospital is an establishment described, by many residents of Istanbul, as \u201cthe hospital where I was born\u201d. The hospital, the first private charity organization in Istanbul, was assigned to Istanbul Municipality in 1933, and then to the &hellip;","og_url":"https:\/\/www.ipkb.gov.tr\/en\/what-is-ismep\/b-component\/retrofitting-works\/zeynep-kamil-maternity-and-children-training-and-research-hospital\/","og_site_name":"Istanbul Project Coordination Unit","article_publisher":"https:\/\/www.facebook.com\/ipkbgovtr\/","article_modified_time":"2019-07-09T09:45:56+00:00","twitter_card":"summary_large_image","twitter_site":"@ipkbgovtr","twitter_misc":{"Est. reading time":"2 minutes"},"schema":{"@context":"https:\/\/schema.org","@graph":[{"@type":"WebPage","@id":"https:\/\/www.ipkb.gov.tr\/en\/what-is-ismep\/b-component\/retrofitting-works\/zeynep-kamil-maternity-and-children-training-and-research-hospital\/","url":"https:\/\/www.ipkb.gov.tr\/en\/what-is-ismep\/b-component\/retrofitting-works\/zeynep-kamil-maternity-and-children-training-and-research-hospital\/","name":"Zeynep Kamil Maternity and Children Training and Research Hospital - Istanbul Project Coordination Unit","isPartOf":{"@id":"https:\/\/www.ipkb.gov.tr\/en\/#website"},"datePublished":"2019-05-09T07:10:09+00:00","dateModified":"2019-07-09T09:45:56+00:00","breadcrumb":{"@id":"https:\/\/www.ipkb.gov.tr\/en\/what-is-ismep\/b-component\/retrofitting-works\/zeynep-kamil-maternity-and-children-training-and-research-hospital\/#breadcrumb"},"inLanguage":"en-US","potentialAction":[{"@type":"ReadAction","target":["https:\/\/www.ipkb.gov.tr\/en\/what-is-ismep\/b-component\/retrofitting-works\/zeynep-kamil-maternity-and-children-training-and-research-hospital\/"]}]},{"@type":"BreadcrumbList","@id":"https:\/\/www.ipkb.gov.tr\/en\/what-is-ismep\/b-component\/retrofitting-works\/zeynep-kamil-maternity-and-children-training-and-research-hospital\/#breadcrumb","itemListElement":[{"@type":"ListItem","position":1,"name":"Ana sayfa","item":"https:\/\/www.ipkb.gov.tr\/en\/"},{"@type":"ListItem","position":2,"name":"What is ISMEP?","item":"https:\/\/www.ipkb.gov.tr\/en\/what-is-ismep\/"},{"@type":"ListItem","position":3,"name":"B Component","item":"https:\/\/www.ipkb.gov.tr\/en\/what-is-ismep\/b-component\/"},{"@type":"ListItem","position":4,"name":"Retrofitting Works","item":"https:\/\/www.ipkb.gov.tr\/en\/what-is-ismep\/b-component\/retrofitting-works\/"},{"@type":"ListItem","position":5,"name":"Zeynep Kamil Maternity and Children Training and Research Hospital"}]},{"@type":"WebSite","@id":"https:\/\/www.ipkb.gov.tr\/en\/#website","url":"https:\/\/www.ipkb.gov.tr\/en\/","name":"Istanbul Project Coordination Unit","description":"We are Strengthening Our Future!","publisher":{"@id":"https:\/\/www.ipkb.gov.tr\/en\/#organization"},"potentialAction":[{"@type":"SearchAction","target":{"@type":"EntryPoint","urlTemplate":"https:\/\/www.ipkb.gov.tr\/en\/?s={search_term_string}"},"query-input":{"@type":"PropertyValueSpecification","valueRequired":true,"valueName":"search_term_string"}}],"inLanguage":"en-US"},{"@type":"Organization","@id":"https:\/\/www.ipkb.gov.tr\/en\/#organization","name":"\u0130stanbul Valili\u011fi \u0130stanbul Proje Koordinasyon Birimi","url":"https:\/\/www.ipkb.gov.tr\/en\/","logo":{"@type":"ImageObject","inLanguage":"en-US","@id":"https:\/\/www.ipkb.gov.tr\/en\/#\/schema\/logo\/image\/","url":"https:\/\/www.ipkb.gov.tr\/wp-content\/uploads\/2019\/07\/ipkb_logo@2x.png","contentUrl":"https:\/\/www.ipkb.gov.tr\/wp-content\/uploads\/2019\/07\/ipkb_logo@2x.png","width":540,"height":224,"caption":"\u0130stanbul Valili\u011fi \u0130stanbul Proje Koordinasyon Birimi"},"image":{"@id":"https:\/\/www.ipkb.gov.tr\/en\/#\/schema\/logo\/image\/"},"sameAs":["https:\/\/www.facebook.com\/ipkbgovtr\/","https:\/\/x.com\/ipkbgovtr","https:\/\/www.linkedin.com\/company\/ipkb","https:\/\/www.youtube.com\/channel\/UC3tdflZ3LiqX46e1j8Ar7AQ"]}]}},"_links":{"self":[{"href":"https:\/\/www.ipkb.gov.tr\/en\/wp-json\/wp\/v2\/pages\/6115","targetHints":{"allow":["GET"]}}],"collection":[{"href":"https:\/\/www.ipkb.gov.tr\/en\/wp-json\/wp\/v2\/pages"}],"about":[{"href":"https:\/\/www.ipkb.gov.tr\/en\/wp-json\/wp\/v2\/types\/page"}],"author":[{"embeddable":true,"href":"https:\/\/www.ipkb.gov.tr\/en\/wp-json\/wp\/v2\/users\/2"}],"replies":[{"embeddable":true,"href":"https:\/\/www.ipkb.gov.tr\/en\/wp-json\/wp\/v2\/comments?post=6115"}],"version-history":[{"count":2,"href":"https:\/\/www.ipkb.gov.tr\/en\/wp-json\/wp\/v2\/pages\/6115\/revisions"}],"predecessor-version":[{"id":6730,"href":"https:\/\/www.ipkb.gov.tr\/en\/wp-json\/wp\/v2\/pages\/6115\/revisions\/6730"}],"up":[{"embeddable":true,"href":"https:\/\/www.ipkb.gov.tr\/en\/wp-json\/wp\/v2\/pages\/5814"}],"wp:attachment":[{"href":"https:\/\/www.ipkb.gov.tr\/en\/wp-json\/wp\/v2\/media?parent=6115"}],"curies":[{"name":"wp","href":"https:\/\/api.w.org\/{rel}","templated":true}]}}