{"id":6117,"date":"2019-05-09T10:14:59","date_gmt":"2019-05-09T07:14:59","guid":{"rendered":"https:\/\/www.ipkb.gov.tr\/?page_id=6117"},"modified":"2019-07-09T12:48:26","modified_gmt":"2019-07-09T09:48:26","slug":"other-public-institutions","status":"publish","type":"page","link":"https:\/\/www.ipkb.gov.tr\/en\/what-is-ismep\/b-component\/retrofitting-works\/other-public-institutions\/","title":{"rendered":"Other Public Institutions"},"content":{"rendered":"<p>Istanbul Project Coordination Unit\u2019s operations across Istanbul do not only cover retrofitting and reconstruction of hospitals and schools but also implementation of projects involving other public institutions.<\/p>\n<p>As a part of ISMEP Project, we have also completed retrofitting works for 28 dormitories so far. In retrofitting the dormitories, we did not only aimed to produce earthquake resistant buildings but also give the students from cities outside Istanbul the opportunity to enjoy a modern accommodation and education environment with many new facilities and features including the room design, conference and sports halls, mess halls, and landscaping.<\/p>\n<p>As a part of our retrofitting works, we also deliver earthquake resistant nurseries and women\u2019s shelters in addition to dormitory buildings. As a part of our retrofitting and repair works, we also prepare projects for buildings accommodating security forces in order to enable the security forces, which will play a critical role in case of an earthquake, to carry out their operations free of any problems.<\/p>\n","protected":false},"excerpt":{"rendered":"<p>Istanbul Project Coordination Unit\u2019s operations across Istanbul do not only cover retrofitting and reconstruction of hospitals and schools but also implementation of projects involving other public institutions. As a part of ISMEP Project, we have also completed retrofitting works for 28 dormitories so far. In retrofitting the dormitories, we did not only aimed to produce &hellip;<\/p>\n","protected":false},"author":2,"featured_media":4677,"parent":5814,"menu_order":4,"comment_status":"closed","ping_status":"closed","template":"","meta":{"_acf_changed":false,"footnotes":""},"class_list":["post-6117","page","type-page","status-publish","has-post-thumbnail","hentry"],"acf":[],"yoast_head":"<!-- This site is optimized with the Yoast SEO plugin v27.3 - https:\/\/yoast.com\/product\/yoast-seo-wordpress\/ -->\n<title>Other Public Institutions - Istanbul Project Coordination Unit<\/title>\n<meta name=\"robots\" content=\"index, follow, max-snippet:-1, max-image-preview:large, max-video-preview:-1\" \/>\n<link rel=\"canonical\" href=\"https:\/\/www.ipkb.gov.tr\/en\/what-is-ismep\/b-component\/retrofitting-works\/other-public-institutions\/\" \/>\n<meta property=\"og:locale\" content=\"en_US\" \/>\n<meta property=\"og:type\" content=\"article\" \/>\n<meta property=\"og:title\" content=\"Other Public Institutions - Istanbul Project Coordination Unit\" \/>\n<meta property=\"og:description\" content=\"Istanbul Project Coordination Unit\u2019s operations across Istanbul do not only cover retrofitting and reconstruction of hospitals and schools but also implementation of projects involving other public institutions. As a part of ISMEP Project, we have also completed retrofitting works for 28 dormitories so far. In retrofitting the dormitories, we did not only aimed to produce &hellip;\" \/>\n<meta property=\"og:url\" content=\"https:\/\/www.ipkb.gov.tr\/en\/what-is-ismep\/b-component\/retrofitting-works\/other-public-institutions\/\" \/>\n<meta property=\"og:site_name\" content=\"Istanbul Project Coordination Unit\" \/>\n<meta property=\"article:publisher\" content=\"https:\/\/www.facebook.com\/ipkbgovtr\/\" \/>\n<meta property=\"article:modified_time\" content=\"2019-07-09T09:48:26+00:00\" \/>\n<meta property=\"og:image\" content=\"https:\/\/www.ipkb.gov.tr\/wp-content\/uploads\/2018\/10\/diger_kamu_kurumlari.jpg\" \/>\n\t<meta property=\"og:image:width\" content=\"640\" \/>\n\t<meta property=\"og:image:height\" content=\"425\" \/>\n\t<meta property=\"og:image:type\" content=\"image\/jpeg\" \/>\n<meta name=\"twitter:card\" content=\"summary_large_image\" \/>\n<meta name=\"twitter:site\" content=\"@ipkbgovtr\" \/>\n<meta name=\"twitter:label1\" content=\"Est. reading time\" \/>\n\t<meta name=\"twitter:data1\" content=\"1 minute\" \/>\n<script type=\"application\/ld+json\" class=\"yoast-schema-graph\">{\"@context\":\"https:\\\/\\\/schema.org\",\"@graph\":[{\"@type\":\"WebPage\",\"@id\":\"https:\\\/\\\/www.ipkb.gov.tr\\\/en\\\/what-is-ismep\\\/b-component\\\/retrofitting-works\\\/other-public-institutions\\\/\",\"url\":\"https:\\\/\\\/www.ipkb.gov.tr\\\/en\\\/what-is-ismep\\\/b-component\\\/retrofitting-works\\\/other-public-institutions\\\/\",\"name\":\"Other Public Institutions - Istanbul Project Coordination Unit\",\"isPartOf\":{\"@id\":\"https:\\\/\\\/www.ipkb.gov.tr\\\/en\\\/#website\"},\"primaryImageOfPage\":{\"@id\":\"https:\\\/\\\/www.ipkb.gov.tr\\\/en\\\/what-is-ismep\\\/b-component\\\/retrofitting-works\\\/other-public-institutions\\\/#primaryimage\"},\"image\":{\"@id\":\"https:\\\/\\\/www.ipkb.gov.tr\\\/en\\\/what-is-ismep\\\/b-component\\\/retrofitting-works\\\/other-public-institutions\\\/#primaryimage\"},\"thumbnailUrl\":\"https:\\\/\\\/www.ipkb.gov.tr\\\/wp-content\\\/uploads\\\/2018\\\/10\\\/diger_kamu_kurumlari.jpg\",\"datePublished\":\"2019-05-09T07:14:59+00:00\",\"dateModified\":\"2019-07-09T09:48:26+00:00\",\"breadcrumb\":{\"@id\":\"https:\\\/\\\/www.ipkb.gov.tr\\\/en\\\/what-is-ismep\\\/b-component\\\/retrofitting-works\\\/other-public-institutions\\\/#breadcrumb\"},\"inLanguage\":\"en-US\",\"potentialAction\":[{\"@type\":\"ReadAction\",\"target\":[\"https:\\\/\\\/www.ipkb.gov.tr\\\/en\\\/what-is-ismep\\\/b-component\\\/retrofitting-works\\\/other-public-institutions\\\/\"]}]},{\"@type\":\"ImageObject\",\"inLanguage\":\"en-US\",\"@id\":\"https:\\\/\\\/www.ipkb.gov.tr\\\/en\\\/what-is-ismep\\\/b-component\\\/retrofitting-works\\\/other-public-institutions\\\/#primaryimage\",\"url\":\"https:\\\/\\\/www.ipkb.gov.tr\\\/wp-content\\\/uploads\\\/2018\\\/10\\\/diger_kamu_kurumlari.jpg\",\"contentUrl\":\"https:\\\/\\\/www.ipkb.gov.tr\\\/wp-content\\\/uploads\\\/2018\\\/10\\\/diger_kamu_kurumlari.jpg\",\"width\":640,\"height\":425,\"caption\":\"????????????????????????????????????\"},{\"@type\":\"BreadcrumbList\",\"@id\":\"https:\\\/\\\/www.ipkb.gov.tr\\\/en\\\/what-is-ismep\\\/b-component\\\/retrofitting-works\\\/other-public-institutions\\\/#breadcrumb\",\"itemListElement\":[{\"@type\":\"ListItem\",\"position\":1,\"name\":\"Ana sayfa\",\"item\":\"https:\\\/\\\/www.ipkb.gov.tr\\\/en\\\/\"},{\"@type\":\"ListItem\",\"position\":2,\"name\":\"What is ISMEP?\",\"item\":\"https:\\\/\\\/www.ipkb.gov.tr\\\/en\\\/what-is-ismep\\\/\"},{\"@type\":\"ListItem\",\"position\":3,\"name\":\"B Component\",\"item\":\"https:\\\/\\\/www.ipkb.gov.tr\\\/en\\\/what-is-ismep\\\/b-component\\\/\"},{\"@type\":\"ListItem\",\"position\":4,\"name\":\"Retrofitting Works\",\"item\":\"https:\\\/\\\/www.ipkb.gov.tr\\\/en\\\/what-is-ismep\\\/b-component\\\/retrofitting-works\\\/\"},{\"@type\":\"ListItem\",\"position\":5,\"name\":\"Other Public Institutions\"}]},{\"@type\":\"WebSite\",\"@id\":\"https:\\\/\\\/www.ipkb.gov.tr\\\/en\\\/#website\",\"url\":\"https:\\\/\\\/www.ipkb.gov.tr\\\/en\\\/\",\"name\":\"Istanbul Project Coordination Unit\",\"description\":\"We are Strengthening Our Future!\",\"publisher\":{\"@id\":\"https:\\\/\\\/www.ipkb.gov.tr\\\/en\\\/#organization\"},\"potentialAction\":[{\"@type\":\"SearchAction\",\"target\":{\"@type\":\"EntryPoint\",\"urlTemplate\":\"https:\\\/\\\/www.ipkb.gov.tr\\\/en\\\/?s={search_term_string}\"},\"query-input\":{\"@type\":\"PropertyValueSpecification\",\"valueRequired\":true,\"valueName\":\"search_term_string\"}}],\"inLanguage\":\"en-US\"},{\"@type\":\"Organization\",\"@id\":\"https:\\\/\\\/www.ipkb.gov.tr\\\/en\\\/#organization\",\"name\":\"\u0130stanbul Valili\u011fi \u0130stanbul Proje Koordinasyon Birimi\",\"url\":\"https:\\\/\\\/www.ipkb.gov.tr\\\/en\\\/\",\"logo\":{\"@type\":\"ImageObject\",\"inLanguage\":\"en-US\",\"@id\":\"https:\\\/\\\/www.ipkb.gov.tr\\\/en\\\/#\\\/schema\\\/logo\\\/image\\\/\",\"url\":\"https:\\\/\\\/www.ipkb.gov.tr\\\/wp-content\\\/uploads\\\/2019\\\/07\\\/ipkb_logo@2x.png\",\"contentUrl\":\"https:\\\/\\\/www.ipkb.gov.tr\\\/wp-content\\\/uploads\\\/2019\\\/07\\\/ipkb_logo@2x.png\",\"width\":540,\"height\":224,\"caption\":\"\u0130stanbul Valili\u011fi \u0130stanbul Proje Koordinasyon Birimi\"},\"image\":{\"@id\":\"https:\\\/\\\/www.ipkb.gov.tr\\\/en\\\/#\\\/schema\\\/logo\\\/image\\\/\"},\"sameAs\":[\"https:\\\/\\\/www.facebook.com\\\/ipkbgovtr\\\/\",\"https:\\\/\\\/x.com\\\/ipkbgovtr\",\"https:\\\/\\\/www.linkedin.com\\\/company\\\/ipkb\",\"https:\\\/\\\/www.youtube.com\\\/channel\\\/UC3tdflZ3LiqX46e1j8Ar7AQ\"]}]}<\/script>\n<!-- \/ Yoast SEO plugin. -->","yoast_head_json":{"title":"Other Public Institutions - Istanbul Project Coordination Unit","robots":{"index":"index","follow":"follow","max-snippet":"max-snippet:-1","max-image-preview":"max-image-preview:large","max-video-preview":"max-video-preview:-1"},"canonical":"https:\/\/www.ipkb.gov.tr\/en\/what-is-ismep\/b-component\/retrofitting-works\/other-public-institutions\/","og_locale":"en_US","og_type":"article","og_title":"Other Public Institutions - Istanbul Project Coordination Unit","og_description":"Istanbul Project Coordination Unit\u2019s operations across Istanbul do not only cover retrofitting and reconstruction of hospitals and schools but also implementation of projects involving other public institutions. As a part of ISMEP Project, we have also completed retrofitting works for 28 dormitories so far. In retrofitting the dormitories, we did not only aimed to produce &hellip;","og_url":"https:\/\/www.ipkb.gov.tr\/en\/what-is-ismep\/b-component\/retrofitting-works\/other-public-institutions\/","og_site_name":"Istanbul Project Coordination Unit","article_publisher":"https:\/\/www.facebook.com\/ipkbgovtr\/","article_modified_time":"2019-07-09T09:48:26+00:00","og_image":[{"width":640,"height":425,"url":"https:\/\/www.ipkb.gov.tr\/wp-content\/uploads\/2018\/10\/diger_kamu_kurumlari.jpg","type":"image\/jpeg"}],"twitter_card":"summary_large_image","twitter_site":"@ipkbgovtr","twitter_misc":{"Est. reading time":"1 minute"},"schema":{"@context":"https:\/\/schema.org","@graph":[{"@type":"WebPage","@id":"https:\/\/www.ipkb.gov.tr\/en\/what-is-ismep\/b-component\/retrofitting-works\/other-public-institutions\/","url":"https:\/\/www.ipkb.gov.tr\/en\/what-is-ismep\/b-component\/retrofitting-works\/other-public-institutions\/","name":"Other Public Institutions - Istanbul Project Coordination Unit","isPartOf":{"@id":"https:\/\/www.ipkb.gov.tr\/en\/#website"},"primaryImageOfPage":{"@id":"https:\/\/www.ipkb.gov.tr\/en\/what-is-ismep\/b-component\/retrofitting-works\/other-public-institutions\/#primaryimage"},"image":{"@id":"https:\/\/www.ipkb.gov.tr\/en\/what-is-ismep\/b-component\/retrofitting-works\/other-public-institutions\/#primaryimage"},"thumbnailUrl":"https:\/\/www.ipkb.gov.tr\/wp-content\/uploads\/2018\/10\/diger_kamu_kurumlari.jpg","datePublished":"2019-05-09T07:14:59+00:00","dateModified":"2019-07-09T09:48:26+00:00","breadcrumb":{"@id":"https:\/\/www.ipkb.gov.tr\/en\/what-is-ismep\/b-component\/retrofitting-works\/other-public-institutions\/#breadcrumb"},"inLanguage":"en-US","potentialAction":[{"@type":"ReadAction","target":["https:\/\/www.ipkb.gov.tr\/en\/what-is-ismep\/b-component\/retrofitting-works\/other-public-institutions\/"]}]},{"@type":"ImageObject","inLanguage":"en-US","@id":"https:\/\/www.ipkb.gov.tr\/en\/what-is-ismep\/b-component\/retrofitting-works\/other-public-institutions\/#primaryimage","url":"https:\/\/www.ipkb.gov.tr\/wp-content\/uploads\/2018\/10\/diger_kamu_kurumlari.jpg","contentUrl":"https:\/\/www.ipkb.gov.tr\/wp-content\/uploads\/2018\/10\/diger_kamu_kurumlari.jpg","width":640,"height":425,"caption":"????????????????????????????????????"},{"@type":"BreadcrumbList","@id":"https:\/\/www.ipkb.gov.tr\/en\/what-is-ismep\/b-component\/retrofitting-works\/other-public-institutions\/#breadcrumb","itemListElement":[{"@type":"ListItem","position":1,"name":"Ana sayfa","item":"https:\/\/www.ipkb.gov.tr\/en\/"},{"@type":"ListItem","position":2,"name":"What is ISMEP?","item":"https:\/\/www.ipkb.gov.tr\/en\/what-is-ismep\/"},{"@type":"ListItem","position":3,"name":"B Component","item":"https:\/\/www.ipkb.gov.tr\/en\/what-is-ismep\/b-component\/"},{"@type":"ListItem","position":4,"name":"Retrofitting Works","item":"https:\/\/www.ipkb.gov.tr\/en\/what-is-ismep\/b-component\/retrofitting-works\/"},{"@type":"ListItem","position":5,"name":"Other Public Institutions"}]},{"@type":"WebSite","@id":"https:\/\/www.ipkb.gov.tr\/en\/#website","url":"https:\/\/www.ipkb.gov.tr\/en\/","name":"Istanbul Project Coordination Unit","description":"We are Strengthening Our Future!","publisher":{"@id":"https:\/\/www.ipkb.gov.tr\/en\/#organization"},"potentialAction":[{"@type":"SearchAction","target":{"@type":"EntryPoint","urlTemplate":"https:\/\/www.ipkb.gov.tr\/en\/?s={search_term_string}"},"query-input":{"@type":"PropertyValueSpecification","valueRequired":true,"valueName":"search_term_string"}}],"inLanguage":"en-US"},{"@type":"Organization","@id":"https:\/\/www.ipkb.gov.tr\/en\/#organization","name":"\u0130stanbul Valili\u011fi \u0130stanbul Proje Koordinasyon Birimi","url":"https:\/\/www.ipkb.gov.tr\/en\/","logo":{"@type":"ImageObject","inLanguage":"en-US","@id":"https:\/\/www.ipkb.gov.tr\/en\/#\/schema\/logo\/image\/","url":"https:\/\/www.ipkb.gov.tr\/wp-content\/uploads\/2019\/07\/ipkb_logo@2x.png","contentUrl":"https:\/\/www.ipkb.gov.tr\/wp-content\/uploads\/2019\/07\/ipkb_logo@2x.png","width":540,"height":224,"caption":"\u0130stanbul Valili\u011fi \u0130stanbul Proje Koordinasyon Birimi"},"image":{"@id":"https:\/\/www.ipkb.gov.tr\/en\/#\/schema\/logo\/image\/"},"sameAs":["https:\/\/www.facebook.com\/ipkbgovtr\/","https:\/\/x.com\/ipkbgovtr","https:\/\/www.linkedin.com\/company\/ipkb","https:\/\/www.youtube.com\/channel\/UC3tdflZ3LiqX46e1j8Ar7AQ"]}]}},"_links":{"self":[{"href":"https:\/\/www.ipkb.gov.tr\/en\/wp-json\/wp\/v2\/pages\/6117","targetHints":{"allow":["GET"]}}],"collection":[{"href":"https:\/\/www.ipkb.gov.tr\/en\/wp-json\/wp\/v2\/pages"}],"about":[{"href":"https:\/\/www.ipkb.gov.tr\/en\/wp-json\/wp\/v2\/types\/page"}],"author":[{"embeddable":true,"href":"https:\/\/www.ipkb.gov.tr\/en\/wp-json\/wp\/v2\/users\/2"}],"replies":[{"embeddable":true,"href":"https:\/\/www.ipkb.gov.tr\/en\/wp-json\/wp\/v2\/comments?post=6117"}],"version-history":[{"count":4,"href":"https:\/\/www.ipkb.gov.tr\/en\/wp-json\/wp\/v2\/pages\/6117\/revisions"}],"predecessor-version":[{"id":6731,"href":"https:\/\/www.ipkb.gov.tr\/en\/wp-json\/wp\/v2\/pages\/6117\/revisions\/6731"}],"up":[{"embeddable":true,"href":"https:\/\/www.ipkb.gov.tr\/en\/wp-json\/wp\/v2\/pages\/5814"}],"wp:featuredmedia":[{"embeddable":true,"href":"https:\/\/www.ipkb.gov.tr\/en\/wp-json\/wp\/v2\/media\/4677"}],"wp:attachment":[{"href":"https:\/\/www.ipkb.gov.tr\/en\/wp-json\/wp\/v2\/media?parent=6117"}],"curies":[{"name":"wp","href":"https:\/\/api.w.org\/{rel}","templated":true}]}}