{"id":6149,"date":"2019-05-09T11:25:50","date_gmt":"2019-05-09T08:25:50","guid":{"rendered":"https:\/\/www.ipkb.gov.tr\/?page_id=6149"},"modified":"2019-05-09T11:25:50","modified_gmt":"2019-05-09T08:25:50","slug":"schools-are-demolished-and-reconstructed-according-to-most-recent-applicable-regulations-to-resist-an-earthquake","status":"publish","type":"page","link":"https:\/\/www.ipkb.gov.tr\/en\/what-is-ismep\/b-component\/reconstruction\/schools-are-demolished-and-reconstructed-according-to-most-recent-applicable-regulations-to-resist-an-earthquake\/","title":{"rendered":"Schools are Demolished and Reconstructed According to Most Recent Applicable Regulations to Resist an Earthquake"},"content":{"rendered":"<p>Schools to be reconstructed are designed with an innovative approach in line with the site conditions, and with a view to best fit the architectural and historical fabric. Surely, not only will the reconstructed schools provide earthquake-safe, environmentally and energy friendly school solutions, but they will also offer education to a greater number of students in spacious classrooms and areas.<\/p>\n<p>Projects designed with innovative approaches feature:<\/p>\n<ul>\n<li>Spaces to be used in case of a disaster and emergency, as well as safe spaces equipped with proper technical equipments according to applicable regulations,<\/li>\n<li>Amenity spaces which prompt research, discovery, experiment, playing, and socializing,<\/li>\n<li>Easy to use and clean hygienic spaces for a better health.<\/li>\n<\/ul>\n<p>Constructed according to recent electrical, mechanical, and fire regulations, these schools also feature building automation systems, and electricity and fuel saving measures are duly taken into account in selection of all materials and systems.<\/p>\n","protected":false},"excerpt":{"rendered":"<p>Schools to be reconstructed are designed with an innovative approach in line with the site conditions, and with a view to best fit the architectural and historical fabric. Surely, not only will the reconstructed schools provide earthquake-safe, environmentally and energy friendly school solutions, but they will also offer education to a greater number of students &hellip;<\/p>\n","protected":false},"author":2,"featured_media":5296,"parent":5850,"menu_order":1,"comment_status":"closed","ping_status":"closed","template":"","meta":{"_acf_changed":false,"footnotes":""},"class_list":["post-6149","page","type-page","status-publish","has-post-thumbnail","hentry"],"acf":[],"yoast_head":"<!-- This site is optimized with the Yoast SEO plugin v27.3 - https:\/\/yoast.com\/product\/yoast-seo-wordpress\/ -->\n<title>Schools are Demolished and Reconstructed According to Most Recent Applicable Regulations to Resist an Earthquake - Istanbul Project Coordination Unit<\/title>\n<meta name=\"robots\" content=\"index, follow, max-snippet:-1, max-image-preview:large, max-video-preview:-1\" \/>\n<link rel=\"canonical\" href=\"https:\/\/www.ipkb.gov.tr\/en\/what-is-ismep\/b-component\/reconstruction\/schools-are-demolished-and-reconstructed-according-to-most-recent-applicable-regulations-to-resist-an-earthquake\/\" \/>\n<meta property=\"og:locale\" content=\"en_US\" \/>\n<meta property=\"og:type\" content=\"article\" \/>\n<meta property=\"og:title\" content=\"Schools are Demolished and Reconstructed According to Most Recent Applicable Regulations to Resist an Earthquake - Istanbul Project Coordination Unit\" \/>\n<meta property=\"og:description\" content=\"Schools to be reconstructed are designed with an innovative approach in line with the site conditions, and with a view to best fit the architectural and historical fabric. Surely, not only will the reconstructed schools provide earthquake-safe, environmentally and energy friendly school solutions, but they will also offer education to a greater number of students &hellip;\" \/>\n<meta property=\"og:url\" content=\"https:\/\/www.ipkb.gov.tr\/en\/what-is-ismep\/b-component\/reconstruction\/schools-are-demolished-and-reconstructed-according-to-most-recent-applicable-regulations-to-resist-an-earthquake\/\" \/>\n<meta property=\"og:site_name\" content=\"Istanbul Project Coordination Unit\" \/>\n<meta property=\"article:publisher\" content=\"https:\/\/www.facebook.com\/ipkbgovtr\/\" \/>\n<meta property=\"og:image\" content=\"https:\/\/www.ipkb.gov.tr\/wp-content\/uploads\/2019\/02\/yeniden-yapim-okullar.jpg\" \/>\n\t<meta property=\"og:image:width\" content=\"974\" \/>\n\t<meta property=\"og:image:height\" content=\"508\" \/>\n\t<meta property=\"og:image:type\" content=\"image\/jpeg\" \/>\n<meta name=\"twitter:card\" content=\"summary_large_image\" \/>\n<meta name=\"twitter:site\" content=\"@ipkbgovtr\" \/>\n<meta name=\"twitter:label1\" content=\"Est. reading time\" \/>\n\t<meta name=\"twitter:data1\" content=\"1 minute\" \/>\n<script type=\"application\/ld+json\" class=\"yoast-schema-graph\">{\"@context\":\"https:\\\/\\\/schema.org\",\"@graph\":[{\"@type\":\"WebPage\",\"@id\":\"https:\\\/\\\/www.ipkb.gov.tr\\\/en\\\/what-is-ismep\\\/b-component\\\/reconstruction\\\/schools-are-demolished-and-reconstructed-according-to-most-recent-applicable-regulations-to-resist-an-earthquake\\\/\",\"url\":\"https:\\\/\\\/www.ipkb.gov.tr\\\/en\\\/what-is-ismep\\\/b-component\\\/reconstruction\\\/schools-are-demolished-and-reconstructed-according-to-most-recent-applicable-regulations-to-resist-an-earthquake\\\/\",\"name\":\"Schools are Demolished and Reconstructed According to Most Recent Applicable Regulations to Resist an Earthquake - Istanbul Project Coordination Unit\",\"isPartOf\":{\"@id\":\"https:\\\/\\\/www.ipkb.gov.tr\\\/en\\\/#website\"},\"primaryImageOfPage\":{\"@id\":\"https:\\\/\\\/www.ipkb.gov.tr\\\/en\\\/what-is-ismep\\\/b-component\\\/reconstruction\\\/schools-are-demolished-and-reconstructed-according-to-most-recent-applicable-regulations-to-resist-an-earthquake\\\/#primaryimage\"},\"image\":{\"@id\":\"https:\\\/\\\/www.ipkb.gov.tr\\\/en\\\/what-is-ismep\\\/b-component\\\/reconstruction\\\/schools-are-demolished-and-reconstructed-according-to-most-recent-applicable-regulations-to-resist-an-earthquake\\\/#primaryimage\"},\"thumbnailUrl\":\"https:\\\/\\\/www.ipkb.gov.tr\\\/wp-content\\\/uploads\\\/2019\\\/02\\\/yeniden-yapim-okullar.jpg\",\"datePublished\":\"2019-05-09T08:25:50+00:00\",\"breadcrumb\":{\"@id\":\"https:\\\/\\\/www.ipkb.gov.tr\\\/en\\\/what-is-ismep\\\/b-component\\\/reconstruction\\\/schools-are-demolished-and-reconstructed-according-to-most-recent-applicable-regulations-to-resist-an-earthquake\\\/#breadcrumb\"},\"inLanguage\":\"en-US\",\"potentialAction\":[{\"@type\":\"ReadAction\",\"target\":[\"https:\\\/\\\/www.ipkb.gov.tr\\\/en\\\/what-is-ismep\\\/b-component\\\/reconstruction\\\/schools-are-demolished-and-reconstructed-according-to-most-recent-applicable-regulations-to-resist-an-earthquake\\\/\"]}]},{\"@type\":\"ImageObject\",\"inLanguage\":\"en-US\",\"@id\":\"https:\\\/\\\/www.ipkb.gov.tr\\\/en\\\/what-is-ismep\\\/b-component\\\/reconstruction\\\/schools-are-demolished-and-reconstructed-according-to-most-recent-applicable-regulations-to-resist-an-earthquake\\\/#primaryimage\",\"url\":\"https:\\\/\\\/www.ipkb.gov.tr\\\/wp-content\\\/uploads\\\/2019\\\/02\\\/yeniden-yapim-okullar.jpg\",\"contentUrl\":\"https:\\\/\\\/www.ipkb.gov.tr\\\/wp-content\\\/uploads\\\/2019\\\/02\\\/yeniden-yapim-okullar.jpg\",\"width\":974,\"height\":508},{\"@type\":\"BreadcrumbList\",\"@id\":\"https:\\\/\\\/www.ipkb.gov.tr\\\/en\\\/what-is-ismep\\\/b-component\\\/reconstruction\\\/schools-are-demolished-and-reconstructed-according-to-most-recent-applicable-regulations-to-resist-an-earthquake\\\/#breadcrumb\",\"itemListElement\":[{\"@type\":\"ListItem\",\"position\":1,\"name\":\"Ana sayfa\",\"item\":\"https:\\\/\\\/www.ipkb.gov.tr\\\/en\\\/\"},{\"@type\":\"ListItem\",\"position\":2,\"name\":\"What is ISMEP?\",\"item\":\"https:\\\/\\\/www.ipkb.gov.tr\\\/en\\\/what-is-ismep\\\/\"},{\"@type\":\"ListItem\",\"position\":3,\"name\":\"B Component\",\"item\":\"https:\\\/\\\/www.ipkb.gov.tr\\\/en\\\/what-is-ismep\\\/b-component\\\/\"},{\"@type\":\"ListItem\",\"position\":4,\"name\":\"Reconstruction Works\",\"item\":\"https:\\\/\\\/www.ipkb.gov.tr\\\/en\\\/what-is-ismep\\\/b-component\\\/reconstruction\\\/\"},{\"@type\":\"ListItem\",\"position\":5,\"name\":\"Schools are Demolished and Reconstructed According to Most Recent Applicable Regulations to Resist an Earthquake\"}]},{\"@type\":\"WebSite\",\"@id\":\"https:\\\/\\\/www.ipkb.gov.tr\\\/en\\\/#website\",\"url\":\"https:\\\/\\\/www.ipkb.gov.tr\\\/en\\\/\",\"name\":\"Istanbul Project Coordination Unit\",\"description\":\"We are Strengthening Our Future!\",\"publisher\":{\"@id\":\"https:\\\/\\\/www.ipkb.gov.tr\\\/en\\\/#organization\"},\"potentialAction\":[{\"@type\":\"SearchAction\",\"target\":{\"@type\":\"EntryPoint\",\"urlTemplate\":\"https:\\\/\\\/www.ipkb.gov.tr\\\/en\\\/?s={search_term_string}\"},\"query-input\":{\"@type\":\"PropertyValueSpecification\",\"valueRequired\":true,\"valueName\":\"search_term_string\"}}],\"inLanguage\":\"en-US\"},{\"@type\":\"Organization\",\"@id\":\"https:\\\/\\\/www.ipkb.gov.tr\\\/en\\\/#organization\",\"name\":\"\u0130stanbul Valili\u011fi \u0130stanbul Proje Koordinasyon Birimi\",\"url\":\"https:\\\/\\\/www.ipkb.gov.tr\\\/en\\\/\",\"logo\":{\"@type\":\"ImageObject\",\"inLanguage\":\"en-US\",\"@id\":\"https:\\\/\\\/www.ipkb.gov.tr\\\/en\\\/#\\\/schema\\\/logo\\\/image\\\/\",\"url\":\"https:\\\/\\\/www.ipkb.gov.tr\\\/wp-content\\\/uploads\\\/2019\\\/07\\\/ipkb_logo@2x.png\",\"contentUrl\":\"https:\\\/\\\/www.ipkb.gov.tr\\\/wp-content\\\/uploads\\\/2019\\\/07\\\/ipkb_logo@2x.png\",\"width\":540,\"height\":224,\"caption\":\"\u0130stanbul Valili\u011fi \u0130stanbul Proje Koordinasyon Birimi\"},\"image\":{\"@id\":\"https:\\\/\\\/www.ipkb.gov.tr\\\/en\\\/#\\\/schema\\\/logo\\\/image\\\/\"},\"sameAs\":[\"https:\\\/\\\/www.facebook.com\\\/ipkbgovtr\\\/\",\"https:\\\/\\\/x.com\\\/ipkbgovtr\",\"https:\\\/\\\/www.linkedin.com\\\/company\\\/ipkb\",\"https:\\\/\\\/www.youtube.com\\\/channel\\\/UC3tdflZ3LiqX46e1j8Ar7AQ\"]}]}<\/script>\n<!-- \/ Yoast SEO plugin. -->","yoast_head_json":{"title":"Schools are Demolished and Reconstructed According to Most Recent Applicable Regulations to Resist an Earthquake - Istanbul Project Coordination Unit","robots":{"index":"index","follow":"follow","max-snippet":"max-snippet:-1","max-image-preview":"max-image-preview:large","max-video-preview":"max-video-preview:-1"},"canonical":"https:\/\/www.ipkb.gov.tr\/en\/what-is-ismep\/b-component\/reconstruction\/schools-are-demolished-and-reconstructed-according-to-most-recent-applicable-regulations-to-resist-an-earthquake\/","og_locale":"en_US","og_type":"article","og_title":"Schools are Demolished and Reconstructed According to Most Recent Applicable Regulations to Resist an Earthquake - Istanbul Project Coordination Unit","og_description":"Schools to be reconstructed are designed with an innovative approach in line with the site conditions, and with a view to best fit the architectural and historical fabric. Surely, not only will the reconstructed schools provide earthquake-safe, environmentally and energy friendly school solutions, but they will also offer education to a greater number of students &hellip;","og_url":"https:\/\/www.ipkb.gov.tr\/en\/what-is-ismep\/b-component\/reconstruction\/schools-are-demolished-and-reconstructed-according-to-most-recent-applicable-regulations-to-resist-an-earthquake\/","og_site_name":"Istanbul Project Coordination Unit","article_publisher":"https:\/\/www.facebook.com\/ipkbgovtr\/","og_image":[{"width":974,"height":508,"url":"https:\/\/www.ipkb.gov.tr\/wp-content\/uploads\/2019\/02\/yeniden-yapim-okullar.jpg","type":"image\/jpeg"}],"twitter_card":"summary_large_image","twitter_site":"@ipkbgovtr","twitter_misc":{"Est. reading time":"1 minute"},"schema":{"@context":"https:\/\/schema.org","@graph":[{"@type":"WebPage","@id":"https:\/\/www.ipkb.gov.tr\/en\/what-is-ismep\/b-component\/reconstruction\/schools-are-demolished-and-reconstructed-according-to-most-recent-applicable-regulations-to-resist-an-earthquake\/","url":"https:\/\/www.ipkb.gov.tr\/en\/what-is-ismep\/b-component\/reconstruction\/schools-are-demolished-and-reconstructed-according-to-most-recent-applicable-regulations-to-resist-an-earthquake\/","name":"Schools are Demolished and Reconstructed According to Most Recent Applicable Regulations to Resist an Earthquake - Istanbul Project Coordination Unit","isPartOf":{"@id":"https:\/\/www.ipkb.gov.tr\/en\/#website"},"primaryImageOfPage":{"@id":"https:\/\/www.ipkb.gov.tr\/en\/what-is-ismep\/b-component\/reconstruction\/schools-are-demolished-and-reconstructed-according-to-most-recent-applicable-regulations-to-resist-an-earthquake\/#primaryimage"},"image":{"@id":"https:\/\/www.ipkb.gov.tr\/en\/what-is-ismep\/b-component\/reconstruction\/schools-are-demolished-and-reconstructed-according-to-most-recent-applicable-regulations-to-resist-an-earthquake\/#primaryimage"},"thumbnailUrl":"https:\/\/www.ipkb.gov.tr\/wp-content\/uploads\/2019\/02\/yeniden-yapim-okullar.jpg","datePublished":"2019-05-09T08:25:50+00:00","breadcrumb":{"@id":"https:\/\/www.ipkb.gov.tr\/en\/what-is-ismep\/b-component\/reconstruction\/schools-are-demolished-and-reconstructed-according-to-most-recent-applicable-regulations-to-resist-an-earthquake\/#breadcrumb"},"inLanguage":"en-US","potentialAction":[{"@type":"ReadAction","target":["https:\/\/www.ipkb.gov.tr\/en\/what-is-ismep\/b-component\/reconstruction\/schools-are-demolished-and-reconstructed-according-to-most-recent-applicable-regulations-to-resist-an-earthquake\/"]}]},{"@type":"ImageObject","inLanguage":"en-US","@id":"https:\/\/www.ipkb.gov.tr\/en\/what-is-ismep\/b-component\/reconstruction\/schools-are-demolished-and-reconstructed-according-to-most-recent-applicable-regulations-to-resist-an-earthquake\/#primaryimage","url":"https:\/\/www.ipkb.gov.tr\/wp-content\/uploads\/2019\/02\/yeniden-yapim-okullar.jpg","contentUrl":"https:\/\/www.ipkb.gov.tr\/wp-content\/uploads\/2019\/02\/yeniden-yapim-okullar.jpg","width":974,"height":508},{"@type":"BreadcrumbList","@id":"https:\/\/www.ipkb.gov.tr\/en\/what-is-ismep\/b-component\/reconstruction\/schools-are-demolished-and-reconstructed-according-to-most-recent-applicable-regulations-to-resist-an-earthquake\/#breadcrumb","itemListElement":[{"@type":"ListItem","position":1,"name":"Ana sayfa","item":"https:\/\/www.ipkb.gov.tr\/en\/"},{"@type":"ListItem","position":2,"name":"What is ISMEP?","item":"https:\/\/www.ipkb.gov.tr\/en\/what-is-ismep\/"},{"@type":"ListItem","position":3,"name":"B Component","item":"https:\/\/www.ipkb.gov.tr\/en\/what-is-ismep\/b-component\/"},{"@type":"ListItem","position":4,"name":"Reconstruction Works","item":"https:\/\/www.ipkb.gov.tr\/en\/what-is-ismep\/b-component\/reconstruction\/"},{"@type":"ListItem","position":5,"name":"Schools are Demolished and Reconstructed According to Most Recent Applicable Regulations to Resist an Earthquake"}]},{"@type":"WebSite","@id":"https:\/\/www.ipkb.gov.tr\/en\/#website","url":"https:\/\/www.ipkb.gov.tr\/en\/","name":"Istanbul Project Coordination Unit","description":"We are Strengthening Our Future!","publisher":{"@id":"https:\/\/www.ipkb.gov.tr\/en\/#organization"},"potentialAction":[{"@type":"SearchAction","target":{"@type":"EntryPoint","urlTemplate":"https:\/\/www.ipkb.gov.tr\/en\/?s={search_term_string}"},"query-input":{"@type":"PropertyValueSpecification","valueRequired":true,"valueName":"search_term_string"}}],"inLanguage":"en-US"},{"@type":"Organization","@id":"https:\/\/www.ipkb.gov.tr\/en\/#organization","name":"\u0130stanbul Valili\u011fi \u0130stanbul Proje Koordinasyon Birimi","url":"https:\/\/www.ipkb.gov.tr\/en\/","logo":{"@type":"ImageObject","inLanguage":"en-US","@id":"https:\/\/www.ipkb.gov.tr\/en\/#\/schema\/logo\/image\/","url":"https:\/\/www.ipkb.gov.tr\/wp-content\/uploads\/2019\/07\/ipkb_logo@2x.png","contentUrl":"https:\/\/www.ipkb.gov.tr\/wp-content\/uploads\/2019\/07\/ipkb_logo@2x.png","width":540,"height":224,"caption":"\u0130stanbul Valili\u011fi \u0130stanbul Proje Koordinasyon Birimi"},"image":{"@id":"https:\/\/www.ipkb.gov.tr\/en\/#\/schema\/logo\/image\/"},"sameAs":["https:\/\/www.facebook.com\/ipkbgovtr\/","https:\/\/x.com\/ipkbgovtr","https:\/\/www.linkedin.com\/company\/ipkb","https:\/\/www.youtube.com\/channel\/UC3tdflZ3LiqX46e1j8Ar7AQ"]}]}},"_links":{"self":[{"href":"https:\/\/www.ipkb.gov.tr\/en\/wp-json\/wp\/v2\/pages\/6149","targetHints":{"allow":["GET"]}}],"collection":[{"href":"https:\/\/www.ipkb.gov.tr\/en\/wp-json\/wp\/v2\/pages"}],"about":[{"href":"https:\/\/www.ipkb.gov.tr\/en\/wp-json\/wp\/v2\/types\/page"}],"author":[{"embeddable":true,"href":"https:\/\/www.ipkb.gov.tr\/en\/wp-json\/wp\/v2\/users\/2"}],"replies":[{"embeddable":true,"href":"https:\/\/www.ipkb.gov.tr\/en\/wp-json\/wp\/v2\/comments?post=6149"}],"version-history":[{"count":2,"href":"https:\/\/www.ipkb.gov.tr\/en\/wp-json\/wp\/v2\/pages\/6149\/revisions"}],"predecessor-version":[{"id":6152,"href":"https:\/\/www.ipkb.gov.tr\/en\/wp-json\/wp\/v2\/pages\/6149\/revisions\/6152"}],"up":[{"embeddable":true,"href":"https:\/\/www.ipkb.gov.tr\/en\/wp-json\/wp\/v2\/pages\/5850"}],"wp:featuredmedia":[{"embeddable":true,"href":"https:\/\/www.ipkb.gov.tr\/en\/wp-json\/wp\/v2\/media\/5296"}],"wp:attachment":[{"href":"https:\/\/www.ipkb.gov.tr\/en\/wp-json\/wp\/v2\/media?parent=6149"}],"curies":[{"name":"wp","href":"https:\/\/api.w.org\/{rel}","templated":true}]}}