{"id":6327,"date":"2019-05-17T11:31:44","date_gmt":"2019-05-17T08:31:44","guid":{"rendered":"https:\/\/www.ipkb.gov.tr\/?page_id=6327"},"modified":"2022-06-06T14:43:23","modified_gmt":"2022-06-06T11:43:23","slug":"meditation-commission","status":"publish","type":"page","link":"https:\/\/www.ipkb.gov.tr\/en\/meditation-commission\/","title":{"rendered":"Meditation Commission"},"content":{"rendered":"<h1 style=\"text-align: center;\">REPUBLIC OF T\u00dcRK\u0130YE<br \/>\nISTANBUL GOVERNORSHIP<br \/>\nISTANBUL PROJECT COORDINATION UNIT<br \/>\nMEDITATION COMMISSION<\/h1>\n<p>&nbsp;<\/p>\n<p>According to Article 15\/8 under the heading: \u201cExecution of Mediation Procedures\u201d of Law No. 6325 on Mediation in Legal Disputes, and the applicable provision of Article 18 \u201cRepresentation of the Administration\u201d of Regulation on Law on Mediation in Legal Disputes which reads: \u201cthe administration will be represented by a commission comprised of the chief of legal unit or a lawyer or legal advisor to be designated by such chief and 2 members to be designated by the top executive\u201d, a Mediation Commission is constituted to represent our Administration for resolution of any private law disputes arising out of or in connection with any acts or actions involving our Administration through Istanbul Project Cooperation Unit, on which parties may exercise their free discretion.<\/p>\n<p>Pursuant to the applicable provision: \u201cthe administration shall, within one month from effective date of this Regulation, publish on its website the address, registered electronic mail address, and phone numbers for service of any invitations for mediation\u201d as defined under Paragraph 2, Article 18 of the Regulation on Law on Mediation in Legal Disputes as published in the Official Journal No. 3439 dated 02.06.2018, please kindly note that the contact details of the Mediation Commission are as follows:<\/p>\n<p>&nbsp;<\/p>\n<table>\n<tbody>\n<tr>\n<td width=\"150\">Phone<\/td>\n<td>: 0216 505 55 00<\/td>\n<\/tr>\n<tr>\n<td>Fax<\/td>\n<td>: 0216 225 04 85<\/td>\n<\/tr>\n<tr>\n<td>E-mail<\/td>\n<td>: info@ipkb.gov.tr<\/td>\n<\/tr>\n<tr>\n<td>Address<\/td>\n<td>: K\u0131s\u0131kl\u0131 Mahallesi Alemda\u011f Yan Yolu Caddesi<br \/>\nNo: 6 34692 \u00dcsk\u00fcdar, \u0130stanbul<\/td>\n<\/tr>\n<\/tbody>\n<\/table>\n","protected":false},"excerpt":{"rendered":"<p>REPUBLIC OF T\u00dcRK\u0130YE ISTANBUL GOVERNORSHIP ISTANBUL PROJECT COORDINATION UNIT MEDITATION COMMISSION &nbsp; According to Article 15\/8 under the heading: \u201cExecution of Mediation Procedures\u201d of Law No. 6325 on Mediation in Legal Disputes, and the applicable provision of Article 18 \u201cRepresentation of the Administration\u201d of Regulation on Law on Mediation in Legal Disputes which reads: \u201cthe &hellip;<\/p>\n","protected":false},"author":1,"featured_media":0,"parent":0,"menu_order":0,"comment_status":"closed","ping_status":"closed","template":"","meta":{"_acf_changed":false,"footnotes":""},"class_list":["post-6327","page","type-page","status-publish","hentry"],"acf":[],"yoast_head":"<!-- This site is optimized with the Yoast SEO plugin v27.4 - https:\/\/yoast.com\/product\/yoast-seo-wordpress\/ -->\n<title>Meditation Commission - Istanbul Project Coordination Unit<\/title>\n<meta name=\"robots\" content=\"index, follow, max-snippet:-1, max-image-preview:large, max-video-preview:-1\" \/>\n<link rel=\"canonical\" href=\"https:\/\/www.ipkb.gov.tr\/en\/meditation-commission\/\" \/>\n<meta property=\"og:locale\" content=\"en_US\" \/>\n<meta property=\"og:type\" content=\"article\" \/>\n<meta property=\"og:title\" content=\"Meditation Commission - Istanbul Project Coordination Unit\" \/>\n<meta property=\"og:description\" content=\"REPUBLIC OF T\u00dcRK\u0130YE ISTANBUL GOVERNORSHIP ISTANBUL PROJECT COORDINATION UNIT MEDITATION COMMISSION &nbsp; According to Article 15\/8 under the heading: \u201cExecution of Mediation Procedures\u201d of Law No. 6325 on Mediation in Legal Disputes, and the applicable provision of Article 18 \u201cRepresentation of the Administration\u201d of Regulation on Law on Mediation in Legal Disputes which reads: \u201cthe &hellip;\" \/>\n<meta property=\"og:url\" content=\"https:\/\/www.ipkb.gov.tr\/en\/meditation-commission\/\" \/>\n<meta property=\"og:site_name\" content=\"Istanbul Project Coordination Unit\" \/>\n<meta property=\"article:publisher\" content=\"https:\/\/www.facebook.com\/ipkbgovtr\/\" \/>\n<meta property=\"article:modified_time\" content=\"2022-06-06T11:43:23+00:00\" \/>\n<meta name=\"twitter:card\" content=\"summary_large_image\" \/>\n<meta name=\"twitter:site\" content=\"@ipkbgovtr\" \/>\n<meta name=\"twitter:label1\" content=\"Est. reading time\" \/>\n\t<meta name=\"twitter:data1\" content=\"1 minute\" \/>\n<script type=\"application\/ld+json\" class=\"yoast-schema-graph\">{\"@context\":\"https:\\\/\\\/schema.org\",\"@graph\":[{\"@type\":\"WebPage\",\"@id\":\"https:\\\/\\\/www.ipkb.gov.tr\\\/en\\\/meditation-commission\\\/\",\"url\":\"https:\\\/\\\/www.ipkb.gov.tr\\\/en\\\/meditation-commission\\\/\",\"name\":\"Meditation Commission - Istanbul Project Coordination Unit\",\"isPartOf\":{\"@id\":\"https:\\\/\\\/www.ipkb.gov.tr\\\/en\\\/#website\"},\"datePublished\":\"2019-05-17T08:31:44+00:00\",\"dateModified\":\"2022-06-06T11:43:23+00:00\",\"breadcrumb\":{\"@id\":\"https:\\\/\\\/www.ipkb.gov.tr\\\/en\\\/meditation-commission\\\/#breadcrumb\"},\"inLanguage\":\"en-US\",\"potentialAction\":[{\"@type\":\"ReadAction\",\"target\":[\"https:\\\/\\\/www.ipkb.gov.tr\\\/en\\\/meditation-commission\\\/\"]}]},{\"@type\":\"BreadcrumbList\",\"@id\":\"https:\\\/\\\/www.ipkb.gov.tr\\\/en\\\/meditation-commission\\\/#breadcrumb\",\"itemListElement\":[{\"@type\":\"ListItem\",\"position\":1,\"name\":\"Ana sayfa\",\"item\":\"https:\\\/\\\/www.ipkb.gov.tr\\\/en\\\/\"},{\"@type\":\"ListItem\",\"position\":2,\"name\":\"Meditation Commission\"}]},{\"@type\":\"WebSite\",\"@id\":\"https:\\\/\\\/www.ipkb.gov.tr\\\/en\\\/#website\",\"url\":\"https:\\\/\\\/www.ipkb.gov.tr\\\/en\\\/\",\"name\":\"Istanbul Project Coordination Unit\",\"description\":\"We are Strengthening Our Future!\",\"publisher\":{\"@id\":\"https:\\\/\\\/www.ipkb.gov.tr\\\/en\\\/#organization\"},\"potentialAction\":[{\"@type\":\"SearchAction\",\"target\":{\"@type\":\"EntryPoint\",\"urlTemplate\":\"https:\\\/\\\/www.ipkb.gov.tr\\\/en\\\/?s={search_term_string}\"},\"query-input\":{\"@type\":\"PropertyValueSpecification\",\"valueRequired\":true,\"valueName\":\"search_term_string\"}}],\"inLanguage\":\"en-US\"},{\"@type\":\"Organization\",\"@id\":\"https:\\\/\\\/www.ipkb.gov.tr\\\/en\\\/#organization\",\"name\":\"\u0130stanbul Valili\u011fi \u0130stanbul Proje Koordinasyon Birimi\",\"url\":\"https:\\\/\\\/www.ipkb.gov.tr\\\/en\\\/\",\"logo\":{\"@type\":\"ImageObject\",\"inLanguage\":\"en-US\",\"@id\":\"https:\\\/\\\/www.ipkb.gov.tr\\\/en\\\/#\\\/schema\\\/logo\\\/image\\\/\",\"url\":\"https:\\\/\\\/www.ipkb.gov.tr\\\/wp-content\\\/uploads\\\/2019\\\/07\\\/ipkb_logo@2x.png\",\"contentUrl\":\"https:\\\/\\\/www.ipkb.gov.tr\\\/wp-content\\\/uploads\\\/2019\\\/07\\\/ipkb_logo@2x.png\",\"width\":540,\"height\":224,\"caption\":\"\u0130stanbul Valili\u011fi \u0130stanbul Proje Koordinasyon Birimi\"},\"image\":{\"@id\":\"https:\\\/\\\/www.ipkb.gov.tr\\\/en\\\/#\\\/schema\\\/logo\\\/image\\\/\"},\"sameAs\":[\"https:\\\/\\\/www.facebook.com\\\/ipkbgovtr\\\/\",\"https:\\\/\\\/x.com\\\/ipkbgovtr\",\"https:\\\/\\\/www.linkedin.com\\\/company\\\/ipkb\",\"https:\\\/\\\/www.youtube.com\\\/channel\\\/UC3tdflZ3LiqX46e1j8Ar7AQ\"]}]}<\/script>\n<!-- \/ Yoast SEO plugin. -->","yoast_head_json":{"title":"Meditation Commission - Istanbul Project Coordination Unit","robots":{"index":"index","follow":"follow","max-snippet":"max-snippet:-1","max-image-preview":"max-image-preview:large","max-video-preview":"max-video-preview:-1"},"canonical":"https:\/\/www.ipkb.gov.tr\/en\/meditation-commission\/","og_locale":"en_US","og_type":"article","og_title":"Meditation Commission - Istanbul Project Coordination Unit","og_description":"REPUBLIC OF T\u00dcRK\u0130YE ISTANBUL GOVERNORSHIP ISTANBUL PROJECT COORDINATION UNIT MEDITATION COMMISSION &nbsp; According to Article 15\/8 under the heading: \u201cExecution of Mediation Procedures\u201d of Law No. 6325 on Mediation in Legal Disputes, and the applicable provision of Article 18 \u201cRepresentation of the Administration\u201d of Regulation on Law on Mediation in Legal Disputes which reads: \u201cthe &hellip;","og_url":"https:\/\/www.ipkb.gov.tr\/en\/meditation-commission\/","og_site_name":"Istanbul Project Coordination Unit","article_publisher":"https:\/\/www.facebook.com\/ipkbgovtr\/","article_modified_time":"2022-06-06T11:43:23+00:00","twitter_card":"summary_large_image","twitter_site":"@ipkbgovtr","twitter_misc":{"Est. reading time":"1 minute"},"schema":{"@context":"https:\/\/schema.org","@graph":[{"@type":"WebPage","@id":"https:\/\/www.ipkb.gov.tr\/en\/meditation-commission\/","url":"https:\/\/www.ipkb.gov.tr\/en\/meditation-commission\/","name":"Meditation Commission - Istanbul Project Coordination Unit","isPartOf":{"@id":"https:\/\/www.ipkb.gov.tr\/en\/#website"},"datePublished":"2019-05-17T08:31:44+00:00","dateModified":"2022-06-06T11:43:23+00:00","breadcrumb":{"@id":"https:\/\/www.ipkb.gov.tr\/en\/meditation-commission\/#breadcrumb"},"inLanguage":"en-US","potentialAction":[{"@type":"ReadAction","target":["https:\/\/www.ipkb.gov.tr\/en\/meditation-commission\/"]}]},{"@type":"BreadcrumbList","@id":"https:\/\/www.ipkb.gov.tr\/en\/meditation-commission\/#breadcrumb","itemListElement":[{"@type":"ListItem","position":1,"name":"Ana sayfa","item":"https:\/\/www.ipkb.gov.tr\/en\/"},{"@type":"ListItem","position":2,"name":"Meditation Commission"}]},{"@type":"WebSite","@id":"https:\/\/www.ipkb.gov.tr\/en\/#website","url":"https:\/\/www.ipkb.gov.tr\/en\/","name":"Istanbul Project Coordination Unit","description":"We are Strengthening Our Future!","publisher":{"@id":"https:\/\/www.ipkb.gov.tr\/en\/#organization"},"potentialAction":[{"@type":"SearchAction","target":{"@type":"EntryPoint","urlTemplate":"https:\/\/www.ipkb.gov.tr\/en\/?s={search_term_string}"},"query-input":{"@type":"PropertyValueSpecification","valueRequired":true,"valueName":"search_term_string"}}],"inLanguage":"en-US"},{"@type":"Organization","@id":"https:\/\/www.ipkb.gov.tr\/en\/#organization","name":"\u0130stanbul Valili\u011fi \u0130stanbul Proje Koordinasyon Birimi","url":"https:\/\/www.ipkb.gov.tr\/en\/","logo":{"@type":"ImageObject","inLanguage":"en-US","@id":"https:\/\/www.ipkb.gov.tr\/en\/#\/schema\/logo\/image\/","url":"https:\/\/www.ipkb.gov.tr\/wp-content\/uploads\/2019\/07\/ipkb_logo@2x.png","contentUrl":"https:\/\/www.ipkb.gov.tr\/wp-content\/uploads\/2019\/07\/ipkb_logo@2x.png","width":540,"height":224,"caption":"\u0130stanbul Valili\u011fi \u0130stanbul Proje Koordinasyon Birimi"},"image":{"@id":"https:\/\/www.ipkb.gov.tr\/en\/#\/schema\/logo\/image\/"},"sameAs":["https:\/\/www.facebook.com\/ipkbgovtr\/","https:\/\/x.com\/ipkbgovtr","https:\/\/www.linkedin.com\/company\/ipkb","https:\/\/www.youtube.com\/channel\/UC3tdflZ3LiqX46e1j8Ar7AQ"]}]}},"_links":{"self":[{"href":"https:\/\/www.ipkb.gov.tr\/en\/wp-json\/wp\/v2\/pages\/6327","targetHints":{"allow":["GET"]}}],"collection":[{"href":"https:\/\/www.ipkb.gov.tr\/en\/wp-json\/wp\/v2\/pages"}],"about":[{"href":"https:\/\/www.ipkb.gov.tr\/en\/wp-json\/wp\/v2\/types\/page"}],"author":[{"embeddable":true,"href":"https:\/\/www.ipkb.gov.tr\/en\/wp-json\/wp\/v2\/users\/1"}],"replies":[{"embeddable":true,"href":"https:\/\/www.ipkb.gov.tr\/en\/wp-json\/wp\/v2\/comments?post=6327"}],"version-history":[{"count":3,"href":"https:\/\/www.ipkb.gov.tr\/en\/wp-json\/wp\/v2\/pages\/6327\/revisions"}],"predecessor-version":[{"id":9100,"href":"https:\/\/www.ipkb.gov.tr\/en\/wp-json\/wp\/v2\/pages\/6327\/revisions\/9100"}],"wp:attachment":[{"href":"https:\/\/www.ipkb.gov.tr\/en\/wp-json\/wp\/v2\/media?parent=6327"}],"curies":[{"name":"wp","href":"https:\/\/api.w.org\/{rel}","templated":true}]}}